{"id":997,"date":"2012-04-04T11:34:57","date_gmt":"2012-04-04T11:34:57","guid":{"rendered":"https:\/\/paulocolmain.com\/?page_id=997"},"modified":"2013-10-11T18:56:34","modified_gmt":"2013-10-11T18:56:34","slug":"ireland","status":"publish","type":"page","link":"https:\/\/paulocolmain.com\/?page_id=997","title":{"rendered":"Ireland"},"content":{"rendered":"<p>C\u00fapla leathanach as mo leabhair\u00edn\u00ed. Some image from my notebooks&#8230;<p class=\"jetpack-slideshow-noscript robots-nocontent\">This slideshow requires JavaScript.<\/p><div id=\"gallery-997-1-slideshow\" class=\"slideshow-window jetpack-slideshow slideshow-black\" data-trans=\"fade\" data-autostart=\"1\" data-gallery=\"[{&quot;src&quot;:&quot;https:\\\/\\\/paulocolmain.com\\\/wp-content\\\/uploads\\\/2012\\\/04\\\/Birch.jpg&quot;,&quot;id&quot;:&quot;1725&quot;,&quot;title&quot;:&quot;Birch&quot;,&quot;alt&quot;:&quot;&quot;,&quot;caption&quot;:&quot;&quot;,&quot;itemprop&quot;:&quot;image&quot;},{&quot;src&quot;:&quot;https:\\\/\\\/paulocolmain.com\\\/wp-content\\\/uploads\\\/2012\\\/04\\\/Bofin-Sound1.jpg&quot;,&quot;id&quot;:&quot;1728&quot;,&quot;title&quot;:&quot;Bofin Sound1&quot;,&quot;alt&quot;:&quot;&quot;,&quot;caption&quot;:&quot;&quot;,&quot;itemprop&quot;:&quot;image&quot;},{&quot;src&quot;:&quot;https:\\\/\\\/paulocolmain.com\\\/wp-content\\\/uploads\\\/2012\\\/04\\\/clearing.jpg&quot;,&quot;id&quot;:&quot;1730&quot;,&quot;title&quot;:&quot;clearing&quot;,&quot;alt&quot;:&quot;&quot;,&quot;caption&quot;:&quot;&quot;,&quot;itemprop&quot;:&quot;image&quot;},{&quot;src&quot;:&quot;https:\\\/\\\/paulocolmain.com\\\/wp-content\\\/uploads\\\/2012\\\/04\\\/drumlin.jpg&quot;,&quot;id&quot;:&quot;1726&quot;,&quot;title&quot;:&quot;drumlin&quot;,&quot;alt&quot;:&quot;&quot;,&quot;caption&quot;:&quot;&quot;,&quot;itemprop&quot;:&quot;image&quot;},{&quot;src&quot;:&quot;https:\\\/\\\/paulocolmain.com\\\/wp-content\\\/uploads\\\/2012\\\/04\\\/Bofin-boat2.jpg&quot;,&quot;id&quot;:&quot;1727&quot;,&quot;title&quot;:&quot;Bofin boat2&quot;,&quot;alt&quot;:&quot;&quot;,&quot;caption&quot;:&quot;&quot;,&quot;itemprop&quot;:&quot;image&quot;},{&quot;src&quot;:&quot;https:\\\/\\\/paulocolmain.com\\\/wp-content\\\/uploads\\\/2012\\\/04\\\/Bofin-Sound2.jpg&quot;,&quot;id&quot;:&quot;1729&quot;,&quot;title&quot;:&quot;Bofin Sound2&quot;,&quot;alt&quot;:&quot;&quot;,&quot;caption&quot;:&quot;&quot;,&quot;itemprop&quot;:&quot;image&quot;},{&quot;src&quot;:&quot;https:\\\/\\\/paulocolmain.com\\\/wp-content\\\/uploads\\\/2012\\\/04\\\/Cleggan-Bay.jpg&quot;,&quot;id&quot;:&quot;1731&quot;,&quot;title&quot;:&quot;Cleggan Bay&quot;,&quot;alt&quot;:&quot;&quot;,&quot;caption&quot;:&quot;&quot;,&quot;itemprop&quot;:&quot;image&quot;},{&quot;src&quot;:&quot;https:\\\/\\\/paulocolmain.com\\\/wp-content\\\/uploads\\\/2012\\\/04\\\/Cnoic\\u00edn-Beag.jpg&quot;,&quot;id&quot;:&quot;1732&quot;,&quot;title&quot;:&quot;Cnoic\\u00edn Beag&quot;,&quot;alt&quot;:&quot;&quot;,&quot;caption&quot;:&quot;&quot;,&quot;itemprop&quot;:&quot;image&quot;},{&quot;src&quot;:&quot;https:\\\/\\\/paulocolmain.com\\\/wp-content\\\/uploads\\\/2012\\\/04\\\/Connemara-lake.jpg&quot;,&quot;id&quot;:&quot;1733&quot;,&quot;title&quot;:&quot;Connemara lake&quot;,&quot;alt&quot;:&quot;&quot;,&quot;caption&quot;:&quot;&quot;,&quot;itemprop&quot;:&quot;image&quot;},{&quot;src&quot;:&quot;https:\\\/\\\/paulocolmain.com\\\/wp-content\\\/uploads\\\/2012\\\/04\\\/Connemara-lake2.jpg&quot;,&quot;id&quot;:&quot;1734&quot;,&quot;title&quot;:&quot;Connemara lake2&quot;,&quot;alt&quot;:&quot;&quot;,&quot;caption&quot;:&quot;&quot;,&quot;itemprop&quot;:&quot;image&quot;},{&quot;src&quot;:&quot;https:\\\/\\\/paulocolmain.com\\\/wp-content\\\/uploads\\\/2012\\\/04\\\/Dark-path.jpg&quot;,&quot;id&quot;:&quot;1735&quot;,&quot;title&quot;:&quot;Dark path&quot;,&quot;alt&quot;:&quot;&quot;,&quot;caption&quot;:&quot;&quot;,&quot;itemprop&quot;:&quot;image&quot;},{&quot;src&quot;:&quot;https:\\\/\\\/paulocolmain.com\\\/wp-content\\\/uploads\\\/2012\\\/04\\\/Fuchsia.jpg&quot;,&quot;id&quot;:&quot;1737&quot;,&quot;title&quot;:&quot;Fuchsia&quot;,&quot;alt&quot;:&quot;&quot;,&quot;caption&quot;:&quot;&quot;,&quot;itemprop&quot;:&quot;image&quot;},{&quot;src&quot;:&quot;https:\\\/\\\/paulocolmain.com\\\/wp-content\\\/uploads\\\/2012\\\/04\\\/Inisbofin.jpg&quot;,&quot;id&quot;:&quot;1738&quot;,&quot;title&quot;:&quot;Inisbofin&quot;,&quot;alt&quot;:&quot;&quot;,&quot;caption&quot;:&quot;&quot;,&quot;itemprop&quot;:&quot;image&quot;},{&quot;src&quot;:&quot;https:\\\/\\\/paulocolmain.com\\\/wp-content\\\/uploads\\\/2012\\\/04\\\/Inch.jpg&quot;,&quot;id&quot;:&quot;1739&quot;,&quot;title&quot;:&quot;Inch&quot;,&quot;alt&quot;:&quot;&quot;,&quot;caption&quot;:&quot;&quot;,&quot;itemprop&quot;:&quot;image&quot;},{&quot;src&quot;:&quot;https:\\\/\\\/paulocolmain.com\\\/wp-content\\\/uploads\\\/2012\\\/04\\\/Low-road.jpg&quot;,&quot;id&quot;:&quot;1740&quot;,&quot;title&quot;:&quot;Low road&quot;,&quot;alt&quot;:&quot;&quot;,&quot;caption&quot;:&quot;&quot;,&quot;itemprop&quot;:&quot;image&quot;},{&quot;src&quot;:&quot;https:\\\/\\\/paulocolmain.com\\\/wp-content\\\/uploads\\\/2012\\\/04\\\/Derrylahard1.jpg&quot;,&quot;id&quot;:&quot;1736&quot;,&quot;title&quot;:&quot;Derrylahard1&quot;,&quot;alt&quot;:&quot;&quot;,&quot;caption&quot;:&quot;&quot;,&quot;itemprop&quot;:&quot;image&quot;},{&quot;src&quot;:&quot;https:\\\/\\\/paulocolmain.com\\\/wp-content\\\/uploads\\\/2012\\\/04\\\/Loch-L\\u00e9in.jpg&quot;,&quot;id&quot;:&quot;1741&quot;,&quot;title&quot;:&quot;Loch L\\u00e9in&quot;,&quot;alt&quot;:&quot;&quot;,&quot;caption&quot;:&quot;&quot;,&quot;itemprop&quot;:&quot;image&quot;},{&quot;src&quot;:&quot;https:\\\/\\\/paulocolmain.com\\\/wp-content\\\/uploads\\\/2012\\\/04\\\/Pines.jpg&quot;,&quot;id&quot;:&quot;1742&quot;,&quot;title&quot;:&quot;Pines&quot;,&quot;alt&quot;:&quot;&quot;,&quot;caption&quot;:&quot;&quot;,&quot;itemprop&quot;:&quot;image&quot;},{&quot;src&quot;:&quot;https:\\\/\\\/paulocolmain.com\\\/wp-content\\\/uploads\\\/2012\\\/04\\\/Mt.Kid1_.jpg&quot;,&quot;id&quot;:&quot;1743&quot;,&quot;title&quot;:&quot;Mt.Kid1&quot;,&quot;alt&quot;:&quot;&quot;,&quot;caption&quot;:&quot;I Log na gCapall (In the Hollow of the Horses) ink&quot;,&quot;itemprop&quot;:&quot;image&quot;},{&quot;src&quot;:&quot;https:\\\/\\\/paulocolmain.com\\\/wp-content\\\/uploads\\\/2012\\\/04\\\/MtGabriel1.jpg&quot;,&quot;id&quot;:&quot;1744&quot;,&quot;title&quot;:&quot;MtGabriel1&quot;,&quot;alt&quot;:&quot;&quot;,&quot;caption&quot;:&quot;&quot;,&quot;itemprop&quot;:&quot;image&quot;},{&quot;src&quot;:&quot;https:\\\/\\\/paulocolmain.com\\\/wp-content\\\/uploads\\\/2012\\\/04\\\/Rathdooneybeg1.jpg&quot;,&quot;id&quot;:&quot;1745&quot;,&quot;title&quot;:&quot;Rathdooneybeg1&quot;,&quot;alt&quot;:&quot;&quot;,&quot;caption&quot;:&quot;&quot;,&quot;itemprop&quot;:&quot;image&quot;},{&quot;src&quot;:&quot;https:\\\/\\\/paulocolmain.com\\\/wp-content\\\/uploads\\\/2012\\\/04\\\/Causeway-Coast1_fxd.jpg&quot;,&quot;id&quot;:&quot;1750&quot;,&quot;title&quot;:&quot;Causeway Coast1_fxd&quot;,&quot;alt&quot;:&quot;&quot;,&quot;caption&quot;:&quot;&quot;,&quot;itemprop&quot;:&quot;image&quot;},{&quot;src&quot;:&quot;https:\\\/\\\/paulocolmain.com\\\/wp-content\\\/uploads\\\/2012\\\/04\\\/Road1.jpg&quot;,&quot;id&quot;:&quot;1746&quot;,&quot;title&quot;:&quot;Road1&quot;,&quot;alt&quot;:&quot;&quot;,&quot;caption&quot;:&quot;&quot;,&quot;itemprop&quot;:&quot;image&quot;},{&quot;src&quot;:&quot;https:\\\/\\\/paulocolmain.com\\\/wp-content\\\/uploads\\\/2012\\\/04\\\/Shells.jpg&quot;,&quot;id&quot;:&quot;1747&quot;,&quot;title&quot;:&quot;Shells&quot;,&quot;alt&quot;:&quot;&quot;,&quot;caption&quot;:&quot;&quot;,&quot;itemprop&quot;:&quot;image&quot;},{&quot;src&quot;:&quot;https:\\\/\\\/paulocolmain.com\\\/wp-content\\\/uploads\\\/2012\\\/04\\\/three-fields.jpg&quot;,&quot;id&quot;:&quot;1748&quot;,&quot;title&quot;:&quot;three fields&quot;,&quot;alt&quot;:&quot;&quot;,&quot;caption&quot;:&quot;&quot;,&quot;itemprop&quot;:&quot;image&quot;},{&quot;src&quot;:&quot;https:\\\/\\\/paulocolmain.com\\\/wp-content\\\/uploads\\\/2012\\\/04\\\/3crooked_monsters_fxd.jpg&quot;,&quot;id&quot;:&quot;1749&quot;,&quot;title&quot;:&quot;3crooked_monsters_fxd&quot;,&quot;alt&quot;:&quot;&quot;,&quot;caption&quot;:&quot;&quot;,&quot;itemprop&quot;:&quot;image&quot;},{&quot;src&quot;:&quot;https:\\\/\\\/paulocolmain.com\\\/wp-content\\\/uploads\\\/2012\\\/04\\\/rook-head_fxd.jpg&quot;,&quot;id&quot;:&quot;1751&quot;,&quot;title&quot;:&quot;rook head_fxd&quot;,&quot;alt&quot;:&quot;&quot;,&quot;caption&quot;:&quot;&quot;,&quot;itemprop&quot;:&quot;image&quot;},{&quot;src&quot;:&quot;https:\\\/\\\/paulocolmain.com\\\/wp-content\\\/uploads\\\/2012\\\/04\\\/the_diamond_sketch1.jpg&quot;,&quot;id&quot;:&quot;1756&quot;,&quot;title&quot;:&quot;the_diamond_sketch&quot;,&quot;alt&quot;:&quot;&quot;,&quot;caption&quot;:&quot;&quot;,&quot;itemprop&quot;:&quot;image&quot;},{&quot;src&quot;:&quot;https:\\\/\\\/paulocolmain.com\\\/wp-content\\\/uploads\\\/2012\\\/04\\\/shags_sketch1.jpg&quot;,&quot;id&quot;:&quot;1757&quot;,&quot;title&quot;:&quot;shags_sketch&quot;,&quot;alt&quot;:&quot;&quot;,&quot;caption&quot;:&quot;&quot;,&quot;itemprop&quot;:&quot;image&quot;},{&quot;src&quot;:&quot;https:\\\/\\\/paulocolmain.com\\\/wp-content\\\/uploads\\\/2012\\\/04\\\/outside_clifden_sketch1.jpg&quot;,&quot;id&quot;:&quot;1758&quot;,&quot;title&quot;:&quot;outside_clifden_sketch&quot;,&quot;alt&quot;:&quot;&quot;,&quot;caption&quot;:&quot;&quot;,&quot;itemprop&quot;:&quot;image&quot;},{&quot;src&quot;:&quot;https:\\\/\\\/paulocolmain.com\\\/wp-content\\\/uploads\\\/2012\\\/04\\\/muckross_sketch1.jpg&quot;,&quot;id&quot;:&quot;1759&quot;,&quot;title&quot;:&quot;muckross_sketch&quot;,&quot;alt&quot;:&quot;&quot;,&quot;caption&quot;:&quot;&quot;,&quot;itemprop&quot;:&quot;image&quot;},{&quot;src&quot;:&quot;https:\\\/\\\/paulocolmain.com\\\/wp-content\\\/uploads\\\/2012\\\/04\\\/Loch-L\\u00e9in_fxd.jpg&quot;,&quot;id&quot;:&quot;1760&quot;,&quot;title&quot;:&quot;Loch L\\u00e9in_fxd&quot;,&quot;alt&quot;:&quot;&quot;,&quot;caption&quot;:&quot;&quot;,&quot;itemprop&quot;:&quot;image&quot;},{&quot;src&quot;:&quot;https:\\\/\\\/paulocolmain.com\\\/wp-content\\\/uploads\\\/2012\\\/04\\\/lough_lein_sketch1.jpg&quot;,&quot;id&quot;:&quot;1761&quot;,&quot;title&quot;:&quot;lough_lein_sketch&quot;,&quot;alt&quot;:&quot;&quot;,&quot;caption&quot;:&quot;&quot;,&quot;itemprop&quot;:&quot;image&quot;},{&quot;src&quot;:&quot;https:\\\/\\\/paulocolmain.com\\\/wp-content\\\/uploads\\\/2012\\\/04\\\/Derrygimlagh_fxd.jpg&quot;,&quot;id&quot;:&quot;1762&quot;,&quot;title&quot;:&quot;Derrygimlagh_fxd&quot;,&quot;alt&quot;:&quot;&quot;,&quot;caption&quot;:&quot;&quot;,&quot;itemprop&quot;:&quot;image&quot;}]\" itemscope itemtype=\"https:\/\/schema.org\/ImageGallery\"><\/div><\/p>\n","protected":false},"excerpt":{"rendered":"<p>C\u00fapla leathanach as mo leabhair\u00edn\u00ed. Some image from my notebooks&#8230;<\/p>\n","protected":false},"author":1,"featured_media":0,"parent":340,"menu_order":1,"comment_status":"closed","ping_status":"open","template":"","meta":{"ngg_post_thumbnail":0,"spay_email":""},"jetpack_shortlink":"https:\/\/wp.me\/P36zMW-g5","jetpack_sharing_enabled":true,"_links":{"self":[{"href":"https:\/\/paulocolmain.com\/index.php?rest_route=\/wp\/v2\/pages\/997"}],"collection":[{"href":"https:\/\/paulocolmain.com\/index.php?rest_route=\/wp\/v2\/pages"}],"about":[{"href":"https:\/\/paulocolmain.com\/index.php?rest_route=\/wp\/v2\/types\/page"}],"author":[{"embeddable":true,"href":"https:\/\/paulocolmain.com\/index.php?rest_route=\/wp\/v2\/users\/1"}],"replies":[{"embeddable":true,"href":"https:\/\/paulocolmain.com\/index.php?rest_route=%2Fwp%2Fv2%2Fcomments&post=997"}],"version-history":[{"count":5,"href":"https:\/\/paulocolmain.com\/index.php?rest_route=\/wp\/v2\/pages\/997\/revisions"}],"predecessor-version":[{"id":1724,"href":"https:\/\/paulocolmain.com\/index.php?rest_route=\/wp\/v2\/pages\/997\/revisions\/1724"}],"up":[{"embeddable":true,"href":"https:\/\/paulocolmain.com\/index.php?rest_route=\/wp\/v2\/pages\/340"}],"wp:attachment":[{"href":"https:\/\/paulocolmain.com\/index.php?rest_route=%2Fwp%2Fv2%2Fmedia&parent=997"}],"curies":[{"name":"wp","href":"https:\/\/api.w.org\/{rel}","templated":true}]}}