{"id":846,"date":"2012-03-15T17:53:34","date_gmt":"2012-03-15T17:53:34","guid":{"rendered":"https:\/\/paulocolmain.com\/?page_id=846"},"modified":"2012-04-06T13:03:43","modified_gmt":"2012-04-06T13:03:43","slug":"march-10","status":"publish","type":"page","link":"https:\/\/paulocolmain.com\/?page_id=846","title":{"rendered":"March 2010"},"content":{"rendered":"<p><em>The rain came in last night, in for the night. And today. Maybe forever. Almost instantly, streams break banks, small lakes form in low-lying areas, the hills are laced with white ribbons of streams&#8230;<\/em><\/p>\n<p>Weather<\/p>\n<p>Hill streams roar white noise.<br \/>\nEach lip a boiling caulron.<br \/>\nBirds sing undaunted.<\/p>\n<p>The rain mists in, low.<br \/>\nHilltop, trees, sky coalesce.<br \/>\nThe World disappears.<\/p>\n<p>(29\/03\/10)<\/p>\n<p>*************************<\/p>\n<p><em>Finally, Spring is here and there&#8217;s a great burgeoning and budding; newly active birds; and in the woods&#8230;<\/em><\/p>\n<p>Waking<\/p>\n<p>Furtive scurrying.<br \/>\nRustling in the undergrowth.<br \/>\nThe woods are alive!<\/p>\n<p>(22\/03\/10)<\/p>\n<p>***************************<\/p>\n<p><em>T\u00e1 an aimsir aoibhinn ag lean\u00faint ar aghaidh, c\u00e9 go bhfuil s\u00e9 fuar a dh\u00f3thain f\u00f3s&#8230;N\u00edl faic faoi bhl\u00e1th f\u00f3s agus gaoth gh\u00e9ar ag s\u00e9ideadh&#8230;b\u00edonn ciall ag an gcat!<\/em><\/p>\n<p>I neid\u00edn fh\u00e9armhar,<br \/>\ncat camarsach \u00e1 ghrianadh.<br \/>\nCritheann an t-eidhn\u00e9an.<\/p>\n<p><em>[In a grassy form,<\/em><br \/>\n<em>\u00a0curl of cat bakes quietly.<\/em><br \/>\n<em>\u00a0Ivy leaves shiver.]<\/em><\/p>\n<p>(15\/03\/10)<\/p>\n<p>**********************<br \/>\nAmhr\u00e1n an earraigh<\/p>\n<p>Ollch\u00f3r an ghaird\u00edn<br \/>\ni gcom\u00f3rtas binncheolmhar.<br \/>\nBaird dothuirsithe.<\/p>\n<p><em>[Spring song<\/em><\/p>\n<p><em>\u00a0The massed garden choir<\/em><br \/>\n<em>\u00a0tries to outdo each each other.<\/em><br \/>\n<em>\u00a0Tireless troubadours.]<\/em><\/p>\n<p>(08\/03\/10)<\/p>\n<p>************************************<\/p>\n<p><em>Spring is slow to appear this year, with this unusually cold spell we&#8217;ve been having; hard frosts and snow in may places, still.But, inevitably, signs are beginning to emerge: frog spawn and tiny, scarlet bud son the fuschia&#8230;<\/em><\/p>\n<p>Springing<\/p>\n<p>Colour of dried blood,<br \/>\nfuschia stems leak blood-red beads;<br \/>\ntransfusing new life.<\/p>\n<p>(01\/03\/10)<\/p>\n","protected":false},"excerpt":{"rendered":"<p>The rain came in last night, in for the night. And today. Maybe forever. Almost instantly, streams break banks, small lakes form in low-lying areas, the hills are laced with white ribbons of streams&#8230; Weather Hill streams roar white noise. &hellip; <a href=\"https:\/\/paulocolmain.com\/?page_id=846\">Continue reading <span class=\"meta-nav\">&rarr;<\/span><\/a><\/p>\n","protected":false},"author":1,"featured_media":0,"parent":485,"menu_order":3,"comment_status":"closed","ping_status":"open","template":"","meta":{"ngg_post_thumbnail":0,"spay_email":""},"jetpack_shortlink":"https:\/\/wp.me\/P36zMW-dE","jetpack_sharing_enabled":true,"_links":{"self":[{"href":"https:\/\/paulocolmain.com\/index.php?rest_route=\/wp\/v2\/pages\/846"}],"collection":[{"href":"https:\/\/paulocolmain.com\/index.php?rest_route=\/wp\/v2\/pages"}],"about":[{"href":"https:\/\/paulocolmain.com\/index.php?rest_route=\/wp\/v2\/types\/page"}],"author":[{"embeddable":true,"href":"https:\/\/paulocolmain.com\/index.php?rest_route=\/wp\/v2\/users\/1"}],"replies":[{"embeddable":true,"href":"https:\/\/paulocolmain.com\/index.php?rest_route=%2Fwp%2Fv2%2Fcomments&post=846"}],"version-history":[{"count":4,"href":"https:\/\/paulocolmain.com\/index.php?rest_route=\/wp\/v2\/pages\/846\/revisions"}],"predecessor-version":[{"id":1130,"href":"https:\/\/paulocolmain.com\/index.php?rest_route=\/wp\/v2\/pages\/846\/revisions\/1130"}],"up":[{"embeddable":true,"href":"https:\/\/paulocolmain.com\/index.php?rest_route=\/wp\/v2\/pages\/485"}],"wp:attachment":[{"href":"https:\/\/paulocolmain.com\/index.php?rest_route=%2Fwp%2Fv2%2Fmedia&parent=846"}],"curies":[{"name":"wp","href":"https:\/\/api.w.org\/{rel}","templated":true}]}}