{"id":830,"date":"2012-03-15T17:20:22","date_gmt":"2012-03-15T17:20:22","guid":{"rendered":"https:\/\/paulocolmain.com\/?page_id=830"},"modified":"2012-03-15T17:20:22","modified_gmt":"2012-03-15T17:20:22","slug":"december-09","status":"publish","type":"page","link":"https:\/\/paulocolmain.com\/?page_id=830","title":{"rendered":"December &#8217;09"},"content":{"rendered":"<p><em>Low light, palely blinding, makes cloud-mirages&#8230;<\/em><\/p>\n<p>N\u00e9al \u00edseal i gc\u00e9in,<br \/>\nT\u00edr na n\u00d3g ag ainli\u00fa thall.<br \/>\nN\u00e9al ar &#8216;tSeanDomhan.<\/p>\n<p><em>[One distant, low cloud,<\/em><br \/>\n<em>T\u00edr na n\u00d3g hovers offshore.<\/em><br \/>\n<em>The Old World sleeps on.]<\/em><\/p>\n<p>(28\/12\/09)<\/p>\n<p>******************************<\/p>\n<p><em>Clear and crisp still, blindingly, searingly bright days&#8230;<\/em><\/p>\n<p>Airgid an bh\u00e1,<br \/>\nsmidir\u00edn\u00ed scath\u00e1in<br \/>\ntr\u00ed gh\u00e9aga loma.<\/p>\n<p><em>[Silver the bay,<\/em><br \/>\n<em>mirror smithereens between<\/em><br \/>\n<em>the bare branches]<\/em><\/p>\n<p>(21\/12\/09)<\/p>\n<p>**********************<\/p>\n<p><em>At last: respite! Cold but blessedly sunny, silvered light throwing indigo shadows over drowned fields.<\/em><\/p>\n<p>December field<\/p>\n<p>Twenty-nine curlews<br \/>\nand twenty-nine long shadows<br \/>\npatrol a bright field.<\/p>\n<p>(14\/12\/09)<\/p>\n<p>**************************<\/p>\n<p><em>Phew! It&#8217;s been, as we say up in Louth, very weathery! Floods, storms, cold, rain and wind &#8211; and very occasionally and most welcome, a sunny spell.<\/em><\/p>\n<p>Breather<\/p>\n<p>After-storm quiet,<br \/>\na million new streams singing<br \/>\nin full-throated song.<\/p>\n<p>(07\/12\/09)<\/p>\n","protected":false},"excerpt":{"rendered":"<p>Low light, palely blinding, makes cloud-mirages&#8230; N\u00e9al \u00edseal i gc\u00e9in, T\u00edr na n\u00d3g ag ainli\u00fa thall. N\u00e9al ar &#8216;tSeanDomhan. [One distant, low cloud, T\u00edr na n\u00d3g hovers offshore. The Old World sleeps on.] (28\/12\/09) ****************************** Clear and crisp still, blindingly, &hellip; <a href=\"https:\/\/paulocolmain.com\/?page_id=830\">Continue reading <span class=\"meta-nav\">&rarr;<\/span><\/a><\/p>\n","protected":false},"author":1,"featured_media":0,"parent":487,"menu_order":12,"comment_status":"closed","ping_status":"open","template":"","meta":{"ngg_post_thumbnail":0,"spay_email":""},"jetpack_shortlink":"https:\/\/wp.me\/P36zMW-do","jetpack_sharing_enabled":true,"_links":{"self":[{"href":"https:\/\/paulocolmain.com\/index.php?rest_route=\/wp\/v2\/pages\/830"}],"collection":[{"href":"https:\/\/paulocolmain.com\/index.php?rest_route=\/wp\/v2\/pages"}],"about":[{"href":"https:\/\/paulocolmain.com\/index.php?rest_route=\/wp\/v2\/types\/page"}],"author":[{"embeddable":true,"href":"https:\/\/paulocolmain.com\/index.php?rest_route=\/wp\/v2\/users\/1"}],"replies":[{"embeddable":true,"href":"https:\/\/paulocolmain.com\/index.php?rest_route=%2Fwp%2Fv2%2Fcomments&post=830"}],"version-history":[{"count":1,"href":"https:\/\/paulocolmain.com\/index.php?rest_route=\/wp\/v2\/pages\/830\/revisions"}],"predecessor-version":[{"id":831,"href":"https:\/\/paulocolmain.com\/index.php?rest_route=\/wp\/v2\/pages\/830\/revisions\/831"}],"up":[{"embeddable":true,"href":"https:\/\/paulocolmain.com\/index.php?rest_route=\/wp\/v2\/pages\/487"}],"wp:attachment":[{"href":"https:\/\/paulocolmain.com\/index.php?rest_route=%2Fwp%2Fv2%2Fmedia&parent=830"}],"curies":[{"name":"wp","href":"https:\/\/api.w.org\/{rel}","templated":true}]}}