{"id":789,"date":"2012-03-14T18:08:05","date_gmt":"2012-03-14T18:08:05","guid":{"rendered":"https:\/\/paulocolmain.com\/?page_id=789"},"modified":"2022-02-28T13:26:45","modified_gmt":"2022-02-28T13:26:45","slug":"gallery-wood-engraving","status":"publish","type":"page","link":"https:\/\/paulocolmain.com\/?page_id=789","title":{"rendered":"Gallery: wood engraving"},"content":{"rendered":"<p>Here&#8217;s a gallery of a sample of my wood engravings.&nbsp; Seo, th\u00edos,&nbsp; sampla\u00ed de mo chuid greanaidh adhmaid.<div id=\"metaslider-id-3649\" style=\"max-width: 800px;\" class=\"ml-slider-3-17-1 metaslider metaslider-flex metaslider-3649 ml-slider nav-hidden\">\n    <div id=\"metaslider_container_3649\">\n        <div id=\"metaslider_3649\">\n            <ul aria-live=\"polite\" class=\"slides\">\n                <li style=\"display: block; width: 100%;\" class=\"slide-3807 ms-image\"><img width=\"375\" height=\"500\" src=\"https:\/\/paulocolmain.com\/wp-content\/uploads\/2020\/02\/Printer_opt.jpg\" class=\"slider-3649 slide-3807\" alt=\"\" loading=\"lazy\" rel=\"\" title=\"Printer_opt\" srcset=\"https:\/\/paulocolmain.com\/wp-content\/uploads\/2020\/02\/Printer_opt.jpg 375w, https:\/\/paulocolmain.com\/wp-content\/uploads\/2020\/02\/Printer_opt-225x300.jpg 225w\" sizes=\"(max-width: 375px) 100vw, 375px\" \/><\/li>\n                <li style=\"display: none; width: 100%;\" class=\"slide-3650 ms-image\"><img width=\"700\" height=\"502\" src=\"https:\/\/paulocolmain.com\/wp-content\/uploads\/2019\/01\/wall-engraving-block_opt.jpg\" class=\"slider-3649 slide-3650\" alt=\"\" loading=\"lazy\" rel=\"\" title=\"wall engraving block_opt\" srcset=\"https:\/\/paulocolmain.com\/wp-content\/uploads\/2019\/01\/wall-engraving-block_opt.jpg 700w, https:\/\/paulocolmain.com\/wp-content\/uploads\/2019\/01\/wall-engraving-block_opt-300x215.jpg 300w\" sizes=\"(max-width: 700px) 100vw, 700px\" \/><div class=\"caption-wrap\"><div class=\"caption\">Finished Wood engraving block<\/div><\/div><\/li>\n                <li style=\"display: none; width: 100%;\" class=\"slide-3653 ms-image\"><img width=\"700\" height=\"525\" src=\"https:\/\/paulocolmain.com\/wp-content\/uploads\/2019\/01\/wall-engraving-block-early_opt.jpg\" class=\"slider-3649 slide-3653\" alt=\"\" loading=\"lazy\" rel=\"\" title=\"wall engraving block early_opt\" srcset=\"https:\/\/paulocolmain.com\/wp-content\/uploads\/2019\/01\/wall-engraving-block-early_opt.jpg 700w, https:\/\/paulocolmain.com\/wp-content\/uploads\/2019\/01\/wall-engraving-block-early_opt-300x225.jpg 300w\" sizes=\"(max-width: 700px) 100vw, 700px\" \/><\/li>\n                <li style=\"display: none; width: 100%;\" class=\"slide-3654 ms-image\"><img width=\"349\" height=\"500\" src=\"https:\/\/paulocolmain.com\/wp-content\/uploads\/2019\/01\/Wall_wood-engravinglighter_opt.jpg\" class=\"slider-3649 slide-3654\" alt=\"\" loading=\"lazy\" rel=\"\" title=\"Wall_wood engraving(lighter)_opt\" srcset=\"https:\/\/paulocolmain.com\/wp-content\/uploads\/2019\/01\/Wall_wood-engravinglighter_opt.jpg 349w, https:\/\/paulocolmain.com\/wp-content\/uploads\/2019\/01\/Wall_wood-engravinglighter_opt-209x300.jpg 209w\" sizes=\"(max-width: 349px) 100vw, 349px\" \/><\/li>\n                <li style=\"display: none; width: 100%;\" class=\"slide-3655 ms-image\"><img width=\"139\" height=\"484\" src=\"https:\/\/paulocolmain.com\/wp-content\/uploads\/2013\/01\/Falling-crows_opt.jpg\" class=\"slider-3649 slide-3655\" alt=\"\" loading=\"lazy\" rel=\"\" title=\"OLYMPUS DIGITAL CAMERA\" srcset=\"https:\/\/paulocolmain.com\/wp-content\/uploads\/2013\/01\/Falling-crows_opt.jpg 139w, https:\/\/paulocolmain.com\/wp-content\/uploads\/2013\/01\/Falling-crows_opt-86x300.jpg 86w\" sizes=\"(max-width: 139px) 100vw, 139px\" \/><\/li>\n                <li style=\"display: none; width: 100%;\" class=\"slide-3656 ms-image\"><img width=\"599\" height=\"484\" src=\"https:\/\/paulocolmain.com\/wp-content\/uploads\/2015\/12\/Droiml\u00edn_opt.jpg\" class=\"slider-3649 slide-3656\" alt=\"\" loading=\"lazy\" rel=\"\" title=\"Droiml\u00edn_opt\" srcset=\"https:\/\/paulocolmain.com\/wp-content\/uploads\/2015\/12\/Droiml\u00edn_opt.jpg 599w, https:\/\/paulocolmain.com\/wp-content\/uploads\/2015\/12\/Droiml\u00edn_opt-300x242.jpg 300w\" sizes=\"(max-width: 599px) 100vw, 599px\" \/><div class=\"caption-wrap\"><div class=\"caption\">Droimn\u00edn (Drumlin) wood engraving<\/div><\/div><\/li>\n                <li style=\"display: none; width: 100%;\" class=\"slide-3657 ms-image\"><img width=\"590\" height=\"484\" src=\"https:\/\/paulocolmain.com\/wp-content\/uploads\/2015\/12\/M\u00e1m\u00e9an1.jpg\" class=\"slider-3649 slide-3657\" alt=\"\" loading=\"lazy\" rel=\"\" title=\"M\u00e1m\u00e9an\" srcset=\"https:\/\/paulocolmain.com\/wp-content\/uploads\/2015\/12\/M\u00e1m\u00e9an1.jpg 590w, https:\/\/paulocolmain.com\/wp-content\/uploads\/2015\/12\/M\u00e1m\u00e9an1-300x246.jpg 300w\" sizes=\"(max-width: 590px) 100vw, 590px\" \/><div class=\"caption-wrap\"><div class=\"caption\">M\u00e1m\u00e9an (The Pass of the Birds) wood engraving<\/div><\/div><\/li>\n                <li style=\"display: none; width: 100%;\" class=\"slide-3659 ms-image\"><img width=\"600\" height=\"402\" src=\"https:\/\/paulocolmain.com\/wp-content\/uploads\/2012\/01\/Tr\u00ed-dhual-copy.jpg\" class=\"slider-3649 slide-3659\" alt=\"\" loading=\"lazy\" rel=\"\" title=\"Tr\u00ed dhual copy\" srcset=\"https:\/\/paulocolmain.com\/wp-content\/uploads\/2012\/01\/Tr\u00ed-dhual-copy.jpg 600w, https:\/\/paulocolmain.com\/wp-content\/uploads\/2012\/01\/Tr\u00ed-dhual-copy-300x201.jpg 300w\" sizes=\"(max-width: 600px) 100vw, 600px\" \/><div class=\"caption-wrap\"><div class=\"caption\">Tr\u00ed dhual: Three strands. wood engraving<\/div><\/div><\/li>\n                <li style=\"display: none; width: 100%;\" class=\"slide-3660 ms-image\"><img width=\"293\" height=\"408\" src=\"https:\/\/paulocolmain.com\/wp-content\/uploads\/2012\/04\/undergrowth.jpg\" class=\"slider-3649 slide-3660\" alt=\"wood engraving\" loading=\"lazy\" rel=\"\" title=\"Undergrowth\" srcset=\"https:\/\/paulocolmain.com\/wp-content\/uploads\/2012\/04\/undergrowth.jpg 293w, https:\/\/paulocolmain.com\/wp-content\/uploads\/2012\/04\/undergrowth-215x300.jpg 215w\" sizes=\"(max-width: 293px) 100vw, 293px\" \/><div class=\"caption-wrap\"><div class=\"caption\">Undergrowth<\/div><\/div><\/li>\n                <li style=\"display: none; width: 100%;\" class=\"slide-3661 ms-image\"><img width=\"297\" height=\"355\" src=\"https:\/\/paulocolmain.com\/wp-content\/uploads\/2012\/04\/black_veined_white.jpg\" class=\"slider-3649 slide-3661\" alt=\"wood engraving, by Paul P\u00f3l \u00d3 Colm\u00e1in\" loading=\"lazy\" rel=\"\" title=\"Black-veined white\" srcset=\"https:\/\/paulocolmain.com\/wp-content\/uploads\/2012\/04\/black_veined_white.jpg 297w, https:\/\/paulocolmain.com\/wp-content\/uploads\/2012\/04\/black_veined_white-250x300.jpg 250w\" sizes=\"(max-width: 297px) 100vw, 297px\" \/><div class=\"caption-wrap\"><div class=\"caption\">Black-veined white<\/div><\/div><\/li>\n                <li style=\"display: none; width: 100%;\" class=\"slide-3666 ms-image\"><img width=\"262\" height=\"289\" src=\"https:\/\/paulocolmain.com\/wp-content\/uploads\/2012\/04\/Raven_head.jpg\" class=\"slider-3649 slide-3666\" alt=\"wood engraving\" loading=\"lazy\" rel=\"\" title=\"Raven head\" \/><div class=\"caption-wrap\"><div class=\"caption\">Raven head<\/div><\/div><\/li>\n                <li style=\"display: none; width: 100%;\" class=\"slide-3667 ms-image\"><img width=\"229\" height=\"158\" src=\"https:\/\/paulocolmain.com\/wp-content\/uploads\/2012\/04\/horse.jpg\" class=\"slider-3649 slide-3667\" alt=\"wood engraving\" loading=\"lazy\" rel=\"\" title=\"Capall\" \/><div class=\"caption-wrap\"><div class=\"caption\">Capall<\/div><\/div><\/li>\n                <li style=\"display: none; width: 100%;\" class=\"slide-3669 ms-image\"><img width=\"482\" height=\"346\" src=\"https:\/\/paulocolmain.com\/wp-content\/uploads\/2012\/04\/fencepost.jpg\" class=\"slider-3649 slide-3669\" alt=\"wood engraving\" loading=\"lazy\" rel=\"\" title=\"Fencepost\" srcset=\"https:\/\/paulocolmain.com\/wp-content\/uploads\/2012\/04\/fencepost.jpg 482w, https:\/\/paulocolmain.com\/wp-content\/uploads\/2012\/04\/fencepost-300x215.jpg 300w\" sizes=\"(max-width: 482px) 100vw, 482px\" \/><div class=\"caption-wrap\"><div class=\"caption\">Fencepost<\/div><\/div><\/li>\n                <li style=\"display: none; width: 100%;\" class=\"slide-3670 ms-image\"><img width=\"173\" height=\"158\" src=\"https:\/\/paulocolmain.com\/wp-content\/uploads\/2012\/04\/chough2.jpg\" class=\"slider-3649 slide-3670\" alt=\"wood engraving\" loading=\"lazy\" rel=\"\" title=\"Chough 2\" \/><div class=\"caption-wrap\"><div class=\"caption\">Chough 2<\/div><\/div><\/li>\n                <li style=\"display: none; width: 100%;\" class=\"slide-3672 ms-image\"><img width=\"416\" height=\"527\" src=\"https:\/\/paulocolmain.com\/wp-content\/uploads\/2012\/04\/magpie_wood_eng.jpg\" class=\"slider-3649 slide-3672\" alt=\"wood engraving\" loading=\"lazy\" rel=\"\" title=\"Startled magpie\" srcset=\"https:\/\/paulocolmain.com\/wp-content\/uploads\/2012\/04\/magpie_wood_eng.jpg 416w, https:\/\/paulocolmain.com\/wp-content\/uploads\/2012\/04\/magpie_wood_eng-236x300.jpg 236w\" sizes=\"(max-width: 416px) 100vw, 416px\" \/><div class=\"caption-wrap\"><div class=\"caption\">Startled magpie<\/div><\/div><\/li>\n                <li style=\"display: none; width: 100%;\" class=\"slide-3652 ms-image\"><img width=\"700\" height=\"525\" src=\"https:\/\/paulocolmain.com\/wp-content\/uploads\/2019\/01\/wall-engraving-block-finished_opt.jpg\" class=\"slider-3649 slide-3652\" alt=\"\" loading=\"lazy\" rel=\"\" title=\"wall engraving block finished_opt\" srcset=\"https:\/\/paulocolmain.com\/wp-content\/uploads\/2019\/01\/wall-engraving-block-finished_opt.jpg 700w, https:\/\/paulocolmain.com\/wp-content\/uploads\/2019\/01\/wall-engraving-block-finished_opt-300x225.jpg 300w\" sizes=\"(max-width: 700px) 100vw, 700px\" \/><\/li>\n                <li style=\"display: none; width: 100%;\" class=\"slide-3673 ms-image\"><img width=\"511\" height=\"370\" src=\"https:\/\/paulocolmain.com\/wp-content\/uploads\/2012\/04\/fingers_wood_eng.jpg\" class=\"slider-3649 slide-3673\" alt=\"wood engraving, Casteltownshend, Co.Cork, Ireland,Neolithic stone row, standing stones\" loading=\"lazy\" rel=\"\" title=\"The Giant&#039;s Fingers\" srcset=\"https:\/\/paulocolmain.com\/wp-content\/uploads\/2012\/04\/fingers_wood_eng.jpg 511w, https:\/\/paulocolmain.com\/wp-content\/uploads\/2012\/04\/fingers_wood_eng-300x217.jpg 300w\" sizes=\"(max-width: 511px) 100vw, 511px\" \/><div class=\"caption-wrap\"><div class=\"caption\">The Giant's Fingers<\/div><\/div><\/li>\n                <li style=\"display: none; width: 100%;\" class=\"slide-3675 ms-image\"><img width=\"640\" height=\"533\" src=\"https:\/\/paulocolmain.com\/wp-content\/uploads\/2012\/04\/image1.jpg\" class=\"slider-3649 slide-3675\" alt=\"wood engraving, blackthorn bush\" loading=\"lazy\" rel=\"\" title=\"Bent thorn\" srcset=\"https:\/\/paulocolmain.com\/wp-content\/uploads\/2012\/04\/image1.jpg 640w, https:\/\/paulocolmain.com\/wp-content\/uploads\/2012\/04\/image1-300x249.jpg 300w\" sizes=\"(max-width: 640px) 100vw, 640px\" \/><div class=\"caption-wrap\"><div class=\"caption\">Bent thorn<\/div><\/div><\/li>\n                <li style=\"display: none; width: 100%;\" class=\"slide-3676 ms-image\"><img width=\"234\" height=\"350\" src=\"https:\/\/paulocolmain.com\/wp-content\/uploads\/2012\/04\/St.Brigids-Cross_zoom.jpg\" class=\"slider-3649 slide-3676\" alt=\"Imbolc, wood engraving\" loading=\"lazy\" rel=\"\" title=\"St.Brigid&#039;s Cross\" srcset=\"https:\/\/paulocolmain.com\/wp-content\/uploads\/2012\/04\/St.Brigids-Cross_zoom.jpg 234w, https:\/\/paulocolmain.com\/wp-content\/uploads\/2012\/04\/St.Brigids-Cross_zoom-200x300.jpg 200w\" sizes=\"(max-width: 234px) 100vw, 234px\" \/><div class=\"caption-wrap\"><div class=\"caption\">Cros Bhr\u00edde<\/div><\/div><\/li>\n                <li style=\"display: none; width: 100%;\" class=\"slide-3806 ms-image\"><img width=\"459\" height=\"500\" src=\"https:\/\/paulocolmain.com\/wp-content\/uploads\/2020\/02\/Printing_opt.jpg\" class=\"slider-3649 slide-3806\" alt=\"\" loading=\"lazy\" rel=\"\" title=\"Printing_opt\" srcset=\"https:\/\/paulocolmain.com\/wp-content\/uploads\/2020\/02\/Printing_opt.jpg 459w, https:\/\/paulocolmain.com\/wp-content\/uploads\/2020\/02\/Printing_opt-275x300.jpg 275w\" sizes=\"(max-width: 459px) 100vw, 459px\" \/><\/li>\n                <li style=\"display: none; width: 100%;\" class=\"slide-3682 ms-image\"><img width=\"300\" height=\"290\" src=\"https:\/\/paulocolmain.com\/wp-content\/uploads\/2012\/04\/oystercatcher.jpg\" class=\"slider-3649 slide-3682\" alt=\"wood engraving\" loading=\"lazy\" rel=\"\" title=\"Oystercatcher\" \/><div class=\"caption-wrap\"><div class=\"caption\">Oystercatcher<\/div><\/div><\/li>\n                <li style=\"display: none; width: 100%;\" class=\"slide-3684 ms-image\"><img width=\"450\" height=\"392\" src=\"https:\/\/paulocolmain.com\/wp-content\/uploads\/2012\/04\/largecopper.jpg\" class=\"slider-3649 slide-3684\" alt=\"wood engraving\" loading=\"lazy\" rel=\"\" title=\"Large copper\" srcset=\"https:\/\/paulocolmain.com\/wp-content\/uploads\/2012\/04\/largecopper.jpg 450w, https:\/\/paulocolmain.com\/wp-content\/uploads\/2012\/04\/largecopper-300x261.jpg 300w\" sizes=\"(max-width: 450px) 100vw, 450px\" \/><div class=\"caption-wrap\"><div class=\"caption\">Large Copper<\/div><\/div><\/li>\n                <li style=\"display: none; width: 100%;\" class=\"slide-3685 ms-image\"><img width=\"600\" height=\"480\" src=\"https:\/\/paulocolmain.com\/wp-content\/uploads\/2012\/04\/gannetry.jpg\" class=\"slider-3649 slide-3685\" alt=\"wood engraving\" loading=\"lazy\" rel=\"\" title=\"Gannetry\" srcset=\"https:\/\/paulocolmain.com\/wp-content\/uploads\/2012\/04\/gannetry.jpg 600w, https:\/\/paulocolmain.com\/wp-content\/uploads\/2012\/04\/gannetry-300x240.jpg 300w\" sizes=\"(max-width: 600px) 100vw, 600px\" \/><div class=\"caption-wrap\"><div class=\"caption\">Gannetry (first pull, unfinished)<\/div><\/div><\/li>\n                <li style=\"display: none; width: 100%;\" class=\"slide-3686 ms-image\"><img width=\"400\" height=\"600\" src=\"https:\/\/paulocolmain.com\/wp-content\/uploads\/2012\/04\/doorway.jpg\" class=\"slider-3649 slide-3686\" alt=\"wood engraving, Lefkada, Greece\" loading=\"lazy\" rel=\"\" title=\"Doorway\" srcset=\"https:\/\/paulocolmain.com\/wp-content\/uploads\/2012\/04\/doorway.jpg 400w, https:\/\/paulocolmain.com\/wp-content\/uploads\/2012\/04\/doorway-200x300.jpg 200w\" sizes=\"(max-width: 400px) 100vw, 400px\" \/><div class=\"caption-wrap\"><div class=\"caption\">Doorway, Lefkas<\/div><\/div><\/li>\n                <li style=\"display: none; width: 100%;\" class=\"slide-3687 ms-image\"><img width=\"581\" height=\"1000\" src=\"https:\/\/paulocolmain.com\/wp-content\/uploads\/2012\/03\/wood_eng_tutb5_txt.jpg\" class=\"slider-3649 slide-3687\" alt=\"Wood engraving tutorial slide show, by Irish Artist and print maker, Paul \u00d3 Colm\u00e1in, &quot;how to make a wood engraving&quot;\" loading=\"lazy\" rel=\"\" title=\"Wood engraving tutorial 15\" srcset=\"https:\/\/paulocolmain.com\/wp-content\/uploads\/2012\/03\/wood_eng_tutb5_txt.jpg 581w, https:\/\/paulocolmain.com\/wp-content\/uploads\/2012\/03\/wood_eng_tutb5_txt-174x300.jpg 174w\" sizes=\"(max-width: 581px) 100vw, 581px\" \/><div class=\"caption-wrap\"><div class=\"caption\">Boireann (Burren)<\/div><\/div><\/li>\n                <li style=\"display: none; width: 100%;\" class=\"slide-3688 ms-image\"><img width=\"459\" height=\"351\" src=\"https:\/\/paulocolmain.com\/wp-content\/uploads\/2012\/01\/wood_engravings_bent_thorn_opt1.jpg\" class=\"slider-3649 slide-3688\" alt=\"\" loading=\"lazy\" rel=\"\" title=\"wood_engravings_bent_thorn_opt\" srcset=\"https:\/\/paulocolmain.com\/wp-content\/uploads\/2012\/01\/wood_engravings_bent_thorn_opt1.jpg 459w, https:\/\/paulocolmain.com\/wp-content\/uploads\/2012\/01\/wood_engravings_bent_thorn_opt1-300x229.jpg 300w\" sizes=\"(max-width: 459px) 100vw, 459px\" \/><\/li>\n                <li style=\"display: none; width: 100%;\" class=\"slide-3651 ms-image\"><img width=\"700\" height=\"525\" src=\"https:\/\/paulocolmain.com\/wp-content\/uploads\/2019\/01\/wall-engraving-block-mid_opt.jpg\" class=\"slider-3649 slide-3651\" alt=\"\" loading=\"lazy\" rel=\"\" title=\"wall engraving block mid_opt\" srcset=\"https:\/\/paulocolmain.com\/wp-content\/uploads\/2019\/01\/wall-engraving-block-mid_opt.jpg 700w, https:\/\/paulocolmain.com\/wp-content\/uploads\/2019\/01\/wall-engraving-block-mid_opt-300x225.jpg 300w\" sizes=\"(max-width: 700px) 100vw, 700px\" \/><div class=\"caption-wrap\"><div class=\"caption\">Carving the block<\/div><\/div><\/li>\n                <li style=\"display: none; width: 100%;\" class=\"slide-3808 ms-image\"><img width=\"659\" height=\"500\" src=\"https:\/\/paulocolmain.com\/wp-content\/uploads\/2020\/02\/An-Ri\u0301_opt.jpg\" class=\"slider-3649 slide-3808\" alt=\"\" loading=\"lazy\" rel=\"\" title=\"An Ri\u0301_opt\" srcset=\"https:\/\/paulocolmain.com\/wp-content\/uploads\/2020\/02\/An-Ri\u0301_opt.jpg 659w, https:\/\/paulocolmain.com\/wp-content\/uploads\/2020\/02\/An-Ri\u0301_opt-300x228.jpg 300w\" sizes=\"(max-width: 659px) 100vw, 659px\" \/><div class=\"caption-wrap\"><div class=\"caption\">An R\u00ed (The King)<\/div><\/div><\/li>\n                <li style=\"display: none; width: 100%;\" class=\"slide-3809 ms-image\"><img width=\"667\" height=\"500\" src=\"https:\/\/paulocolmain.com\/wp-content\/uploads\/2020\/02\/Printing-in-progress_opt.jpg\" class=\"slider-3649 slide-3809\" alt=\"\" loading=\"lazy\" rel=\"\" title=\"Printing in progress_opt\" srcset=\"https:\/\/paulocolmain.com\/wp-content\/uploads\/2020\/02\/Printing-in-progress_opt.jpg 667w, https:\/\/paulocolmain.com\/wp-content\/uploads\/2020\/02\/Printing-in-progress_opt-300x225.jpg 300w\" sizes=\"(max-width: 667px) 100vw, 667px\" \/><\/li>\n                <li style=\"display: none; width: 100%;\" class=\"slide-3810 ms-image\"><img width=\"700\" height=\"562\" src=\"https:\/\/paulocolmain.com\/wp-content\/uploads\/2020\/02\/three-fields_opt.jpg\" class=\"slider-3649 slide-3810\" alt=\"\" loading=\"lazy\" rel=\"\" title=\"three fields_opt\" srcset=\"https:\/\/paulocolmain.com\/wp-content\/uploads\/2020\/02\/three-fields_opt.jpg 700w, https:\/\/paulocolmain.com\/wp-content\/uploads\/2020\/02\/three-fields_opt-300x241.jpg 300w\" sizes=\"(max-width: 700px) 100vw, 700px\" \/><div class=\"caption-wrap\"><div class=\"caption\">P\u00e1irceanna (Fields)<\/div><\/div><\/li>\n                <li style=\"display: none; width: 100%;\" class=\"slide-5288 ms-image\"><img width=\"550\" height=\"325\" src=\"https:\/\/paulocolmain.com\/wp-content\/uploads\/2022\/02\/Snowfall-of-stars_li\u0301ne.jpg\" class=\"slider-3649 slide-5288\" alt=\"\" loading=\"lazy\" rel=\"\" title=\"Snowfall of stars_li\u0301ne\" srcset=\"https:\/\/paulocolmain.com\/wp-content\/uploads\/2022\/02\/Snowfall-of-stars_li\u0301ne.jpg 550w, https:\/\/paulocolmain.com\/wp-content\/uploads\/2022\/02\/Snowfall-of-stars_li\u0301ne-300x177.jpg 300w\" sizes=\"(max-width: 550px) 100vw, 550px\" \/><\/li>\n                <li style=\"display: none; width: 100%;\" class=\"slide-5289 ms-image\"><img width=\"850\" height=\"446\" src=\"https:\/\/paulocolmain.com\/wp-content\/uploads\/2022\/02\/Sceilg_li\u0301ne.jpg\" class=\"slider-3649 slide-5289\" alt=\"\" loading=\"lazy\" rel=\"\" title=\"Sceilg_li\u0301ne\" srcset=\"https:\/\/paulocolmain.com\/wp-content\/uploads\/2022\/02\/Sceilg_li\u0301ne.jpg 850w, https:\/\/paulocolmain.com\/wp-content\/uploads\/2022\/02\/Sceilg_li\u0301ne-300x157.jpg 300w, https:\/\/paulocolmain.com\/wp-content\/uploads\/2022\/02\/Sceilg_li\u0301ne-768x403.jpg 768w\" sizes=\"(max-width: 850px) 100vw, 850px\" \/><\/li>\n                <li style=\"display: none; width: 100%;\" class=\"slide-5290 ms-image\"><img width=\"550\" height=\"634\" src=\"https:\/\/paulocolmain.com\/wp-content\/uploads\/2022\/02\/Raven.jpg\" class=\"slider-3649 slide-5290\" alt=\"\" loading=\"lazy\" rel=\"\" title=\"Raven\" srcset=\"https:\/\/paulocolmain.com\/wp-content\/uploads\/2022\/02\/Raven.jpg 550w, https:\/\/paulocolmain.com\/wp-content\/uploads\/2022\/02\/Raven-260x300.jpg 260w\" sizes=\"(max-width: 550px) 100vw, 550px\" \/><\/li>\n                <li style=\"display: none; width: 100%;\" class=\"slide-5291 ms-image\"><img width=\"550\" height=\"412\" src=\"https:\/\/paulocolmain.com\/wp-content\/uploads\/2022\/02\/raven-and-hooded-crow.jpg\" class=\"slider-3649 slide-5291\" alt=\"\" loading=\"lazy\" rel=\"\" title=\"raven and hooded crow\" srcset=\"https:\/\/paulocolmain.com\/wp-content\/uploads\/2022\/02\/raven-and-hooded-crow.jpg 550w, https:\/\/paulocolmain.com\/wp-content\/uploads\/2022\/02\/raven-and-hooded-crow-300x225.jpg 300w\" sizes=\"(max-width: 550px) 100vw, 550px\" \/><\/li>\n                <li style=\"display: none; width: 100%;\" class=\"slide-5293 ms-image\"><img width=\"550\" height=\"686\" src=\"https:\/\/paulocolmain.com\/wp-content\/uploads\/2022\/02\/Hooded-Crow.jpg\" class=\"slider-3649 slide-5293\" alt=\"\" loading=\"lazy\" rel=\"\" title=\"Hooded Crow\" srcset=\"https:\/\/paulocolmain.com\/wp-content\/uploads\/2022\/02\/Hooded-Crow.jpg 550w, https:\/\/paulocolmain.com\/wp-content\/uploads\/2022\/02\/Hooded-Crow-241x300.jpg 241w\" sizes=\"(max-width: 550px) 100vw, 550px\" \/><\/li>\n                <li style=\"display: none; width: 100%;\" class=\"slide-5294 ms-image\"><img width=\"550\" height=\"715\" src=\"https:\/\/paulocolmain.com\/wp-content\/uploads\/2022\/02\/Fucshia-wood-engraving-12cmX8cm-E120.jpg\" class=\"slider-3649 slide-5294\" alt=\"\" loading=\"lazy\" rel=\"\" title=\"Fucshia wood engraving 12cmX8cm \u20ac120\" srcset=\"https:\/\/paulocolmain.com\/wp-content\/uploads\/2022\/02\/Fucshia-wood-engraving-12cmX8cm-E120.jpg 550w, https:\/\/paulocolmain.com\/wp-content\/uploads\/2022\/02\/Fucshia-wood-engraving-12cmX8cm-E120-231x300.jpg 231w\" sizes=\"(max-width: 550px) 100vw, 550px\" \/><\/li>\n                <li style=\"display: none; width: 100%;\" class=\"slide-5296 ms-image\"><img width=\"550\" height=\"510\" src=\"https:\/\/paulocolmain.com\/wp-content\/uploads\/2022\/02\/Chough.jpg\" class=\"slider-3649 slide-5296\" alt=\"\" loading=\"lazy\" rel=\"\" title=\"Chough\" srcset=\"https:\/\/paulocolmain.com\/wp-content\/uploads\/2022\/02\/Chough.jpg 550w, https:\/\/paulocolmain.com\/wp-content\/uploads\/2022\/02\/Chough-300x278.jpg 300w\" sizes=\"(max-width: 550px) 100vw, 550px\" \/><\/li>\n                <li style=\"display: none; width: 100%;\" class=\"slide-5297 ms-image\"><img width=\"550\" height=\"520\" src=\"https:\/\/paulocolmain.com\/wp-content\/uploads\/2022\/02\/Chough-Flight.jpg\" class=\"slider-3649 slide-5297\" alt=\"\" loading=\"lazy\" rel=\"\" title=\"Chough Flight\" srcset=\"https:\/\/paulocolmain.com\/wp-content\/uploads\/2022\/02\/Chough-Flight.jpg 550w, https:\/\/paulocolmain.com\/wp-content\/uploads\/2022\/02\/Chough-Flight-300x284.jpg 300w\" sizes=\"(max-width: 550px) 100vw, 550px\" \/><\/li>\n                <li style=\"display: none; width: 100%;\" class=\"slide-5298 ms-image\"><img width=\"550\" height=\"702\" src=\"https:\/\/paulocolmain.com\/wp-content\/uploads\/2022\/02\/A-snowfall-of-stars-until-the-new-dawn-wood-engraving.jpg\" class=\"slider-3649 slide-5298\" alt=\"\" loading=\"lazy\" rel=\"\" title=\"A snowfall of stars until the new dawn wood engraving\" srcset=\"https:\/\/paulocolmain.com\/wp-content\/uploads\/2022\/02\/A-snowfall-of-stars-until-the-new-dawn-wood-engraving.jpg 550w, https:\/\/paulocolmain.com\/wp-content\/uploads\/2022\/02\/A-snowfall-of-stars-until-the-new-dawn-wood-engraving-235x300.jpg 235w\" sizes=\"(max-width: 550px) 100vw, 550px\" \/><\/li>\n            <\/ul>\n        <\/div>\n        \n    <\/div>\n<\/div><\/p>\n","protected":false},"excerpt":{"rendered":"<p>Here&#8217;s a gallery of a sample of my wood engravings.&nbsp; Seo, th\u00edos,&nbsp; sampla\u00ed de mo chuid greanaidh adhmaid.<\/p>\n","protected":false},"author":1,"featured_media":0,"parent":335,"menu_order":1,"comment_status":"closed","ping_status":"open","template":"","meta":{"ngg_post_thumbnail":0,"spay_email":""},"jetpack_shortlink":"https:\/\/wp.me\/P36zMW-cJ","jetpack_sharing_enabled":true,"_links":{"self":[{"href":"https:\/\/paulocolmain.com\/index.php?rest_route=\/wp\/v2\/pages\/789"}],"collection":[{"href":"https:\/\/paulocolmain.com\/index.php?rest_route=\/wp\/v2\/pages"}],"about":[{"href":"https:\/\/paulocolmain.com\/index.php?rest_route=\/wp\/v2\/types\/page"}],"author":[{"embeddable":true,"href":"https:\/\/paulocolmain.com\/index.php?rest_route=\/wp\/v2\/users\/1"}],"replies":[{"embeddable":true,"href":"https:\/\/paulocolmain.com\/index.php?rest_route=%2Fwp%2Fv2%2Fcomments&post=789"}],"version-history":[{"count":18,"href":"https:\/\/paulocolmain.com\/index.php?rest_route=\/wp\/v2\/pages\/789\/revisions"}],"predecessor-version":[{"id":5299,"href":"https:\/\/paulocolmain.com\/index.php?rest_route=\/wp\/v2\/pages\/789\/revisions\/5299"}],"up":[{"embeddable":true,"href":"https:\/\/paulocolmain.com\/index.php?rest_route=\/wp\/v2\/pages\/335"}],"wp:attachment":[{"href":"https:\/\/paulocolmain.com\/index.php?rest_route=%2Fwp%2Fv2%2Fmedia&parent=789"}],"curies":[{"name":"wp","href":"https:\/\/api.w.org\/{rel}","templated":true}]}}