{"id":728,"date":"2012-03-14T11:52:22","date_gmt":"2012-03-14T11:52:22","guid":{"rendered":"https:\/\/paulocolmain.com\/?page_id=728"},"modified":"2020-04-21T17:17:40","modified_gmt":"2020-04-21T17:17:40","slug":"turas","status":"publish","type":"page","link":"https:\/\/paulocolmain.com\/?page_id=728","title":{"rendered":"Turas"},"content":{"rendered":"<p>Most recent album of original songs in Irish\/Gaelic and English by Paul \u00d3 Colm\u00e1in. Hot off the presses!! Well, still warm, anyway!! My new cd, <strong>Turas<\/strong> (i.e. <em>Journey<\/em>), contains seven original songs, a mellow mood, quite a bit of yearning and some glorious accompaniment by friends&#8230;<strong>Liam Kenneally<\/strong> (fiddle); <strong>Breeda Murphy<\/strong> (vocals);<strong> Tim Abbott<\/strong> (guitar) and <strong>Caleb Clark<\/strong>, of Good dead Me and LJ &amp; the Tree Sleepers (bass). Go raibh m\u00edle maith agaibh&#8230;I recorded, mixed and mastered it all in my home studio on the blossoming&nbsp; Flying Rodent Records label. The drawing is by <strong>Marie Cullen<\/strong>. Gr\u00e1 duit, a Mh\u00e1ir\u00edn. For lyrics click <a title=\"Turas (lyrics)\" href=\"https:\/\/paulocolmain.com\/?page_id=566\">here<\/a>.<\/p>\n<p><a href=\"https:\/\/paulocolmain.com\/wp-content\/uploads\/2012\/03\/Turas_cover.jpg\"><img loading=\"lazy\" class=\"aligncenter size-medium wp-image-719\" title=\"Turas_cover\" src=\"https:\/\/paulocolmain.com\/wp-content\/uploads\/2012\/03\/Turas_cover-300x297.jpg\" alt=\"\" width=\"300\" height=\"297\" srcset=\"https:\/\/paulocolmain.com\/wp-content\/uploads\/2012\/03\/Turas_cover-300x297.jpg 300w, https:\/\/paulocolmain.com\/wp-content\/uploads\/2012\/03\/Turas_cover-150x150.jpg 150w, https:\/\/paulocolmain.com\/wp-content\/uploads\/2012\/03\/Turas_cover.jpg 448w\" sizes=\"(max-width: 300px) 100vw, 300px\" \/><\/a><\/p>\n<p><code><a href=\" https:\/\/www.paypal.com\/cgi-bin\/webscr?cmd=_s-xclick&amp;hosted_button_id=KKRVG27BJK82N\"><br \/>\n<img loading=\"lazy\" class=\" aligncenter\" src=\"https:\/\/www.paypalobjects.com\/en_US\/i\/btn\/btn_buynow_LG.gif\" alt=\"Buy Now Button\" width=\"152\" height=\"37\"><br \/>\n<\/a><\/code><\/p>\n","protected":false},"excerpt":{"rendered":"<p>Most recent album of original songs in Irish\/Gaelic and English by Paul \u00d3 Colm\u00e1in. Hot off the presses!! Well, still warm, anyway!! My new cd, Turas (i.e. Journey), contains seven original songs, a mellow mood, quite a bit of yearning &hellip; <a href=\"https:\/\/paulocolmain.com\/?page_id=728\">Continue reading <span class=\"meta-nav\">&rarr;<\/span><\/a><\/p>\n","protected":false},"author":1,"featured_media":0,"parent":721,"menu_order":3,"comment_status":"closed","ping_status":"open","template":"","meta":{"ngg_post_thumbnail":0,"spay_email":""},"jetpack_shortlink":"https:\/\/wp.me\/P36zMW-bK","jetpack_sharing_enabled":true,"_links":{"self":[{"href":"https:\/\/paulocolmain.com\/index.php?rest_route=\/wp\/v2\/pages\/728"}],"collection":[{"href":"https:\/\/paulocolmain.com\/index.php?rest_route=\/wp\/v2\/pages"}],"about":[{"href":"https:\/\/paulocolmain.com\/index.php?rest_route=\/wp\/v2\/types\/page"}],"author":[{"embeddable":true,"href":"https:\/\/paulocolmain.com\/index.php?rest_route=\/wp\/v2\/users\/1"}],"replies":[{"embeddable":true,"href":"https:\/\/paulocolmain.com\/index.php?rest_route=%2Fwp%2Fv2%2Fcomments&post=728"}],"version-history":[{"count":18,"href":"https:\/\/paulocolmain.com\/index.php?rest_route=\/wp\/v2\/pages\/728\/revisions"}],"predecessor-version":[{"id":3876,"href":"https:\/\/paulocolmain.com\/index.php?rest_route=\/wp\/v2\/pages\/728\/revisions\/3876"}],"up":[{"embeddable":true,"href":"https:\/\/paulocolmain.com\/index.php?rest_route=\/wp\/v2\/pages\/721"}],"wp:attachment":[{"href":"https:\/\/paulocolmain.com\/index.php?rest_route=%2Fwp%2Fv2%2Fmedia&parent=728"}],"curies":[{"name":"wp","href":"https:\/\/api.w.org\/{rel}","templated":true}]}}