{"id":7011,"date":"2023-04-03T15:09:12","date_gmt":"2023-04-03T15:09:12","guid":{"rendered":"https:\/\/paulocolmain.com\/?page_id=7011"},"modified":"2023-04-03T15:22:48","modified_gmt":"2023-04-03T15:22:48","slug":"port-beil-mouth-music-ep-2023","status":"publish","type":"page","link":"https:\/\/paulocolmain.com\/?page_id=7011","title":{"rendered":"Port B\u00e9il &#8211; Mouth Music (EP 2023)"},"content":{"rendered":"<h2 style=\"text-align: center;\"><strong><span style=\"color: #800080;\">Port B\u00e9il &#8211; Mouth Music (EP 2023)<\/span><\/strong><\/h2>\n<p style=\"text-align: center;\">Flying Rodent records CD\/FRR\/POC\/07<\/p>\n<h2 style=\"text-align: center;\"><span style=\"color: #339966;\"><strong><a href=\"https:\/\/youtu.be\/LJUMGV6yZcg\">F\u00edse\u00e1n beochana &#8211; Animated video<\/a>,<\/strong><span style=\"color: #000000;\"> ceol agus \u00edomhanna le Paul \u00d3 Colm\u00e1in.<a href=\"https:\/\/paulocolmain.com\/wp-content\/uploads\/2012\/01\/Port-Be\u0301il-cd-Front-Cover-125mm.jpg\"><img loading=\"lazy\" class=\"aligncenter size-medium wp-image-7001\" src=\"https:\/\/paulocolmain.com\/wp-content\/uploads\/2012\/01\/Port-Be\u0301il-cd-Front-Cover-125mm-300x300.jpg\" alt=\"Music video and mouth music, lilting by Paul \u00d3 Colm\u00e1in\" width=\"300\" height=\"300\" srcset=\"https:\/\/paulocolmain.com\/wp-content\/uploads\/2012\/01\/Port-Be\u0301il-cd-Front-Cover-125mm-300x300.jpg 300w, https:\/\/paulocolmain.com\/wp-content\/uploads\/2012\/01\/Port-Be\u0301il-cd-Front-Cover-125mm-1024x1024.jpg 1024w, https:\/\/paulocolmain.com\/wp-content\/uploads\/2012\/01\/Port-Be\u0301il-cd-Front-Cover-125mm-150x150.jpg 150w, https:\/\/paulocolmain.com\/wp-content\/uploads\/2012\/01\/Port-Be\u0301il-cd-Front-Cover-125mm-768x768.jpg 768w, https:\/\/paulocolmain.com\/wp-content\/uploads\/2012\/01\/Port-Be\u0301il-cd-Front-Cover-125mm-1536x1536.jpg 1536w, https:\/\/paulocolmain.com\/wp-content\/uploads\/2012\/01\/Port-Be\u0301il-cd-Front-Cover-125mm.jpg 1969w\" sizes=\"(max-width: 300px) 100vw, 300px\" \/><\/a><\/span><\/span><\/h2>\n<h1 style=\"text-align: center;\"><span style=\"color: #800080;\">Eisi\u00faint nua &#8211; New release!&nbsp;<\/span><\/h1>\n<p><strong>1. Port B\u00e9il &#8211; Mouth Music:<\/strong> fonnad\u00f3ireacht (lilting), dh\u00e1 pholca nuachumtha, &#8220;Timpeall an T\u00ed&#8221; agus &#8220;Seachain an drisi\u00far&#8221; ag Paul \u00d3 Colm\u00e1in. Two polkas composed &amp; dowdled by Paul \u00d3 Colm\u00e1in.<\/p>\n<!--[if lt IE 9]><script>document.createElement('audio');<\/script><![endif]-->\n<audio class=\"wp-audio-shortcode\" id=\"audio-7011-1\" preload=\"none\" style=\"width: 100%;\" controls=\"controls\"><source type=\"audio\/mpeg\" src=\"https:\/\/paulocolmain.com\/wp-content\/uploads\/2023\/04\/Port-be\u0301il-ep-23032023.mp3?_=1\" \/><a href=\"https:\/\/paulocolmain.com\/wp-content\/uploads\/2023\/04\/Port-be\u0301il-ep-23032023.mp3\">https:\/\/paulocolmain.com\/wp-content\/uploads\/2023\/04\/Port-be\u0301il-ep-23032023.mp3<\/a><\/audio>\n<p style=\"text-align: center;\">&nbsp;<\/p>\n<p>&nbsp;<\/p>\n<p><strong>2. <\/strong><strong>D\u00falam\u00e1n<\/strong> &#8211; leagan nua <em>a capella <\/em>den amhr\u00e1n traidisi\u00fanta seo. A new version of the old song.<\/p>\n<audio class=\"wp-audio-shortcode\" id=\"audio-7011-2\" preload=\"none\" style=\"width: 100%;\" controls=\"controls\"><source type=\"audio\/mpeg\" src=\"https:\/\/paulocolmain.com\/wp-content\/uploads\/2023\/04\/Du\u0301lama\u0301n-ep-23032023.mp3?_=2\" \/><a href=\"https:\/\/paulocolmain.com\/wp-content\/uploads\/2023\/04\/Du\u0301lama\u0301n-ep-23032023.mp3\">https:\/\/paulocolmain.com\/wp-content\/uploads\/2023\/04\/Du\u0301lama\u0301n-ep-23032023.mp3<\/a><\/audio>\n","protected":false},"excerpt":{"rendered":"<p>Port B\u00e9il &#8211; Mouth Music (EP 2023) Flying Rodent records CD\/FRR\/POC\/07 F\u00edse\u00e1n beochana &#8211; Animated video, ceol agus \u00edomhanna le Paul \u00d3 Colm\u00e1in. Eisi\u00faint nua &#8211; New release!&nbsp; 1. Port B\u00e9il &#8211; Mouth Music: fonnad\u00f3ireacht (lilting), dh\u00e1 pholca nuachumtha, &#8220;Timpeall &hellip; <a href=\"https:\/\/paulocolmain.com\/?page_id=7011\">Continue reading <span class=\"meta-nav\">&rarr;<\/span><\/a><\/p>\n","protected":false},"author":1,"featured_media":0,"parent":721,"menu_order":0,"comment_status":"closed","ping_status":"closed","template":"","meta":{"ngg_post_thumbnail":0,"spay_email":""},"jetpack_shortlink":"https:\/\/wp.me\/P36zMW-1P5","jetpack_sharing_enabled":true,"_links":{"self":[{"href":"https:\/\/paulocolmain.com\/index.php?rest_route=\/wp\/v2\/pages\/7011"}],"collection":[{"href":"https:\/\/paulocolmain.com\/index.php?rest_route=\/wp\/v2\/pages"}],"about":[{"href":"https:\/\/paulocolmain.com\/index.php?rest_route=\/wp\/v2\/types\/page"}],"author":[{"embeddable":true,"href":"https:\/\/paulocolmain.com\/index.php?rest_route=\/wp\/v2\/users\/1"}],"replies":[{"embeddable":true,"href":"https:\/\/paulocolmain.com\/index.php?rest_route=%2Fwp%2Fv2%2Fcomments&post=7011"}],"version-history":[{"count":8,"href":"https:\/\/paulocolmain.com\/index.php?rest_route=\/wp\/v2\/pages\/7011\/revisions"}],"predecessor-version":[{"id":7019,"href":"https:\/\/paulocolmain.com\/index.php?rest_route=\/wp\/v2\/pages\/7011\/revisions\/7019"}],"up":[{"embeddable":true,"href":"https:\/\/paulocolmain.com\/index.php?rest_route=\/wp\/v2\/pages\/721"}],"wp:attachment":[{"href":"https:\/\/paulocolmain.com\/index.php?rest_route=%2Fwp%2Fv2%2Fmedia&parent=7011"}],"curies":[{"name":"wp","href":"https:\/\/api.w.org\/{rel}","templated":true}]}}