{"id":6998,"date":"2023-04-03T14:06:41","date_gmt":"2023-04-03T14:06:41","guid":{"rendered":"https:\/\/paulocolmain.com\/?page_id=6998"},"modified":"2023-04-03T14:06:41","modified_gmt":"2023-04-03T14:06:41","slug":"haiku-of-the-week-archives-march-2023","status":"publish","type":"page","link":"https:\/\/paulocolmain.com\/?page_id=6998","title":{"rendered":"Haiku of the Week Archives March 2023"},"content":{"rendered":"<p><em>Wonderful light&#8230;<\/em><\/p>\n<h3 style=\"text-align: left;\">Suffused with pink light,<br \/>\nsoft mist envelopes the sea<br \/>\nUnseen crow calls twice.<\/h3>\n<p>(30\/03\/23)<\/p>\n<p>*************************<\/p>\n<p><em>Waking at dawn has its compensations&#8230;<\/em><\/p>\n<h3 style=\"text-align: left;\">Blackbird song-cascade<br \/>\nSlips, sweetly, through the static<br \/>\nof soft, falling rain.<\/h3>\n<p>(24\/03\/23)<\/p>\n<p>*************************<\/p>\n<p><em>Ceoch\u00e1n&#8230;<\/em><\/p>\n<h3 style=\"text-align: left;\">Ceo \u00e9adrom uisci\u00fail,<br \/>\nGi\u00faiseanna ag sileadh.<br \/>\nFeann\u00f3g bh\u00e1ite.<\/h3>\n<p>(17\/03\/23)<\/p>\n<p>*************************<\/p>\n<p><em>Flat calm&#8230;<\/em><\/p>\n<h3 style=\"text-align: left;\">Tide calmly reflects<br \/>\nMirrored wagtails soar and dip<br \/>\nSwan feather becalmed.<\/h3>\n<p>(10\/03\/23)<\/p>\n<p>*************************<\/p>\n<p><em>Ooh, that wind could cut you!Even the daffodils&#8230;<\/em><\/p>\n<h3 style=\"text-align: left;\">Daffodils huddle,<br \/>\ncringe before a dagger wind.<br \/>\nNo day for &#8220;pretty&#8221;.<\/h3>\n<p>(03\/03\/23)<\/p>\n","protected":false},"excerpt":{"rendered":"<p>Wonderful light&#8230; Suffused with pink light, soft mist envelopes the sea Unseen crow calls twice. (30\/03\/23) ************************* Waking at dawn has its compensations&#8230; Blackbird song-cascade Slips, sweetly, through the static of soft, falling rain. (24\/03\/23) ************************* Ceoch\u00e1n&#8230; Ceo \u00e9adrom uisci\u00fail, &hellip; <a href=\"https:\/\/paulocolmain.com\/?page_id=6998\">Continue reading <span class=\"meta-nav\">&rarr;<\/span><\/a><\/p>\n","protected":false},"author":1,"featured_media":0,"parent":6494,"menu_order":3,"comment_status":"closed","ping_status":"closed","template":"","meta":{"ngg_post_thumbnail":0,"spay_email":""},"jetpack_shortlink":"https:\/\/wp.me\/P36zMW-1OS","jetpack_sharing_enabled":true,"_links":{"self":[{"href":"https:\/\/paulocolmain.com\/index.php?rest_route=\/wp\/v2\/pages\/6998"}],"collection":[{"href":"https:\/\/paulocolmain.com\/index.php?rest_route=\/wp\/v2\/pages"}],"about":[{"href":"https:\/\/paulocolmain.com\/index.php?rest_route=\/wp\/v2\/types\/page"}],"author":[{"embeddable":true,"href":"https:\/\/paulocolmain.com\/index.php?rest_route=\/wp\/v2\/users\/1"}],"replies":[{"embeddable":true,"href":"https:\/\/paulocolmain.com\/index.php?rest_route=%2Fwp%2Fv2%2Fcomments&post=6998"}],"version-history":[{"count":1,"href":"https:\/\/paulocolmain.com\/index.php?rest_route=\/wp\/v2\/pages\/6998\/revisions"}],"predecessor-version":[{"id":6999,"href":"https:\/\/paulocolmain.com\/index.php?rest_route=\/wp\/v2\/pages\/6998\/revisions\/6999"}],"up":[{"embeddable":true,"href":"https:\/\/paulocolmain.com\/index.php?rest_route=\/wp\/v2\/pages\/6494"}],"wp:attachment":[{"href":"https:\/\/paulocolmain.com\/index.php?rest_route=%2Fwp%2Fv2%2Fmedia&parent=6998"}],"curies":[{"name":"wp","href":"https:\/\/api.w.org\/{rel}","templated":true}]}}