{"id":639,"date":"2012-03-04T14:43:23","date_gmt":"2012-03-04T14:43:23","guid":{"rendered":"https:\/\/paulocolmain.com\/?page_id=639"},"modified":"2012-03-28T21:41:10","modified_gmt":"2012-03-28T21:41:10","slug":"siuil-amach-an-doras","status":"publish","type":"page","link":"https:\/\/paulocolmain.com\/?page_id=639","title":{"rendered":"Si\u00fail Amach an Doras"},"content":{"rendered":"<p><strong>Si\u00fail Amach an Doras\u00a0\u00a0\u00a0\u00a0\u00a0\u00a0\u00a0\u00a0\u00a0\u00a0\u00a0\u00a0\u00a0 <a href=\"https:\/\/paulocolmain.com\/?page_id=924\" title=\"Si\u00fail amach an doras\">(Translation)<\/a><br \/>\n<\/strong><\/p>\n<p>Bh\u00ed m\u00e9 ag machnamh ar mo chruach\u00e1s ar\u00e9ir,<br \/>\nAg smaoineamh \u2018is ag cuimhneamh ar mo fhadhbanna go l\u00e9ir,<br \/>\nNuair a labhair guth in aice liom, go tobann as an aer<br \/>\nIs d\u00fairt bean liom,\u201dsi\u00fail amach an doras!\u201d<\/p>\n<p>\u201cBh\u00edos ag f\u00e9achaint ort,\u201d a d\u00fairt s\u00ed liom,\u201di ngiorra\u00edocht anocht;<br \/>\nIs rud nua dom: bh\u00ed trua orm, ar chor an duine bhoicht;<br \/>\nAch caithfead bheith mac\u00e1nta leat: is ortsa at\u00e1 \u2018n locht,<br \/>\n\u2018S\u00e9 an r\u00e9iteach n\u00e1 si\u00fail amach an doras.\u201d<\/p>\n<p>Si\u00fail amach an doras &#8211; n\u00e1 habair sl\u00e1n!<br \/>\nSi\u00fail amach an doras &#8211; gan focal amh\u00e1in.<br \/>\nSi\u00fail amach an doras &#8211; amuigh san aer,<br \/>\nSi\u00fail amach an doras &#8211; is beidh t\u00fa saor.<\/p>\n<p>Bheul, aonta\u00edm le do chomhairle is gach focal as do bh\u00e9al,<br \/>\nAch is fusa a r\u00e1 n\u00e1 a dh\u00e9anamh, cos\u00fail le gach rud insan saol,<br \/>\nAch d\u00e1 bhfanf\u00e1 i mo theannta, bheadh a mhalairt ar an sc\u00e9al,<br \/>\nIs bheinn in ann si\u00fail amach an doras.<\/p>\n<p>Si\u00fail amach an doras\u2026srl.<\/p>\n<p>Is d\u00fairt s\u00ed,\u201d\u00f3 gan amhras, tabharfad taca\u00edocht duit, a chro\u00ed,<br \/>\nI nd\u00e1irire t\u00e1 s\u00e9 chomh fuirist le bheith ag comhaireamh 1, 2, 3.<br \/>\nIs mura miste leat, leanfaimid ag cleachtadh i rith na ho\u00edche,<br \/>\nGo dt\u00ed go si\u00falfaidh t\u00fa amach an doras!\u201d<\/p>\n<p>Si\u00fail amach an doras\u2026srl.<\/p>\n","protected":false},"excerpt":{"rendered":"<p>Si\u00fail Amach an Doras\u00a0\u00a0\u00a0\u00a0\u00a0\u00a0\u00a0\u00a0\u00a0\u00a0\u00a0\u00a0\u00a0 (Translation) Bh\u00ed m\u00e9 ag machnamh ar mo chruach\u00e1s ar\u00e9ir, Ag smaoineamh \u2018is ag cuimhneamh ar mo fhadhbanna go l\u00e9ir, Nuair a labhair guth in aice liom, go tobann as an aer Is d\u00fairt bean liom,\u201dsi\u00fail amach &hellip; <a href=\"https:\/\/paulocolmain.com\/?page_id=639\">Continue reading <span class=\"meta-nav\">&rarr;<\/span><\/a><\/p>\n","protected":false},"author":1,"featured_media":0,"parent":560,"menu_order":2,"comment_status":"closed","ping_status":"open","template":"","meta":{"ngg_post_thumbnail":0,"spay_email":""},"jetpack_shortlink":"https:\/\/wp.me\/P36zMW-aj","jetpack_sharing_enabled":true,"_links":{"self":[{"href":"https:\/\/paulocolmain.com\/index.php?rest_route=\/wp\/v2\/pages\/639"}],"collection":[{"href":"https:\/\/paulocolmain.com\/index.php?rest_route=\/wp\/v2\/pages"}],"about":[{"href":"https:\/\/paulocolmain.com\/index.php?rest_route=\/wp\/v2\/types\/page"}],"author":[{"embeddable":true,"href":"https:\/\/paulocolmain.com\/index.php?rest_route=\/wp\/v2\/users\/1"}],"replies":[{"embeddable":true,"href":"https:\/\/paulocolmain.com\/index.php?rest_route=%2Fwp%2Fv2%2Fcomments&post=639"}],"version-history":[{"count":2,"href":"https:\/\/paulocolmain.com\/index.php?rest_route=\/wp\/v2\/pages\/639\/revisions"}],"predecessor-version":[{"id":941,"href":"https:\/\/paulocolmain.com\/index.php?rest_route=\/wp\/v2\/pages\/639\/revisions\/941"}],"up":[{"embeddable":true,"href":"https:\/\/paulocolmain.com\/index.php?rest_route=\/wp\/v2\/pages\/560"}],"wp:attachment":[{"href":"https:\/\/paulocolmain.com\/index.php?rest_route=%2Fwp%2Fv2%2Fmedia&parent=639"}],"curies":[{"name":"wp","href":"https:\/\/api.w.org\/{rel}","templated":true}]}}