{"id":631,"date":"2012-03-04T14:38:39","date_gmt":"2012-03-04T14:38:39","guid":{"rendered":"https:\/\/paulocolmain.com\/?page_id=631"},"modified":"2012-03-04T14:38:39","modified_gmt":"2012-03-04T14:38:39","slug":"ribbons-for-you","status":"publish","type":"page","link":"https:\/\/paulocolmain.com\/?page_id=631","title":{"rendered":"Ribbons for You"},"content":{"rendered":"<p><strong>Ribbons for You<\/strong><\/p>\n<p>In the twilight of the morning<br \/>\ndaylight tiptoes into your room<br \/>\nto steal the gold lying on your pillow,<br \/>\nwoven on a faery loom.<\/p>\n<p>If I were a knight in armour<br \/>\nI would be your champion true.<br \/>\nI would fight to wear your colours.<br \/>\nI would save my ribbons for you.<\/p>\n<p>I would stand under your window<br \/>\nfor hours and hours just for a view:<br \/>\nit is the East and you are the sunrise<br \/>\nAnd I would save my ribbons for you.<\/p>\n<p>D\u00e1 mbeinn in ann fil\u00edocht a scr\u00edobh,<br \/>\ndheinfinn d\u00e1n chun tusa a bhuaigh:<br \/>\nAmour Couertois \u2019is tusa m\u2019aisling<br \/>\nAnd I would save my ribbons for you.<br \/>\nI would save my ribbons for you.<\/p>\n","protected":false},"excerpt":{"rendered":"<p>Ribbons for You In the twilight of the morning daylight tiptoes into your room to steal the gold lying on your pillow, woven on a faery loom. If I were a knight in armour I would be your champion true. &hellip; <a href=\"https:\/\/paulocolmain.com\/?page_id=631\">Continue reading <span class=\"meta-nav\">&rarr;<\/span><\/a><\/p>\n","protected":false},"author":1,"featured_media":0,"parent":558,"menu_order":12,"comment_status":"closed","ping_status":"open","template":"","meta":{"ngg_post_thumbnail":0,"spay_email":""},"jetpack_shortlink":"https:\/\/wp.me\/P36zMW-ab","jetpack_sharing_enabled":true,"_links":{"self":[{"href":"https:\/\/paulocolmain.com\/index.php?rest_route=\/wp\/v2\/pages\/631"}],"collection":[{"href":"https:\/\/paulocolmain.com\/index.php?rest_route=\/wp\/v2\/pages"}],"about":[{"href":"https:\/\/paulocolmain.com\/index.php?rest_route=\/wp\/v2\/types\/page"}],"author":[{"embeddable":true,"href":"https:\/\/paulocolmain.com\/index.php?rest_route=\/wp\/v2\/users\/1"}],"replies":[{"embeddable":true,"href":"https:\/\/paulocolmain.com\/index.php?rest_route=%2Fwp%2Fv2%2Fcomments&post=631"}],"version-history":[{"count":1,"href":"https:\/\/paulocolmain.com\/index.php?rest_route=\/wp\/v2\/pages\/631\/revisions"}],"predecessor-version":[{"id":632,"href":"https:\/\/paulocolmain.com\/index.php?rest_route=\/wp\/v2\/pages\/631\/revisions\/632"}],"up":[{"embeddable":true,"href":"https:\/\/paulocolmain.com\/index.php?rest_route=\/wp\/v2\/pages\/558"}],"wp:attachment":[{"href":"https:\/\/paulocolmain.com\/index.php?rest_route=%2Fwp%2Fv2%2Fmedia&parent=631"}],"curies":[{"name":"wp","href":"https:\/\/api.w.org\/{rel}","templated":true}]}}