{"id":5727,"date":"2022-09-03T12:36:43","date_gmt":"2022-09-03T12:36:43","guid":{"rendered":"https:\/\/paulocolmain.com\/?page_id=5727"},"modified":"2022-09-03T12:36:43","modified_gmt":"2022-09-03T12:36:43","slug":"haiku-of-the-week-august-2022","status":"publish","type":"page","link":"https:\/\/paulocolmain.com\/?page_id=5727","title":{"rendered":"Haiku of the Week August 2022"},"content":{"rendered":"<p><em>Flowers rampant in the verges &#8230;<\/em><\/p>\n<p>Bindweed&#8217;s bright trumpets<br \/>\nblare a visual fanfare:<br \/>\nThe pomp of Summer.<\/p>\n<p>(26\/08\/22)<\/p>\n<p>******************************************<\/p>\n<p><em>Watching birds&#8230;<\/em><\/p>\n<p>Swallows embroider<br \/>\nintricate arcs and spirals.<br \/>\nCrows thread a straight line.<\/p>\n<p>(19\/08\/22)<\/p>\n<p>******************************************<\/p>\n<p><em>Heavenly magic&#8230;<\/em><\/p>\n<p>The sea&#8217;s a mirror<br \/>\nof the sun&#8217;s gold reflection<br \/>\non the full moon&#8217;s face.<\/p>\n<p>(12\/08\/22)<\/p>\n<p>******************************************<\/p>\n<p><em>S\u00e9as\u00far na mbeac\u00e1n anseo ar\u00eds&#8230;<\/em><\/p>\n<p>Ag seasamh amach:<br \/>\nl\u00e9ar\u00f3 d\u00f3chais glanbhlasta.<br \/>\nF\u00e9ir\u00edn n\u00e1d\u00fartha.<\/p>\n<p>(05\/08\/22)<\/p>\n","protected":false},"excerpt":{"rendered":"<p>Flowers rampant in the verges &#8230; Bindweed&#8217;s bright trumpets blare a visual fanfare: The pomp of Summer. (26\/08\/22) ****************************************** Watching birds&#8230; Swallows embroider intricate arcs and spirals. Crows thread a straight line. (19\/08\/22) ****************************************** Heavenly magic&#8230; The sea&#8217;s a mirror &hellip; <a href=\"https:\/\/paulocolmain.com\/?page_id=5727\">Continue reading <span class=\"meta-nav\">&rarr;<\/span><\/a><\/p>\n","protected":false},"author":1,"featured_media":0,"parent":5176,"menu_order":8,"comment_status":"closed","ping_status":"closed","template":"","meta":{"ngg_post_thumbnail":0,"spay_email":""},"jetpack_shortlink":"https:\/\/wp.me\/P36zMW-1un","jetpack_sharing_enabled":true,"_links":{"self":[{"href":"https:\/\/paulocolmain.com\/index.php?rest_route=\/wp\/v2\/pages\/5727"}],"collection":[{"href":"https:\/\/paulocolmain.com\/index.php?rest_route=\/wp\/v2\/pages"}],"about":[{"href":"https:\/\/paulocolmain.com\/index.php?rest_route=\/wp\/v2\/types\/page"}],"author":[{"embeddable":true,"href":"https:\/\/paulocolmain.com\/index.php?rest_route=\/wp\/v2\/users\/1"}],"replies":[{"embeddable":true,"href":"https:\/\/paulocolmain.com\/index.php?rest_route=%2Fwp%2Fv2%2Fcomments&post=5727"}],"version-history":[{"count":1,"href":"https:\/\/paulocolmain.com\/index.php?rest_route=\/wp\/v2\/pages\/5727\/revisions"}],"predecessor-version":[{"id":5728,"href":"https:\/\/paulocolmain.com\/index.php?rest_route=\/wp\/v2\/pages\/5727\/revisions\/5728"}],"up":[{"embeddable":true,"href":"https:\/\/paulocolmain.com\/index.php?rest_route=\/wp\/v2\/pages\/5176"}],"wp:attachment":[{"href":"https:\/\/paulocolmain.com\/index.php?rest_route=%2Fwp%2Fv2%2Fmedia&parent=5727"}],"curies":[{"name":"wp","href":"https:\/\/api.w.org\/{rel}","templated":true}]}}