{"id":5660,"date":"2022-08-15T16:26:00","date_gmt":"2022-08-15T16:26:00","guid":{"rendered":"https:\/\/paulocolmain.com\/?page_id=5660"},"modified":"2022-08-15T16:33:25","modified_gmt":"2022-08-15T16:33:25","slug":"july-2022","status":"publish","type":"page","link":"https:\/\/paulocolmain.com\/?page_id=5660","title":{"rendered":"July 2022"},"content":{"rendered":"<p class=\"p1\"><i>51C in Sicily but here: fog\u2026<\/i><\/p>\n<p class=\"p1\">Summer in Europe,<br \/>\nWhere do clouds go for a break?<br \/>\nThey come to Ireland.<\/p>\n<p class=\"p1\">(29\/07\/22)<\/p>\n<p class=\"p1\">******************************************<\/p>\n<p class=\"p1\"><i>Na pr\u00e9ach\u00e1in\u2026<\/i><\/p>\n<p class=\"p1\">Suantra\u00ed gharbh,<br \/>\nc\u00e1-r\u00e1 na gcar\u00f3g liath:<br \/>\nr\u00f3-ard; r\u00f3-luath.<\/p>\n<p class=\"p1\">(22\/07\/22)<\/p>\n<p class=\"p1\">******************************************<\/p>\n<p class=\"p1\"><i>Very hot\u2026<\/i><\/p>\n<p class=\"p1\">The birds are silent.<br \/>\nEven seagulls seem muted.<br \/>\nThe cat sprawls in shade.<\/p>\n<p class=\"p1\">(14\/07\/22)<\/p>\n<p class=\"p1\">******************************************<\/p>\n<p class=\"p1\"><i>Cool under the fernery\u2026<\/i><\/p>\n<p class=\"p1\">Tree-fern colonnade<br \/>\nunder-lit by dappled stream<br \/>\nreflecting cool thoughts.<\/p>\n<p class=\"p1\">(08\/07\/22)<\/p>\n<p class=\"p1\">******************************************<\/p>\n<p class=\"p1\"><i>Hot, hot, hot\u2026<\/i><\/p>\n<p class=\"p1\">Hot, midday sunshine,<br \/>\nGrasshopper castanets time<br \/>\nmagpie flamenco.<\/p>\n<p class=\"p1\">(01\/07\/22)<\/p>\n","protected":false},"excerpt":{"rendered":"<p>51C in Sicily but here: fog\u2026 Summer in Europe, Where do clouds go for a break? They come to Ireland. (29\/07\/22) ****************************************** Na pr\u00e9ach\u00e1in\u2026 Suantra\u00ed gharbh, c\u00e1-r\u00e1 na gcar\u00f3g liath: r\u00f3-ard; r\u00f3-luath. (22\/07\/22) ****************************************** Very hot\u2026 The birds are silent. &hellip; <a href=\"https:\/\/paulocolmain.com\/?page_id=5660\">Continue reading <span class=\"meta-nav\">&rarr;<\/span><\/a><\/p>\n","protected":false},"author":1,"featured_media":0,"parent":5176,"menu_order":7,"comment_status":"closed","ping_status":"closed","template":"","meta":{"ngg_post_thumbnail":0,"spay_email":""},"jetpack_shortlink":"https:\/\/wp.me\/P36zMW-1ti","jetpack_sharing_enabled":true,"_links":{"self":[{"href":"https:\/\/paulocolmain.com\/index.php?rest_route=\/wp\/v2\/pages\/5660"}],"collection":[{"href":"https:\/\/paulocolmain.com\/index.php?rest_route=\/wp\/v2\/pages"}],"about":[{"href":"https:\/\/paulocolmain.com\/index.php?rest_route=\/wp\/v2\/types\/page"}],"author":[{"embeddable":true,"href":"https:\/\/paulocolmain.com\/index.php?rest_route=\/wp\/v2\/users\/1"}],"replies":[{"embeddable":true,"href":"https:\/\/paulocolmain.com\/index.php?rest_route=%2Fwp%2Fv2%2Fcomments&post=5660"}],"version-history":[{"count":1,"href":"https:\/\/paulocolmain.com\/index.php?rest_route=\/wp\/v2\/pages\/5660\/revisions"}],"predecessor-version":[{"id":5661,"href":"https:\/\/paulocolmain.com\/index.php?rest_route=\/wp\/v2\/pages\/5660\/revisions\/5661"}],"up":[{"embeddable":true,"href":"https:\/\/paulocolmain.com\/index.php?rest_route=\/wp\/v2\/pages\/5176"}],"wp:attachment":[{"href":"https:\/\/paulocolmain.com\/index.php?rest_route=%2Fwp%2Fv2%2Fmedia&parent=5660"}],"curies":[{"name":"wp","href":"https:\/\/api.w.org\/{rel}","templated":true}]}}