{"id":558,"date":"2012-03-03T17:28:29","date_gmt":"2012-03-03T17:28:29","guid":{"rendered":"https:\/\/paulocolmain.com\/?page_id=558"},"modified":"2020-04-22T09:18:08","modified_gmt":"2020-04-22T09:18:08","slug":"dancing-from-the-knees-up-lyrics","status":"publish","type":"page","link":"https:\/\/paulocolmain.com\/?page_id=558","title":{"rendered":"Dancing from the knees up (lyrics)"},"content":{"rendered":"<p><strong>Dancing from the knees up<\/strong>&nbsp;&nbsp;&nbsp;&nbsp;&nbsp;&nbsp; (2000) CD\/FRR\/I\/01<br \/>\n<a title=\"Disappearing shoes\" href=\"https:\/\/paulocolmain.com\/?page_id=602\">Disappearing shoes<\/a><br \/>\n<a title=\"An Domhan Cl\u00e1ir\" href=\"https:\/\/paulocolmain.com\/?page_id=584\">An Domhain Cl\u00e1ir<\/a><br \/>\n<a title=\"Doris Day smile\" href=\"https:\/\/paulocolmain.com\/?page_id=604\">Doris Day Smile<\/a><br \/>\n<a title=\"Island Lady\" href=\"https:\/\/paulocolmain.com\/?page_id=616\">Island Lady<\/a><br \/>\n<a title=\"D\u2019iompaigh m\u00e9\" href=\"https:\/\/paulocolmain.com\/?page_id=600\">D&#8217;iompaigh m\u00e9<\/a><br \/>\n<a title=\"The Only One\" href=\"https:\/\/paulocolmain.com\/?page_id=650\">The Only One<\/a><br \/>\n<a title=\"The Grace of You\" href=\"https:\/\/paulocolmain.com\/?page_id=648\">The Grace of You<\/a><br \/>\n<a title=\"A rainy day\" href=\"https:\/\/paulocolmain.com\/?page_id=580\">A Rainy Day<\/a><br \/>\n<a title=\"Sitting in a Caf\u00e9\" href=\"https:\/\/paulocolmain.com\/?page_id=637\">Sitting in a Caf\u00e9<\/a><a title=\"You Just Walked In\" href=\"https:\/\/paulocolmain.com\/?page_id=666\"><br \/>\n<\/a><a title=\"Watchyagonnado?\" href=\"https:\/\/paulocolmain.com\/?page_id=660\">You Just Walked In<\/a><a title=\"You Just Walked In\" href=\"https:\/\/paulocolmain.com\/?page_id=666\"><br \/>\n<\/a><a title=\"Watchyagonnado?\" href=\"https:\/\/paulocolmain.com\/?page_id=660\">Watchyagonnado?<\/a><br \/>\n<a title=\"Ribbons for You\" href=\"https:\/\/paulocolmain.com\/?page_id=631\">Ribbons for You<\/a><\/p>\n","protected":false},"excerpt":{"rendered":"<p>Dancing from the knees up&nbsp;&nbsp;&nbsp;&nbsp;&nbsp;&nbsp; (2000) CD\/FRR\/I\/01 Disappearing shoes An Domhain Cl\u00e1ir Doris Day Smile Island Lady D&#8217;iompaigh m\u00e9 The Only One The Grace of You A Rainy Day Sitting in a Caf\u00e9 You Just Walked In Watchyagonnado? Ribbons for &hellip; <a href=\"https:\/\/paulocolmain.com\/?page_id=558\">Continue reading <span class=\"meta-nav\">&rarr;<\/span><\/a><\/p>\n","protected":false},"author":1,"featured_media":0,"parent":556,"menu_order":6,"comment_status":"closed","ping_status":"open","template":"","meta":{"ngg_post_thumbnail":0,"spay_email":""},"jetpack_shortlink":"https:\/\/wp.me\/P36zMW-90","jetpack_sharing_enabled":true,"_links":{"self":[{"href":"https:\/\/paulocolmain.com\/index.php?rest_route=\/wp\/v2\/pages\/558"}],"collection":[{"href":"https:\/\/paulocolmain.com\/index.php?rest_route=\/wp\/v2\/pages"}],"about":[{"href":"https:\/\/paulocolmain.com\/index.php?rest_route=\/wp\/v2\/types\/page"}],"author":[{"embeddable":true,"href":"https:\/\/paulocolmain.com\/index.php?rest_route=\/wp\/v2\/users\/1"}],"replies":[{"embeddable":true,"href":"https:\/\/paulocolmain.com\/index.php?rest_route=%2Fwp%2Fv2%2Fcomments&post=558"}],"version-history":[{"count":8,"href":"https:\/\/paulocolmain.com\/index.php?rest_route=\/wp\/v2\/pages\/558\/revisions"}],"predecessor-version":[{"id":3928,"href":"https:\/\/paulocolmain.com\/index.php?rest_route=\/wp\/v2\/pages\/558\/revisions\/3928"}],"up":[{"embeddable":true,"href":"https:\/\/paulocolmain.com\/index.php?rest_route=\/wp\/v2\/pages\/556"}],"wp:attachment":[{"href":"https:\/\/paulocolmain.com\/index.php?rest_route=%2Fwp%2Fv2%2Fmedia&parent=558"}],"curies":[{"name":"wp","href":"https:\/\/api.w.org\/{rel}","templated":true}]}}