{"id":531,"date":"2012-03-02T15:21:59","date_gmt":"2012-03-02T15:21:59","guid":{"rendered":"https:\/\/paulocolmain.com\/?page_id=531"},"modified":"2023-11-24T14:00:45","modified_gmt":"2023-11-24T14:00:45","slug":"videos","status":"publish","type":"page","link":"https:\/\/paulocolmain.com\/?page_id=531","title":{"rendered":"Videos"},"content":{"rendered":"<p>Here you can see some videos of my music. Don\u2019t forget to click \u201cLIKE\u201d when you watch!!<\/p>\n<p>T\u00e1 f\u00edse\u00e1in le feice\u00e1il anseo th\u00edos de chuid de mo chnuasach amhr\u00e1n. N\u00e1 dear\u00faid an cnaipe \u201cLIKE\u201d a clice\u00e1il!<\/p>\n<p><a href=\"https:\/\/www.youtube.com\/watch?v=Dtwm_FdqpJ8\" target=\"_blank\" rel=\"noopener noreferrer\">Lig dom d\u00faiseacht<\/a>&nbsp; &nbsp; &nbsp; &nbsp; (le Clann.\u00d3C)<\/p>\n<p><a href=\"https:\/\/www.youtube.com\/watch?v=u_eSGA4TEB0\" target=\"_blank\" rel=\"noopener noreferrer\">I bP\u00e1ras leat&nbsp;<\/a> &nbsp; &nbsp; &nbsp;(le Clann.\u00d3C)<\/p>\n<p><a href=\"https:\/\/paulocolmain.com\/?page_id=529\" target=\"_blank\" rel=\"noopener noreferrer\">Ciorcail<\/a><\/p>\n<p><a href=\"https:\/\/www.youtube.com\/watch?v=rj0tVbJdiDw\" target=\"_blank\" rel=\"noopener noreferrer\">Oighreata (beo)<\/a><\/p>\n<p><a href=\"https:\/\/www.youtube.com\/watch?v=OaL-wLCbe8E\" target=\"_blank\" rel=\"noopener noreferrer\">Mianta R\u00fanda<\/a>&nbsp; &nbsp; &nbsp; (le Clann.\u00d3C)<\/p>\n<p><a title=\"Courage too late video\" href=\"https:\/\/paulocolmain.com\/?page_id=1394\" target=\"_blank\" rel=\"noopener noreferrer\">Courage too lat<\/a><a title=\"Courage too late video\" href=\"https:\/\/paulocolmain.com\/?page_id=1394\">e<\/a><\/p>\n<p><a title=\"If it\u2019s going to rain video\" href=\"https:\/\/paulocolmain.com\/?page_id=1408\" target=\"_blank\" rel=\"noopener noreferrer\">If it&#8217;s going to rain\/The shadow of dancing leaves<\/a><\/p>\n<p><a href=\"https:\/\/www.youtube.com\/watch?v=Y5b0Vvvfy-g\" target=\"_blank\" rel=\"noopener noreferrer\">Oh, America<\/a><\/p>\n<p><a title=\"Turas video\" href=\"https:\/\/paulocolmain.com\/?page_id=768\" target=\"_blank\" rel=\"noopener noreferrer\">Turas<\/a><\/p>\n<p><a title=\"Secret Desire video\" href=\"https:\/\/paulocolmain.com\/?page_id=1423\" target=\"_blank\" rel=\"noopener noreferrer\">Secret Desire<\/a><\/p>\n","protected":false},"excerpt":{"rendered":"<p>Here you can see some videos of my music. Don\u2019t forget to click \u201cLIKE\u201d when you watch!! T\u00e1 f\u00edse\u00e1in le feice\u00e1il anseo th\u00edos de chuid de mo chnuasach amhr\u00e1n. N\u00e1 dear\u00faid an cnaipe \u201cLIKE\u201d a clice\u00e1il! Lig dom d\u00faiseacht&nbsp; &nbsp; &hellip; <a href=\"https:\/\/paulocolmain.com\/?page_id=531\">Continue reading <span class=\"meta-nav\">&rarr;<\/span><\/a><\/p>\n","protected":false},"author":1,"featured_media":0,"parent":0,"menu_order":6,"comment_status":"closed","ping_status":"open","template":"","meta":{"ngg_post_thumbnail":0,"spay_email":""},"jetpack_shortlink":"https:\/\/wp.me\/P36zMW-8z","jetpack_sharing_enabled":true,"_links":{"self":[{"href":"https:\/\/paulocolmain.com\/index.php?rest_route=\/wp\/v2\/pages\/531"}],"collection":[{"href":"https:\/\/paulocolmain.com\/index.php?rest_route=\/wp\/v2\/pages"}],"about":[{"href":"https:\/\/paulocolmain.com\/index.php?rest_route=\/wp\/v2\/types\/page"}],"author":[{"embeddable":true,"href":"https:\/\/paulocolmain.com\/index.php?rest_route=\/wp\/v2\/users\/1"}],"replies":[{"embeddable":true,"href":"https:\/\/paulocolmain.com\/index.php?rest_route=%2Fwp%2Fv2%2Fcomments&post=531"}],"version-history":[{"count":20,"href":"https:\/\/paulocolmain.com\/index.php?rest_route=\/wp\/v2\/pages\/531\/revisions"}],"predecessor-version":[{"id":7824,"href":"https:\/\/paulocolmain.com\/index.php?rest_route=\/wp\/v2\/pages\/531\/revisions\/7824"}],"wp:attachment":[{"href":"https:\/\/paulocolmain.com\/index.php?rest_route=%2Fwp%2Fv2%2Fmedia&parent=531"}],"curies":[{"name":"wp","href":"https:\/\/api.w.org\/{rel}","templated":true}]}}