{"id":4002,"date":"2020-06-01T15:51:12","date_gmt":"2020-06-01T15:51:12","guid":{"rendered":"https:\/\/paulocolmain.com\/?page_id=4002"},"modified":"2020-06-01T15:51:12","modified_gmt":"2020-06-01T15:51:12","slug":"may-2020","status":"publish","type":"page","link":"https:\/\/paulocolmain.com\/?page_id=4002","title":{"rendered":"May 2020"},"content":{"rendered":"\n<p><em>Unexpected late May storm\u2026<\/em><\/p>\n\n\n\n<p>The woods appear shook;<br>Fresh debris litters the floor.<br>The Scairbh\u00edn hits.<\/p>\n\n\n\n<p>(29\/05\/20)<\/p>\n\n\n\n<p>************************<\/p>\n\n\n\n<p><em>Morning in the greenwood\u2026<\/em><\/p>\n\n\n\n<p>The wood awakens.<br>Dark canopy dappled by<br>sunlight and birdsong.<\/p>\n\n\n\n<p>(22\/05\/20)<\/p>\n\n\n\n<p>************************<\/p>\n\n\n\n<p><em>Willow trees broadcasting their seeds on every breath of wind\u2026<\/em><\/p>\n\n\n\n<p>Wafting willow-down<br>decorating spiders\u2019 webs;<br>gentling their menace.<\/p>\n\n\n\n<p>(15\/05\/20)<\/p>\n\n\n\n<p>************************<\/p>\n\n\n\n<p><em>T\u00e1 an t-am ag eitilt\u2026<\/em><\/p>\n\n\n\n<p>D\u00e9 hAoine ar\u00eds.<br>S\u00e9ideann na laethanta thart<br>mar bhl\u00e1th na sceiche.<\/p>\n\n\n\n<p>(08\/05\/20)<\/p>\n\n\n\n<p>************************<\/p>\n\n\n\n<p><em>A good time for bees\u2026<\/em><\/p>\n\n\n\n<p>Bees\u2019 chainsaw droning<br>cuts through early morning sleep;<br>darn workaholics!<\/p>\n\n\n\n<p>(01\/05\/20)<\/p>\n","protected":false},"excerpt":{"rendered":"<p>Unexpected late May storm\u2026 The woods appear shook;Fresh debris litters the floor.The Scairbh\u00edn hits. (29\/05\/20) ************************ Morning in the greenwood\u2026 The wood awakens.Dark canopy dappled bysunlight and birdsong. (22\/05\/20) ************************ Willow trees broadcasting their seeds on every breath of wind\u2026 &hellip; <a href=\"https:\/\/paulocolmain.com\/?page_id=4002\">Continue reading <span class=\"meta-nav\">&rarr;<\/span><\/a><\/p>\n","protected":false},"author":1,"featured_media":0,"parent":3786,"menu_order":5,"comment_status":"closed","ping_status":"closed","template":"","meta":{"ngg_post_thumbnail":0,"spay_email":""},"jetpack_shortlink":"https:\/\/wp.me\/P36zMW-12y","jetpack_sharing_enabled":true,"_links":{"self":[{"href":"https:\/\/paulocolmain.com\/index.php?rest_route=\/wp\/v2\/pages\/4002"}],"collection":[{"href":"https:\/\/paulocolmain.com\/index.php?rest_route=\/wp\/v2\/pages"}],"about":[{"href":"https:\/\/paulocolmain.com\/index.php?rest_route=\/wp\/v2\/types\/page"}],"author":[{"embeddable":true,"href":"https:\/\/paulocolmain.com\/index.php?rest_route=\/wp\/v2\/users\/1"}],"replies":[{"embeddable":true,"href":"https:\/\/paulocolmain.com\/index.php?rest_route=%2Fwp%2Fv2%2Fcomments&post=4002"}],"version-history":[{"count":1,"href":"https:\/\/paulocolmain.com\/index.php?rest_route=\/wp\/v2\/pages\/4002\/revisions"}],"predecessor-version":[{"id":4003,"href":"https:\/\/paulocolmain.com\/index.php?rest_route=\/wp\/v2\/pages\/4002\/revisions\/4003"}],"up":[{"embeddable":true,"href":"https:\/\/paulocolmain.com\/index.php?rest_route=\/wp\/v2\/pages\/3786"}],"wp:attachment":[{"href":"https:\/\/paulocolmain.com\/index.php?rest_route=%2Fwp%2Fv2%2Fmedia&parent=4002"}],"curies":[{"name":"wp","href":"https:\/\/api.w.org\/{rel}","templated":true}]}}