{"id":3921,"date":"2020-04-22T09:08:31","date_gmt":"2020-04-22T09:08:31","guid":{"rendered":"https:\/\/paulocolmain.com\/?page_id=3921"},"modified":"2020-04-22T09:08:31","modified_gmt":"2020-04-22T09:08:31","slug":"oighreata","status":"publish","type":"page","link":"https:\/\/paulocolmain.com\/?page_id=3921","title":{"rendered":"Oighreata"},"content":{"rendered":"\n<p><strong>Oighreata&nbsp;&nbsp;&nbsp;&nbsp;&nbsp;&nbsp;&nbsp;&nbsp;&nbsp;&nbsp;&nbsp;&nbsp;&nbsp;&nbsp;&nbsp;&nbsp;&nbsp;&nbsp;&nbsp;&nbsp;&nbsp;&nbsp;&nbsp;&nbsp; <a href=\"https:\/\/paulocolmain.com\/?page_id=920\">(Translation)<\/a><br><\/strong><\/p>\n\n\n\n<p>Ch\u00edm i do sheasamh cois fuinneog t\u00fa<br>\u2018is eas na geala\u00ed ag stealladh ort,<br>d\u00fanfort fuar, f\u00edor\u00e1lainn cinni\u00fanach<br>le caomhn\u00fa \u00e9iginnte na falla\u00ed thart.<\/p>\n\n\n\n<p>Go balbh i loinnir na geala\u00ed<br>mar dhealbh faoi bhrat tostach sneachta<br>ach do ghualainn ag critheadh leis an iarracht<br>do chuid g\u00e9arghol crua a smachtadh.<\/p>\n\n\n\n<p>Scairtim d\u2019ainm agus casann t\u00fa,<br>ach iompa\u00edonn t\u00fa do sh\u00faile dheargimealltachta uaim:<br>deargthraochta le caoineadh, na deora f\u00f3s ag sileadh<br>\u2018is druideann t\u00fa go daingean amach m\u00e9.<\/p>\n\n\n\n<p>Agus t\u00e1imse oighreata sa doras,<br>oighreata i dt\u00edr \u00edochtarach fhuarch\u00faiseach.<br>Ceapadh sa ghaiste curtha agam f\u00e9in,<br>gafa i dtromlu\u00ed gan dh\u00faiseacht.<\/p>\n\n\n\n<p>Scairtim d\u2019ainm&#8230;<\/p>\n","protected":false},"excerpt":{"rendered":"<p>Oighreata&nbsp;&nbsp;&nbsp;&nbsp;&nbsp;&nbsp;&nbsp;&nbsp;&nbsp;&nbsp;&nbsp;&nbsp;&nbsp;&nbsp;&nbsp;&nbsp;&nbsp;&nbsp;&nbsp;&nbsp;&nbsp;&nbsp;&nbsp;&nbsp; (Translation) Ch\u00edm i do sheasamh cois fuinneog t\u00fa\u2018is eas na geala\u00ed ag stealladh ort,d\u00fanfort fuar, f\u00edor\u00e1lainn cinni\u00fanachle caomhn\u00fa \u00e9iginnte na falla\u00ed thart. Go balbh i loinnir na geala\u00edmar dhealbh faoi bhrat tostach sneachtaach do ghualainn ag critheadh leis an &hellip; <a href=\"https:\/\/paulocolmain.com\/?page_id=3921\">Continue reading <span class=\"meta-nav\">&rarr;<\/span><\/a><\/p>\n","protected":false},"author":1,"featured_media":0,"parent":3894,"menu_order":7,"comment_status":"closed","ping_status":"closed","template":"","meta":{"ngg_post_thumbnail":0,"spay_email":""},"jetpack_shortlink":"https:\/\/wp.me\/P36zMW-11f","jetpack_sharing_enabled":true,"_links":{"self":[{"href":"https:\/\/paulocolmain.com\/index.php?rest_route=\/wp\/v2\/pages\/3921"}],"collection":[{"href":"https:\/\/paulocolmain.com\/index.php?rest_route=\/wp\/v2\/pages"}],"about":[{"href":"https:\/\/paulocolmain.com\/index.php?rest_route=\/wp\/v2\/types\/page"}],"author":[{"embeddable":true,"href":"https:\/\/paulocolmain.com\/index.php?rest_route=\/wp\/v2\/users\/1"}],"replies":[{"embeddable":true,"href":"https:\/\/paulocolmain.com\/index.php?rest_route=%2Fwp%2Fv2%2Fcomments&post=3921"}],"version-history":[{"count":1,"href":"https:\/\/paulocolmain.com\/index.php?rest_route=\/wp\/v2\/pages\/3921\/revisions"}],"predecessor-version":[{"id":3922,"href":"https:\/\/paulocolmain.com\/index.php?rest_route=\/wp\/v2\/pages\/3921\/revisions\/3922"}],"up":[{"embeddable":true,"href":"https:\/\/paulocolmain.com\/index.php?rest_route=\/wp\/v2\/pages\/3894"}],"wp:attachment":[{"href":"https:\/\/paulocolmain.com\/index.php?rest_route=%2Fwp%2Fv2%2Fmedia&parent=3921"}],"curies":[{"name":"wp","href":"https:\/\/api.w.org\/{rel}","templated":true}]}}