{"id":390,"date":"2012-02-13T14:27:14","date_gmt":"2012-02-13T14:27:14","guid":{"rendered":"https:\/\/paulocolmain.com\/?page_id=390"},"modified":"2013-09-18T11:06:36","modified_gmt":"2013-09-18T11:06:36","slug":"links","status":"publish","type":"page","link":"https:\/\/paulocolmain.com\/?page_id=390","title":{"rendered":"Links _ Naisc"},"content":{"rendered":"<p><a title=\"Marie Cullen\" href=\"http:\/\/mariecullen.com\">Marie Cullen<\/a> is not only my wife, life partner, best friend, but a great interpreter of the Irish landscape. Definitely have a good look at her work. (sorry, her site is in the process of a total rehabilitation, it&#8217;ll be live soon)<\/p>\n<p><a href=\"http:\/\/working-artiststudios.com\/\">Working Artist Studios<\/a> is a wonderful place, resource, inspiration in Skibbereen. It is a gallery of new and exciting Art; artist&#8217;s workshops that are open to the public; a location for classes &amp; courses; and and Cultural Centre, &#8220;Outer Space&#8221;, where poetry readings, music gigs and writing and art workshops take place. Visit the site &#8211; both virtual and actual! The site is undergoing full-scale reconstruction at the moment! And you can visit\/join our <a href=\"http:\/\/www.facebook.com\/pages\/Working-Artist-Studios\/184258858280445?ref=ts\">Facebook page.<\/a><\/p>\n<p>Another of my favourite artists is sculptor and childrens&#8217; author, <a href=\"http:\/\/www.dubhaltach.com\">Dubhaltach \u00d3 Colm\u00e1in<\/a> (yes, he&#8217;s my son!) Have a look at his wonderful work on his new site.<\/p>\n<p><a title=\"Good Dead Me\" href=\"http:\/\/www.bebo.com\/gooddeadme\">Good Dead Me<\/a> are the hardest-working and -rocking band in Ireland! They also moonlight as backing band with the wonderful Laura J Devlin, adopting the epithet,<a title=\"LJ &amp; the Tree Sleepers\" href=\"http:\/\/treesleepers.com\/\">\u00a0The Tree Sleepers.<\/a> Great songs, great music, great arrangements and dynamics, make sure you get to see them, hear and buy their records! You owe it to yourself!<\/p>\n<p>One of the best and most innovative sculptors working in Ireland is <a title=\"Holger Lonze\" href=\"http:\/\/www.holgerlonze.com\/home.shtml \">Holger L\u00f6nze<\/a>. You&#8217;ll have seen some of his public commissions, particularly if you travel in Northern Ireland. His work is beautiful. He is fascinated by ancient traditional methods of working, whether it is casting bronze using Bronze Age techniques or building traditional, vernacular boats. Together we offer curach and naomh\u00f3g buiding courses through the medium of the Irish language. Le ch\u00e9ile, ofr\u00e1laimid c\u00farsa\u00ed t\u00f3g\u00e1la na gcurach canbhais &#8211; tr\u00ed mhe\u00e1n na Gaeilge.<br \/>\nChuireas Gaeilge ar a shu\u00edomh ghr\u00e9as\u00e1in iontach anuraidh d\u00f3. Recently, I translated his wonderful website into Gaeilge.<\/p>\n<p>Locally-based poet, <a title=\"James Harpur\" href=\"http:\/\/www.jamesharpur.com\/  \">James Harpur<\/a> is one of the best writers of poetry in Ireland today. His readings are a delight.<\/p>\n<p>Multi-media artist, <a href=\"http:\/\/tomaszmadajczak.blogspot.ie\/ \">Tomasz Madajczak,<\/a> also runs photography classes in WAS<\/p>\n<p><a title=\"Kenny Draed\" href=\"http:\/\/www.kennydread.com\/\">Kenny Dread<\/a> is not only one of the best song-writers and guitar players to come out of the Windy City, but is also a whizz on website design (thanks for the help, Kenny!) He&#8217;s based on The Sheep&#8217;s Head these days.<\/p>\n<p><a href=\"http:\/\/www.timetraveller.ie\/\">The Time Traveller&#8217;s Bookshop<\/a> in Skibbereen is the best bookshop in Ireland! The only problem with is getting out within two hours of entering! It&#8217;s got all the books you could ever want, music, records (yes! vinyl!) cds, masses of poetry and a beautiful gallery.<\/p>\n<p>Clodagh Simonds is one of Ireland&#8217;s musical treasures. She&#8217;s been writing, performing, recording &amp; playing since her early teens and has played with a veritable Who&#8217;s Who of musical greats, Irish and international. (Oh, and with me too!!) She was in the now-cult 70&#8217;s Irish Folk band, Mellow Candle and is currently recording and performing with the transcendent <a title=\"Fovea Hex. Clodagh Simonds\" href=\"www.janetrecords.com\/\">Fovea Hex.<\/a><\/p>\n<p><a title=\"Susan Weinreich\" href=\"http:\/\/www.susanweinreich.com\/\">Susan Weinreich<\/a> is a painter and portrait artist from New York. Have a look at her very interesting work.<\/p>\n<p><a href=\"http:\/\/www.munsterlit.ie\/Southword%20Journal.html\">Southword Journal<\/a>: Founded in 1993, the Munster Literature Centre (Ionad Litr\u00edochta an Deiscirt) is a non-profit arts organisation dedicated to the promotion and celebration of literature, especially that of Munster. They&#8217;ve always been a great support to me and to other poets and writers. I&#8217;d strongly recommend\u00a0 subscribing to their bi-annual journal.<\/p>\n<p><a href=\"http:\/\/www.catherinecunninghammusic.com \">Catherine Cunningham<\/a> is a West-Cork-based singer, guitarist and songwriter of excellent songs: sad, funny, angry, boppy, political, you name it! She&#8217;s one of the wittiest, cleverest songwriters I know.<\/p>\n<p><a href=\"http:\/\/www.moriyamaproductions.com\/ukabout\/\">Mark Moriyama<\/a> made some the videos here on the site, he&#8217;s a joy to work with and extremely professional and talented.<\/p>\n","protected":false},"excerpt":{"rendered":"<p>Marie Cullen is not only my wife, life partner, best friend, but a great interpreter of the Irish landscape. Definitely have a good look at her work. (sorry, her site is in the process of a total rehabilitation, it&#8217;ll be &hellip; <a href=\"https:\/\/paulocolmain.com\/?page_id=390\">Continue reading <span class=\"meta-nav\">&rarr;<\/span><\/a><\/p>\n","protected":false},"author":1,"featured_media":0,"parent":0,"menu_order":19,"comment_status":"closed","ping_status":"closed","template":"","meta":{"ngg_post_thumbnail":0,"spay_email":""},"jetpack_shortlink":"https:\/\/wp.me\/P36zMW-6i","jetpack_sharing_enabled":true,"_links":{"self":[{"href":"https:\/\/paulocolmain.com\/index.php?rest_route=\/wp\/v2\/pages\/390"}],"collection":[{"href":"https:\/\/paulocolmain.com\/index.php?rest_route=\/wp\/v2\/pages"}],"about":[{"href":"https:\/\/paulocolmain.com\/index.php?rest_route=\/wp\/v2\/types\/page"}],"author":[{"embeddable":true,"href":"https:\/\/paulocolmain.com\/index.php?rest_route=\/wp\/v2\/users\/1"}],"replies":[{"embeddable":true,"href":"https:\/\/paulocolmain.com\/index.php?rest_route=%2Fwp%2Fv2%2Fcomments&post=390"}],"version-history":[{"count":33,"href":"https:\/\/paulocolmain.com\/index.php?rest_route=\/wp\/v2\/pages\/390\/revisions"}],"predecessor-version":[{"id":1697,"href":"https:\/\/paulocolmain.com\/index.php?rest_route=\/wp\/v2\/pages\/390\/revisions\/1697"}],"wp:attachment":[{"href":"https:\/\/paulocolmain.com\/index.php?rest_route=%2Fwp%2Fv2%2Fmedia&parent=390"}],"curies":[{"name":"wp","href":"https:\/\/api.w.org\/{rel}","templated":true}]}}