{"id":3899,"date":"2020-04-22T08:33:00","date_gmt":"2020-04-22T08:33:00","guid":{"rendered":"https:\/\/paulocolmain.com\/?page_id=3899"},"modified":"2020-04-22T13:44:50","modified_gmt":"2020-04-22T13:44:50","slug":"dhuisios-areir","status":"publish","type":"page","link":"https:\/\/paulocolmain.com\/?page_id=3899","title":{"rendered":"Dh\u00fais\u00edos ar\u00e9ir"},"content":{"rendered":"\n<p><em>(Translation below)<\/em><\/p>\n\n\n\n<p>Dh\u00fais\u00edos ar\u00e9ir, i l\u00e1r na ho\u00edche, do Aonghus \u00d3g a bh\u00edos ag gu\u00ed.                Dh\u00fais\u00edos ar\u00e9ir, och\u00f3n, och\u00f3n, gan chuideachta ach mo bhr\u00f3n.     <\/p>\n\n\n\n<p>Dh\u00fais\u00edos ar\u00e9ir, i l\u00e1r thromlu\u00ed, moth\u00fac\u00e1n folamh i mo chro\u00ed.                    Dh\u00fais\u00edos ar\u00e9ir, is mise corraithe, chugham f\u00e9in a bh\u00edos ag borradh. <\/p>\n\n\n\n<p>Dh\u00fais\u00edos ar\u00e9ir, i ndroch-sceitim\u00edn\u00ed, mo shaol uilig ina smidir\u00edn\u00ed.           Dh\u00fais\u00edos ar\u00e9ir, go deimhin i dtocht, \u2018is tuargaint fhiachmhar i m\u2019ucht. <\/p>\n\n\n\n<p>Dh\u00fais\u00edos ar\u00e9ir, ar\u00eds, athuair, timpeall orm scamall fuar.                            Dh\u00fais\u00edos ar\u00e9ir, faraor, ar\u00eds, tachta, gafa, greamaithe i mb\u00eds. <\/p>\n\n\n\n<p>Dh\u00fais\u00edos ar\u00e9ir, b\u2019fhada \u2018n o\u00edche, n\u00ed b\u2019fhaide f\u00f3s a bh\u00edos ag caoineadh. Dh\u00fais\u00edos ar\u00e9ir, i ndubhlinn mh\u00f3r, \u2018s m\u00e9 ag dul faoi don tr\u00ed\u00fa uair. <\/p>\n\n\n\n<p>Dh\u00fais\u00edos ar\u00e9ir, as mo stuaim, ag b\u00e1 go mall in aig\u00e9an gruaime.             Dh\u00fais\u00edos ar\u00e9ir, i l\u00e1r na ho\u00edche, codladh ar\u00eds, n\u00ed dh\u00e9anfad cho\u00edche. <\/p>\n\n\n\n<p>                        *********************************<\/p>\n\n\n\n<p><strong>I awoke last night<\/strong><\/p>\n\n\n\n<p>I awoke last night,&nbsp; in the middle of the night, and prayed to Aonghus \u00d3g&nbsp;<\/p>\n\n\n\n<p>I awoke last night, och\u00f3n, och\u00f3n, only sadness for company<\/p>\n\n\n\n<p>I awoke last night, in the middle of a nightmare, an empty feeling in my heart<\/p>\n\n\n\n<p>I awoke last night, shaking, moved, angry with myself<\/p>\n\n\n\n<p>I awoke last night, in a terrible state, my whole life in smithereens<\/p>\n\n\n\n<p>I awoke last night, deeply emotional, fierce pounding in my chest<\/p>\n\n\n\n<p>I awoke last night, again, another time, all around me a cold cloud&nbsp;<\/p>\n\n\n\n<p>I awoke last night, alas, again, stuck, caught, trapped in a vice<\/p>\n\n\n\n<p>I awoke last night, a long night, but longer still my crying<\/p>\n\n\n\n<p>I awoke last night, in a great black pool, going down for the third time<\/p>\n\n\n\n<p>I awoke last night, out of my senses, slowly drowning in an ocean of darkness.<\/p>\n\n\n\n<p>I awoke last night, in the middle of the night, sleep again, I\u2019ll never have.<\/p>\n","protected":false},"excerpt":{"rendered":"<p>(Translation below) Dh\u00fais\u00edos ar\u00e9ir, i l\u00e1r na ho\u00edche, do Aonghus \u00d3g a bh\u00edos ag gu\u00ed. Dh\u00fais\u00edos ar\u00e9ir, och\u00f3n, och\u00f3n, gan chuideachta ach mo bhr\u00f3n. Dh\u00fais\u00edos ar\u00e9ir, i l\u00e1r thromlu\u00ed, moth\u00fac\u00e1n folamh i mo chro\u00ed. Dh\u00fais\u00edos ar\u00e9ir, is mise corraithe, chugham &hellip; <a href=\"https:\/\/paulocolmain.com\/?page_id=3899\">Continue reading <span class=\"meta-nav\">&rarr;<\/span><\/a><\/p>\n","protected":false},"author":1,"featured_media":0,"parent":3894,"menu_order":1,"comment_status":"closed","ping_status":"closed","template":"","meta":{"ngg_post_thumbnail":0,"spay_email":""},"jetpack_shortlink":"https:\/\/wp.me\/P36zMW-10T","jetpack_sharing_enabled":true,"_links":{"self":[{"href":"https:\/\/paulocolmain.com\/index.php?rest_route=\/wp\/v2\/pages\/3899"}],"collection":[{"href":"https:\/\/paulocolmain.com\/index.php?rest_route=\/wp\/v2\/pages"}],"about":[{"href":"https:\/\/paulocolmain.com\/index.php?rest_route=\/wp\/v2\/types\/page"}],"author":[{"embeddable":true,"href":"https:\/\/paulocolmain.com\/index.php?rest_route=\/wp\/v2\/users\/1"}],"replies":[{"embeddable":true,"href":"https:\/\/paulocolmain.com\/index.php?rest_route=%2Fwp%2Fv2%2Fcomments&post=3899"}],"version-history":[{"count":4,"href":"https:\/\/paulocolmain.com\/index.php?rest_route=\/wp\/v2\/pages\/3899\/revisions"}],"predecessor-version":[{"id":3961,"href":"https:\/\/paulocolmain.com\/index.php?rest_route=\/wp\/v2\/pages\/3899\/revisions\/3961"}],"up":[{"embeddable":true,"href":"https:\/\/paulocolmain.com\/index.php?rest_route=\/wp\/v2\/pages\/3894"}],"wp:attachment":[{"href":"https:\/\/paulocolmain.com\/index.php?rest_route=%2Fwp%2Fv2%2Fmedia&parent=3899"}],"curies":[{"name":"wp","href":"https:\/\/api.w.org\/{rel}","templated":true}]}}