{"id":3475,"date":"2019-05-16T12:53:56","date_gmt":"2019-05-16T12:53:56","guid":{"rendered":"https:\/\/paulocolmain.com\/?page_id=3475"},"modified":"2019-05-16T12:54:03","modified_gmt":"2019-05-16T12:54:03","slug":"april-2019","status":"publish","type":"page","link":"https:\/\/paulocolmain.com\/?page_id=3475","title":{"rendered":"April 2019"},"content":{"rendered":"\n<p><em>Fuaimeanna sh\u00e9imh&#8230;<\/em><\/p>\n\n\n\n<p>Scalann an ghrian,<br>L\u00e1 ar dh\u00faisigh f\u00e9ileac\u00e1in:<br>ag batr\u00e1il gloine.<\/p>\n\n\n\n<p>(26\/04\/19)<\/p>\n\n\n\n<p>*****************************<\/p>\n\n\n\n<p><em>Have to hand it to the robins&#8230;<\/em><\/p>\n\n\n\n<p>Year-round broadcasters,<br>practised robins dominate<br>the April airways.<\/p>\n\n\n\n<p>(19\/04\/19)<\/p>\n\n\n\n<p>*****************************<\/p>\n\n\n\n<p><em>Talk about complainers&#8230;<\/em><\/p>\n\n\n\n<p>Endlessly aggrieved,<br>querulous oyster catchers<br>keen their displeasure.<\/p>\n\n\n\n<p>(12\/04\/19)<\/p>\n\n\n\n<p>*****************************<\/p>\n\n\n\n<p><em>Like fairy lights, the new bright shoots&#8230;<\/em><\/p>\n\n\n\n<p>All decked out for Spring,<br>spruce sport Kelly-green star-tips;<br>banks wear primroses.<\/p>\n\n\n\n<p>(05\/04\/19)<\/p>\n","protected":false},"excerpt":{"rendered":"<p>Fuaimeanna sh\u00e9imh&#8230; Scalann an ghrian,L\u00e1 ar dh\u00faisigh f\u00e9ileac\u00e1in:ag batr\u00e1il gloine. (26\/04\/19) ***************************** Have to hand it to the robins&#8230; Year-round broadcasters,practised robins dominatethe April airways. (19\/04\/19) ***************************** Talk about complainers&#8230; Endlessly aggrieved,querulous oyster catcherskeen their displeasure. (12\/04\/19) ***************************** Like fairy &hellip; <a href=\"https:\/\/paulocolmain.com\/?page_id=3475\">Continue reading <span class=\"meta-nav\">&rarr;<\/span><\/a><\/p>\n","protected":false},"author":1,"featured_media":0,"parent":3397,"menu_order":4,"comment_status":"closed","ping_status":"closed","template":"","meta":{"ngg_post_thumbnail":0,"spay_email":""},"jetpack_shortlink":"https:\/\/wp.me\/P36zMW-U3","jetpack_sharing_enabled":true,"_links":{"self":[{"href":"https:\/\/paulocolmain.com\/index.php?rest_route=\/wp\/v2\/pages\/3475"}],"collection":[{"href":"https:\/\/paulocolmain.com\/index.php?rest_route=\/wp\/v2\/pages"}],"about":[{"href":"https:\/\/paulocolmain.com\/index.php?rest_route=\/wp\/v2\/types\/page"}],"author":[{"embeddable":true,"href":"https:\/\/paulocolmain.com\/index.php?rest_route=\/wp\/v2\/users\/1"}],"replies":[{"embeddable":true,"href":"https:\/\/paulocolmain.com\/index.php?rest_route=%2Fwp%2Fv2%2Fcomments&post=3475"}],"version-history":[{"count":1,"href":"https:\/\/paulocolmain.com\/index.php?rest_route=\/wp\/v2\/pages\/3475\/revisions"}],"predecessor-version":[{"id":3476,"href":"https:\/\/paulocolmain.com\/index.php?rest_route=\/wp\/v2\/pages\/3475\/revisions\/3476"}],"up":[{"embeddable":true,"href":"https:\/\/paulocolmain.com\/index.php?rest_route=\/wp\/v2\/pages\/3397"}],"wp:attachment":[{"href":"https:\/\/paulocolmain.com\/index.php?rest_route=%2Fwp%2Fv2%2Fmedia&parent=3475"}],"curies":[{"name":"wp","href":"https:\/\/api.w.org\/{rel}","templated":true}]}}