{"id":337,"date":"2012-02-11T23:03:51","date_gmt":"2012-02-11T23:03:51","guid":{"rendered":"https:\/\/paulocolmain.com\/?page_id=337"},"modified":"2022-02-28T13:18:50","modified_gmt":"2022-02-28T13:18:50","slug":"prints","status":"publish","type":"page","link":"https:\/\/paulocolmain.com\/?page_id=337","title":{"rendered":"Prints              &#8230; Prionta\u00ed"},"content":{"rendered":"<p>Samples of my prints: wood block, lino, monotypes, etc.<\/p>\n<p>Sampla\u00ed de mo chuid prionta\u00ed: bloic adhmaid, l\u00edon\u00f3ile, monot\u00edopa\u00ed, 7rl.<\/p>\n<p class=\"jetpack-slideshow-noscript robots-nocontent\">This slideshow requires JavaScript.<\/p><div id=\"gallery-337-1-slideshow\" class=\"slideshow-window jetpack-slideshow slideshow-black\" data-trans=\"fade\" data-autostart=\"1\" data-gallery=\"[{&quot;src&quot;:&quot;https:\\\/\\\/paulocolmain.com\\\/wp-content\\\/uploads\\\/2012\\\/04\\\/poulnabrone.jpg&quot;,&quot;id&quot;:&quot;1208&quot;,&quot;title&quot;:&quot;Poulnabrone&quot;,&quot;alt&quot;:&quot;Card print&quot;,&quot;caption&quot;:&quot;Poulnabrone  (card print)&quot;,&quot;itemprop&quot;:&quot;image&quot;},{&quot;src&quot;:&quot;https:\\\/\\\/paulocolmain.com\\\/wp-content\\\/uploads\\\/2016\\\/11\\\/Bather_coloured_opt.jpg&quot;,&quot;id&quot;:&quot;2598&quot;,&quot;title&quot;:&quot;clothes line, \\u0026#8220;Bather (sfter Bonnard)\\u0026#8221; hand coloured&quot;,&quot;alt&quot;:&quot;&quot;,&quot;caption&quot;:&quot;hand coloured lino prints&quot;,&quot;itemprop&quot;:&quot;image&quot;},{&quot;src&quot;:&quot;https:\\\/\\\/paulocolmain.com\\\/wp-content\\\/uploads\\\/2012\\\/04\\\/Rook_woodcut.jpg&quot;,&quot;id&quot;:&quot;1198&quot;,&quot;title&quot;:&quot;Rook&quot;,&quot;alt&quot;:&quot;woodcut&quot;,&quot;caption&quot;:&quot;Rook (woodcut)&quot;,&quot;itemprop&quot;:&quot;image&quot;},{&quot;src&quot;:&quot;https:\\\/\\\/paulocolmain.com\\\/wp-content\\\/uploads\\\/2016\\\/11\\\/block-on-the-press_opt.jpg&quot;,&quot;id&quot;:&quot;2594&quot;,&quot;title&quot;:&quot;lino print on the press&quot;,&quot;alt&quot;:&quot;&quot;,&quot;caption&quot;:&quot;lino block oon the press&quot;,&quot;itemprop&quot;:&quot;image&quot;},{&quot;src&quot;:&quot;https:\\\/\\\/paulocolmain.com\\\/wp-content\\\/uploads\\\/2012\\\/04\\\/cellist_lino.jpg&quot;,&quot;id&quot;:&quot;1204&quot;,&quot;title&quot;:&quot;Cellist \\u0026#8211; after Gaugin&quot;,&quot;alt&quot;:&quot;lino print&quot;,&quot;caption&quot;:&quot;Cellist (after Gaugin)   (lino)&quot;,&quot;itemprop&quot;:&quot;image&quot;},{&quot;src&quot;:&quot;https:\\\/\\\/paulocolmain.com\\\/wp-content\\\/uploads\\\/2012\\\/04\\\/Rook_lino.jpg&quot;,&quot;id&quot;:&quot;1197&quot;,&quot;title&quot;:&quot;Rook&quot;,&quot;alt&quot;:&quot;lino print&quot;,&quot;caption&quot;:&quot;Rook (lino)&quot;,&quot;itemprop&quot;:&quot;image&quot;},{&quot;src&quot;:&quot;https:\\\/\\\/paulocolmain.com\\\/wp-content\\\/uploads\\\/2022\\\/02\\\/Gannet-tryst-line.jpg&quot;,&quot;id&quot;:&quot;5277&quot;,&quot;title&quot;:&quot;Gannet tryst line&quot;,&quot;alt&quot;:&quot;&quot;,&quot;caption&quot;:&quot;Gain\\u00e9id\\u0026#8230; ar an l\\u00edne&quot;,&quot;itemprop&quot;:&quot;image&quot;},{&quot;src&quot;:&quot;https:\\\/\\\/paulocolmain.com\\\/wp-content\\\/uploads\\\/2013\\\/01\\\/rook-lino-line_opt.jpg&quot;,&quot;id&quot;:&quot;2430&quot;,&quot;title&quot;:&quot;OLYMPUS DIGITAL CAMERA&quot;,&quot;alt&quot;:&quot;&quot;,&quot;caption&quot;:&quot;lino rook line&quot;,&quot;itemprop&quot;:&quot;image&quot;},{&quot;src&quot;:&quot;https:\\\/\\\/paulocolmain.com\\\/wp-content\\\/uploads\\\/2022\\\/02\\\/Gannet-tryst.jpg&quot;,&quot;id&quot;:&quot;5278&quot;,&quot;title&quot;:&quot;Gannet tryst&quot;,&quot;alt&quot;:&quot;&quot;,&quot;caption&quot;:&quot;Gain\\u00e9id&quot;,&quot;itemprop&quot;:&quot;image&quot;},{&quot;src&quot;:&quot;https:\\\/\\\/paulocolmain.com\\\/wp-content\\\/uploads\\\/2022\\\/02\\\/an-t-i\\u0301ochtar-2.jpg&quot;,&quot;id&quot;:&quot;5252&quot;,&quot;title&quot;:&quot;an t-i\\u0301ochtar&quot;,&quot;alt&quot;:&quot;&quot;,&quot;caption&quot;:&quot;an t-\\u00edochtar&quot;,&quot;itemprop&quot;:&quot;image&quot;},{&quot;src&quot;:&quot;https:\\\/\\\/paulocolmain.com\\\/wp-content\\\/uploads\\\/2022\\\/02\\\/doimhneacht-2.jpg&quot;,&quot;id&quot;:&quot;5253&quot;,&quot;title&quot;:&quot;doimhneacht&quot;,&quot;alt&quot;:&quot;&quot;,&quot;caption&quot;:&quot;doimhneacht&quot;,&quot;itemprop&quot;:&quot;image&quot;},{&quot;src&quot;:&quot;https:\\\/\\\/paulocolmain.com\\\/wp-content\\\/uploads\\\/2012\\\/04\\\/ron.jpg&quot;,&quot;id&quot;:&quot;1209&quot;,&quot;title&quot;:&quot;R\\u00f3n&quot;,&quot;alt&quot;:&quot;wood block&quot;,&quot;caption&quot;:&quot;R\\u00f3n  (woodcut)&quot;,&quot;itemprop&quot;:&quot;image&quot;},{&quot;src&quot;:&quot;https:\\\/\\\/paulocolmain.com\\\/wp-content\\\/uploads\\\/2022\\\/02\\\/Jazz-Book-Pages-accordion-scaled.jpg&quot;,&quot;id&quot;:&quot;5213&quot;,&quot;title&quot;:&quot;Jazz Book Pages accordion&quot;,&quot;alt&quot;:&quot;&quot;,&quot;caption&quot;:&quot;Jazz Book (see https:\\\/\\\/paulocolmain.com\\\/?page_id=5217)&quot;,&quot;itemprop&quot;:&quot;image&quot;},{&quot;src&quot;:&quot;https:\\\/\\\/paulocolmain.com\\\/wp-content\\\/uploads\\\/2016\\\/11\\\/Bather_coloured1_opt.jpg&quot;,&quot;id&quot;:&quot;2597&quot;,&quot;title&quot;:&quot;Bather (sfter Bonnard) lino print, hand coloured&quot;,&quot;alt&quot;:&quot;&quot;,&quot;caption&quot;:&quot;Bather (after Bonnard) hand coloured&quot;,&quot;itemprop&quot;:&quot;image&quot;},{&quot;src&quot;:&quot;https:\\\/\\\/paulocolmain.com\\\/wp-content\\\/uploads\\\/2022\\\/02\\\/i-ndomhain-prionta-1.jpg&quot;,&quot;id&quot;:&quot;5256&quot;,&quot;title&quot;:&quot;i ndomhain prionta&quot;,&quot;alt&quot;:&quot;&quot;,&quot;caption&quot;:&quot;i ndomhain&quot;,&quot;itemprop&quot;:&quot;image&quot;},{&quot;src&quot;:&quot;https:\\\/\\\/paulocolmain.com\\\/wp-content\\\/uploads\\\/2022\\\/02\\\/Gaine\\u0301id.jpg&quot;,&quot;id&quot;:&quot;5276&quot;,&quot;title&quot;:&quot;Gaine\\u0301id&quot;,&quot;alt&quot;:&quot;&quot;,&quot;caption&quot;:&quot;Gain\\u00e9id. lino, water colour&quot;,&quot;itemprop&quot;:&quot;image&quot;},{&quot;src&quot;:&quot;https:\\\/\\\/paulocolmain.com\\\/wp-content\\\/uploads\\\/2013\\\/01\\\/rook_coloured_opt.jpg&quot;,&quot;id&quot;:&quot;2431&quot;,&quot;title&quot;:&quot;OLYMPUS DIGITAL CAMERA&quot;,&quot;alt&quot;:&quot;&quot;,&quot;caption&quot;:&quot;Rook (lino) coloured&quot;,&quot;itemprop&quot;:&quot;image&quot;},{&quot;src&quot;:&quot;https:\\\/\\\/paulocolmain.com\\\/wp-content\\\/uploads\\\/2022\\\/02\\\/faoi-dromchla-2.jpg&quot;,&quot;id&quot;:&quot;5254&quot;,&quot;title&quot;:&quot;faoi dromchla&quot;,&quot;alt&quot;:&quot;&quot;,&quot;caption&quot;:&quot;faoi dromchla&quot;,&quot;itemprop&quot;:&quot;image&quot;},{&quot;src&quot;:&quot;https:\\\/\\\/paulocolmain.com\\\/wp-content\\\/uploads\\\/2016\\\/11\\\/lino-line-prints_opt.jpg&quot;,&quot;id&quot;:&quot;2595&quot;,&quot;title&quot;:&quot;clothes line, lino print, Bather (after Bonnard)&quot;,&quot;alt&quot;:&quot;&quot;,&quot;caption&quot;:&quot;lino print on the line, Bather (after Bonnard)&quot;,&quot;itemprop&quot;:&quot;image&quot;},{&quot;src&quot;:&quot;https:\\\/\\\/paulocolmain.com\\\/wp-content\\\/uploads\\\/2012\\\/04\\\/Outside_Clifden.jpg&quot;,&quot;id&quot;:&quot;1199&quot;,&quot;title&quot;:&quot;Rain, outside Clifden&quot;,&quot;alt&quot;:&quot;&quot;,&quot;caption&quot;:&quot;Outside Clifden   (lino)&quot;,&quot;itemprop&quot;:&quot;image&quot;},{&quot;src&quot;:&quot;https:\\\/\\\/paulocolmain.com\\\/wp-content\\\/uploads\\\/2012\\\/04\\\/drom_monoprint.jpg&quot;,&quot;id&quot;:&quot;1205&quot;,&quot;title&quot;:&quot;Drom Hillside&quot;,&quot;alt&quot;:&quot;mono print&quot;,&quot;caption&quot;:&quot;Drom (monoprint&quot;,&quot;itemprop&quot;:&quot;image&quot;},{&quot;src&quot;:&quot;https:\\\/\\\/paulocolmain.com\\\/wp-content\\\/uploads\\\/2015\\\/12\\\/crow-lino_opt.jpg&quot;,&quot;id&quot;:&quot;2327&quot;,&quot;title&quot;:&quot;OLYMPUS DIGITAL CAMERA&quot;,&quot;alt&quot;:&quot;&quot;,&quot;caption&quot;:&quot;Pr\\u00e9ach\\u00e1n   (lino print)&quot;,&quot;itemprop&quot;:&quot;image&quot;},{&quot;src&quot;:&quot;https:\\\/\\\/paulocolmain.com\\\/wp-content\\\/uploads\\\/2012\\\/04\\\/fiddle_woodcut.jpg&quot;,&quot;id&quot;:&quot;1206&quot;,&quot;title&quot;:&quot;Fiddle&quot;,&quot;alt&quot;:&quot;woodcut&quot;,&quot;caption&quot;:&quot;Fiddle (woodcut)&quot;,&quot;itemprop&quot;:&quot;image&quot;},{&quot;src&quot;:&quot;https:\\\/\\\/paulocolmain.com\\\/wp-content\\\/uploads\\\/2012\\\/04\\\/bogman1.jpg&quot;,&quot;id&quot;:&quot;1203&quot;,&quot;title&quot;:&quot;Bogman1&quot;,&quot;alt&quot;:&quot;wood block&quot;,&quot;caption&quot;:&quot;Bogman 1 (woodcut)&quot;,&quot;itemprop&quot;:&quot;image&quot;},{&quot;src&quot;:&quot;https:\\\/\\\/paulocolmain.com\\\/wp-content\\\/uploads\\\/2016\\\/11\\\/7-bhfia_opt.jpg&quot;,&quot;id&quot;:&quot;2599&quot;,&quot;title&quot;:&quot;OLYMPUS DIGITAL CAMERA&quot;,&quot;alt&quot;:&quot;&quot;,&quot;caption&quot;:&quot;Seacht bhfia (lino print)&quot;,&quot;itemprop&quot;:&quot;image&quot;},{&quot;src&quot;:&quot;https:\\\/\\\/paulocolmain.com\\\/wp-content\\\/uploads\\\/2012\\\/04\\\/Stags.jpg&quot;,&quot;id&quot;:&quot;1196&quot;,&quot;title&quot;:&quot;Stags&quot;,&quot;alt&quot;:&quot;&quot;,&quot;caption&quot;:&quot;Stags   (lino)&quot;,&quot;itemprop&quot;:&quot;image&quot;},{&quot;src&quot;:&quot;https:\\\/\\\/paulocolmain.com\\\/wp-content\\\/uploads\\\/2012\\\/04\\\/haws_monoprint.jpg&quot;,&quot;id&quot;:&quot;1207&quot;,&quot;title&quot;:&quot;Haws&quot;,&quot;alt&quot;:&quot;Mono print&quot;,&quot;caption&quot;:&quot;Haws  (monoprint)&quot;,&quot;itemprop&quot;:&quot;image&quot;}]\" itemscope itemtype=\"https:\/\/schema.org\/ImageGallery\"><\/div>\n","protected":false},"excerpt":{"rendered":"<p>Samples of my prints: wood block, lino, monotypes, etc. Sampla\u00ed de mo chuid prionta\u00ed: bloic adhmaid, l\u00edon\u00f3ile, monot\u00edopa\u00ed, 7rl.<\/p>\n","protected":false},"author":1,"featured_media":0,"parent":333,"menu_order":80,"comment_status":"closed","ping_status":"open","template":"","meta":{"ngg_post_thumbnail":0,"spay_email":""},"jetpack_shortlink":"https:\/\/wp.me\/P36zMW-5r","jetpack_sharing_enabled":true,"_links":{"self":[{"href":"https:\/\/paulocolmain.com\/index.php?rest_route=\/wp\/v2\/pages\/337"}],"collection":[{"href":"https:\/\/paulocolmain.com\/index.php?rest_route=\/wp\/v2\/pages"}],"about":[{"href":"https:\/\/paulocolmain.com\/index.php?rest_route=\/wp\/v2\/types\/page"}],"author":[{"embeddable":true,"href":"https:\/\/paulocolmain.com\/index.php?rest_route=\/wp\/v2\/users\/1"}],"replies":[{"embeddable":true,"href":"https:\/\/paulocolmain.com\/index.php?rest_route=%2Fwp%2Fv2%2Fcomments&post=337"}],"version-history":[{"count":18,"href":"https:\/\/paulocolmain.com\/index.php?rest_route=\/wp\/v2\/pages\/337\/revisions"}],"predecessor-version":[{"id":5287,"href":"https:\/\/paulocolmain.com\/index.php?rest_route=\/wp\/v2\/pages\/337\/revisions\/5287"}],"up":[{"embeddable":true,"href":"https:\/\/paulocolmain.com\/index.php?rest_route=\/wp\/v2\/pages\/333"}],"wp:attachment":[{"href":"https:\/\/paulocolmain.com\/index.php?rest_route=%2Fwp%2Fv2%2Fmedia&parent=337"}],"curies":[{"name":"wp","href":"https:\/\/api.w.org\/{rel}","templated":true}]}}