{"id":333,"date":"2012-02-11T23:01:47","date_gmt":"2012-02-11T23:01:47","guid":{"rendered":"https:\/\/paulocolmain.com\/?page_id=333"},"modified":"2022-02-27T17:40:07","modified_gmt":"2022-02-27T17:40:07","slug":"galleries","status":"publish","type":"page","link":"https:\/\/paulocolmain.com\/?page_id=333","title":{"rendered":"Galleries"},"content":{"rendered":"<p><a href=\"https:\/\/paulocolmain.com\/?page_id=5217\">Jazz Book<\/a><\/p>\n<p><a href=\"https:\/\/paulocolmain.com\/?page_id=5258\">i ndomhain&#8230;lino&#8230;Taispe\u00e1ntas 2021<\/a><\/p>\n<p><a title=\"Gallery: wood engraving\" href=\"https:\/\/paulocolmain.com\/?page_id=789\">Wood engravings&#8230;. Greanaidh adhmaid<\/a><\/p>\n<p><a title=\"Prints \u2026 Prionta\u00ed\" href=\"https:\/\/paulocolmain.com\/?page_id=337\">Prints&nbsp; (general)&#8230;.. Prionta\u00ed (ginear\u00e1lta)<\/a><\/p>\n<p><a href=\"https:\/\/paulocolmain.com\/?page_id=3777\">Exhibition: Cnuasach, a collection of prints, Paul \u00d3 Colm\u00e1in Feb 2020<\/a><\/p>\n<p><a href=\"https:\/\/paulocolmain.com\/?page_id=1992\">\u201cPoetree\u201d installation piece<\/a><\/p>\n","protected":false},"excerpt":{"rendered":"<p>Jazz Book i ndomhain&#8230;lino&#8230;Taispe\u00e1ntas 2021 Wood engravings&#8230;. Greanaidh adhmaid Prints&nbsp; (general)&#8230;.. Prionta\u00ed (ginear\u00e1lta) Exhibition: Cnuasach, a collection of prints, Paul \u00d3 Colm\u00e1in Feb 2020 \u201cPoetree\u201d installation piece<\/p>\n","protected":false},"author":1,"featured_media":0,"parent":237,"menu_order":0,"comment_status":"closed","ping_status":"open","template":"","meta":{"ngg_post_thumbnail":0,"spay_email":""},"jetpack_shortlink":"https:\/\/wp.me\/P36zMW-5n","jetpack_sharing_enabled":true,"_links":{"self":[{"href":"https:\/\/paulocolmain.com\/index.php?rest_route=\/wp\/v2\/pages\/333"}],"collection":[{"href":"https:\/\/paulocolmain.com\/index.php?rest_route=\/wp\/v2\/pages"}],"about":[{"href":"https:\/\/paulocolmain.com\/index.php?rest_route=\/wp\/v2\/types\/page"}],"author":[{"embeddable":true,"href":"https:\/\/paulocolmain.com\/index.php?rest_route=\/wp\/v2\/users\/1"}],"replies":[{"embeddable":true,"href":"https:\/\/paulocolmain.com\/index.php?rest_route=%2Fwp%2Fv2%2Fcomments&post=333"}],"version-history":[{"count":14,"href":"https:\/\/paulocolmain.com\/index.php?rest_route=\/wp\/v2\/pages\/333\/revisions"}],"predecessor-version":[{"id":5260,"href":"https:\/\/paulocolmain.com\/index.php?rest_route=\/wp\/v2\/pages\/333\/revisions\/5260"}],"up":[{"embeddable":true,"href":"https:\/\/paulocolmain.com\/index.php?rest_route=\/wp\/v2\/pages\/237"}],"wp:attachment":[{"href":"https:\/\/paulocolmain.com\/index.php?rest_route=%2Fwp%2Fv2%2Fmedia&parent=333"}],"curies":[{"name":"wp","href":"https:\/\/api.w.org\/{rel}","templated":true}]}}