{"id":2948,"date":"2018-04-28T17:00:12","date_gmt":"2018-04-28T17:00:12","guid":{"rendered":"https:\/\/paulocolmain.com\/?page_id=2948"},"modified":"2018-04-28T17:04:23","modified_gmt":"2018-04-28T17:04:23","slug":"april-2018","status":"publish","type":"page","link":"https:\/\/paulocolmain.com\/?page_id=2948","title":{"rendered":"April 2018"},"content":{"rendered":"<p><em>The new season is about a month behind&#8230;<\/em><\/p>\n<p>Season&#8217;s end &#8211; and start:<br \/>\ndead leaf spins on a bramble;<br \/>\nnew shoots sprout below.<\/p>\n<p>(27\/04\/18)<\/p>\n<p>*************************<\/p>\n<p><em>Ina ghn\u00e1thphost, car\u00f3g liath ar faire&#8230;<\/em><\/p>\n<p>Ag luascadh sa ghaoth, \u00a0 \u00a0 \u00a0 \u00a0 \u00a0 \u00a0 \u00a0 \u00a0 \u00a0 \u00a0 \u00a0 \u00a0 \u00a0 [Swaying in the breeze,]<br \/>\nar bharr an chrainn is airde, \u00a0 \u00a0 \u00a0 \u00a0 \u00a0 \u00a0 \u00a0 \u00a0 \u00a0[the top of the highest tree,]<br \/>\nCar\u00f3g ag feitheamh. \u00a0 \u00a0 \u00a0 \u00a0 \u00a0 \u00a0 \u00a0 \u00a0 \u00a0 \u00a0 \u00a0 \u00a0 \u00a0 \u00a0 \u00a0 \u00a0 [a hooded crow waits.]<\/p>\n<p>(20\/04\/18)<\/p>\n<p>*************************<\/p>\n<p><em>N\u00edl m\u00f3r\u00e1n ag f\u00e1s f\u00f3s i mbliana&#8230;<\/em><\/p>\n<p>Imreacha den donn, \u00a0 \u00a0 \u00a0 \u00a0 \u00a0 \u00a0 \u00a0 \u00a0 \u00a0 \u00a0 \u00a0 \u00a0 \u00a0 \u00a0 \u00a0 \u00a0[Forty shades of brown,]<br \/>\neibl\u00edonn brat na nduilleog. \u00a0 \u00a0 \u00a0 \u00a0 \u00a0 \u00a0 \u00a0 \u00a0 \u00a0 \u00a0 [leaf carpet emulsifies.]<br \/>\nM\u00fair\u00edn an gheimhridh. \u00a0 \u00a0 \u00a0 \u00a0 \u00a0 \u00a0 \u00a0 \u00a0 \u00a0 \u00a0 \u00a0 \u00a0 \u00a0 [Last Winter breaks down.]<\/p>\n<p>(13\/04\/18)<\/p>\n<p>**************************<\/p>\n<p><em>March broke all the rules this year&#8230;<\/em><\/p>\n<p>In like a lion;<br \/>\nleopards never change their spots:<br \/>\nOut like a lion!<\/p>\n<p>(06\/04\/18)<\/p>\n","protected":false},"excerpt":{"rendered":"<p>The new season is about a month behind&#8230; Season&#8217;s end &#8211; and start: dead leaf spins on a bramble; new shoots sprout below. (27\/04\/18) ************************* Ina ghn\u00e1thphost, car\u00f3g liath ar faire&#8230; Ag luascadh sa ghaoth, \u00a0 \u00a0 \u00a0 \u00a0 \u00a0 &hellip; <a href=\"https:\/\/paulocolmain.com\/?page_id=2948\">Continue reading <span class=\"meta-nav\">&rarr;<\/span><\/a><\/p>\n","protected":false},"author":1,"featured_media":0,"parent":2901,"menu_order":4,"comment_status":"closed","ping_status":"closed","template":"","meta":{"ngg_post_thumbnail":0,"spay_email":""},"jetpack_shortlink":"https:\/\/wp.me\/P36zMW-Ly","jetpack_sharing_enabled":true,"_links":{"self":[{"href":"https:\/\/paulocolmain.com\/index.php?rest_route=\/wp\/v2\/pages\/2948"}],"collection":[{"href":"https:\/\/paulocolmain.com\/index.php?rest_route=\/wp\/v2\/pages"}],"about":[{"href":"https:\/\/paulocolmain.com\/index.php?rest_route=\/wp\/v2\/types\/page"}],"author":[{"embeddable":true,"href":"https:\/\/paulocolmain.com\/index.php?rest_route=\/wp\/v2\/users\/1"}],"replies":[{"embeddable":true,"href":"https:\/\/paulocolmain.com\/index.php?rest_route=%2Fwp%2Fv2%2Fcomments&post=2948"}],"version-history":[{"count":2,"href":"https:\/\/paulocolmain.com\/index.php?rest_route=\/wp\/v2\/pages\/2948\/revisions"}],"predecessor-version":[{"id":2952,"href":"https:\/\/paulocolmain.com\/index.php?rest_route=\/wp\/v2\/pages\/2948\/revisions\/2952"}],"up":[{"embeddable":true,"href":"https:\/\/paulocolmain.com\/index.php?rest_route=\/wp\/v2\/pages\/2901"}],"wp:attachment":[{"href":"https:\/\/paulocolmain.com\/index.php?rest_route=%2Fwp%2Fv2%2Fmedia&parent=2948"}],"curies":[{"name":"wp","href":"https:\/\/api.w.org\/{rel}","templated":true}]}}