{"id":2927,"date":"2018-02-23T17:39:27","date_gmt":"2018-02-23T17:39:27","guid":{"rendered":"https:\/\/paulocolmain.com\/?page_id=2927"},"modified":"2018-03-15T15:23:36","modified_gmt":"2018-03-15T15:23:36","slug":"february-2018","status":"publish","type":"page","link":"https:\/\/paulocolmain.com\/?page_id=2927","title":{"rendered":"February 2018"},"content":{"rendered":"<p><em>Maidin iontach, atmaisf\u00e9ar ch\u00e9adfach a bh\u00ed inti&#8230;<\/em><\/p>\n<p>Ga gr\u00e9ine: m\u00e9ar D\u00e9,<br \/>\nag teagmh\u00e1il le cuar chnoic,<br \/>\nag polladh n\u00e9al.<\/p>\n<p>(23\/02\/18)<\/p>\n<p>****************************<\/p>\n<p><em>Flooding everywhere&#8230;<\/em><\/p>\n<p>Quicksilver shallows,<br \/>\nlustrous gleam in field hollows,<br \/>\ngiving back the sky.<\/p>\n<p>(16\/02\/18)<\/p>\n<p>****************************<\/p>\n<p><em>A certain feeling of Spring today, that it just might be out there, waiting&#8230;<\/em><\/p>\n<p>Soft intake of breath.<br \/>\nSpring poised on the starting blocks.<br \/>\nOn your marks, get set&#8230;<\/p>\n<p>(09\/02\/18)<\/p>\n<p>*************************<\/p>\n<p><em>Unrelenting, this weather&#8230;<\/em><\/p>\n<p>Dark rain from the west.<br \/>\nAway to the east,<br \/>\na taunting blue sky.<\/p>\n<p>(02\/02\/18)<\/p>\n","protected":false},"excerpt":{"rendered":"<p>Maidin iontach, atmaisf\u00e9ar ch\u00e9adfach a bh\u00ed inti&#8230; Ga gr\u00e9ine: m\u00e9ar D\u00e9, ag teagmh\u00e1il le cuar chnoic, ag polladh n\u00e9al. (23\/02\/18) **************************** Flooding everywhere&#8230; Quicksilver shallows, lustrous gleam in field hollows, giving back the sky. (16\/02\/18) **************************** A certain feeling of &hellip; <a href=\"https:\/\/paulocolmain.com\/?page_id=2927\">Continue reading <span class=\"meta-nav\">&rarr;<\/span><\/a><\/p>\n","protected":false},"author":1,"featured_media":0,"parent":2901,"menu_order":2,"comment_status":"closed","ping_status":"closed","template":"","meta":{"ngg_post_thumbnail":0,"spay_email":""},"jetpack_shortlink":"https:\/\/wp.me\/P36zMW-Ld","jetpack_sharing_enabled":true,"_links":{"self":[{"href":"https:\/\/paulocolmain.com\/index.php?rest_route=\/wp\/v2\/pages\/2927"}],"collection":[{"href":"https:\/\/paulocolmain.com\/index.php?rest_route=\/wp\/v2\/pages"}],"about":[{"href":"https:\/\/paulocolmain.com\/index.php?rest_route=\/wp\/v2\/types\/page"}],"author":[{"embeddable":true,"href":"https:\/\/paulocolmain.com\/index.php?rest_route=\/wp\/v2\/users\/1"}],"replies":[{"embeddable":true,"href":"https:\/\/paulocolmain.com\/index.php?rest_route=%2Fwp%2Fv2%2Fcomments&post=2927"}],"version-history":[{"count":2,"href":"https:\/\/paulocolmain.com\/index.php?rest_route=\/wp\/v2\/pages\/2927\/revisions"}],"predecessor-version":[{"id":2933,"href":"https:\/\/paulocolmain.com\/index.php?rest_route=\/wp\/v2\/pages\/2927\/revisions\/2933"}],"up":[{"embeddable":true,"href":"https:\/\/paulocolmain.com\/index.php?rest_route=\/wp\/v2\/pages\/2901"}],"wp:attachment":[{"href":"https:\/\/paulocolmain.com\/index.php?rest_route=%2Fwp%2Fv2%2Fmedia&parent=2927"}],"curies":[{"name":"wp","href":"https:\/\/api.w.org\/{rel}","templated":true}]}}