{"id":2913,"date":"2018-01-29T13:01:00","date_gmt":"2018-01-29T13:01:00","guid":{"rendered":"https:\/\/paulocolmain.com\/?page_id=2913"},"modified":"2018-01-29T13:05:26","modified_gmt":"2018-01-29T13:05:26","slug":"january-2018","status":"publish","type":"page","link":"https:\/\/paulocolmain.com\/?page_id=2913","title":{"rendered":"January 2018"},"content":{"rendered":"<p><em>Wild winter weather continues&#8230;<\/em><\/p>\n<p>Rain drills the windscreen,<br \/>\nlow sun silvering each dart.<br \/>\nRainbow alongside.<\/p>\n<p>(26\/01\/18)<\/p>\n<p>**************************<\/p>\n<p><em>Second moon of the month, for once no rain, no wind&#8230;<\/em><\/p>\n<p>A sliver of moon,<br \/>\nno breeze to turn a dry leaf<br \/>\nin the fox-loud night.<\/p>\n<p>(19\/01\/18)<\/p>\n<p>***************************<\/p>\n<p><em>Laethanta, seachtainn\u00ed, m\u00edonna b\u00e1ist\u00ed&#8230;<\/em><\/p>\n<p>Athr\u00fa aer\u00e1ide<br \/>\nAn Domhan ag dul i Muir<br \/>\n<em>Uisce\u00e1id<\/em> uisci\u00fail<\/p>\n<p>(12\/01\/18)<\/p>\n<p>****************************<\/p>\n<p><em>Cold, dry (rare!) January day&#8230;<\/em><\/p>\n<p>Cold day drains away<br \/>\nThe world is an ink drawing<br \/>\nQuink ink blue. And black.<\/p>\n<p>(05\/01\/18)<\/p>\n","protected":false},"excerpt":{"rendered":"<p>Wild winter weather continues&#8230; Rain drills the windscreen, low sun silvering each dart. Rainbow alongside. (26\/01\/18) ************************** Second moon of the month, for once no rain, no wind&#8230; A sliver of moon, no breeze to turn a dry leaf in &hellip; <a href=\"https:\/\/paulocolmain.com\/?page_id=2913\">Continue reading <span class=\"meta-nav\">&rarr;<\/span><\/a><\/p>\n","protected":false},"author":1,"featured_media":0,"parent":2901,"menu_order":1,"comment_status":"closed","ping_status":"closed","template":"","meta":{"ngg_post_thumbnail":0,"spay_email":""},"jetpack_shortlink":"https:\/\/wp.me\/P36zMW-KZ","jetpack_sharing_enabled":true,"_links":{"self":[{"href":"https:\/\/paulocolmain.com\/index.php?rest_route=\/wp\/v2\/pages\/2913"}],"collection":[{"href":"https:\/\/paulocolmain.com\/index.php?rest_route=\/wp\/v2\/pages"}],"about":[{"href":"https:\/\/paulocolmain.com\/index.php?rest_route=\/wp\/v2\/types\/page"}],"author":[{"embeddable":true,"href":"https:\/\/paulocolmain.com\/index.php?rest_route=\/wp\/v2\/users\/1"}],"replies":[{"embeddable":true,"href":"https:\/\/paulocolmain.com\/index.php?rest_route=%2Fwp%2Fv2%2Fcomments&post=2913"}],"version-history":[{"count":1,"href":"https:\/\/paulocolmain.com\/index.php?rest_route=\/wp\/v2\/pages\/2913\/revisions"}],"predecessor-version":[{"id":2914,"href":"https:\/\/paulocolmain.com\/index.php?rest_route=\/wp\/v2\/pages\/2913\/revisions\/2914"}],"up":[{"embeddable":true,"href":"https:\/\/paulocolmain.com\/index.php?rest_route=\/wp\/v2\/pages\/2901"}],"wp:attachment":[{"href":"https:\/\/paulocolmain.com\/index.php?rest_route=%2Fwp%2Fv2%2Fmedia&parent=2913"}],"curies":[{"name":"wp","href":"https:\/\/api.w.org\/{rel}","templated":true}]}}