{"id":2313,"date":"2015-12-20T18:52:21","date_gmt":"2015-12-20T18:52:21","guid":{"rendered":"https:\/\/paulocolmain.com\/?page_id=2313"},"modified":"2025-10-28T18:46:07","modified_gmt":"2025-10-28T18:46:07","slug":"book-illustration","status":"publish","type":"page","link":"https:\/\/paulocolmain.com\/?page_id=2313","title":{"rendered":"Book illustration  :  Maisi\u00fa leabhar"},"content":{"rendered":"<p>A Place Where Ireland Is Invisible &nbsp; &nbsp; &nbsp;by James Harpur and Paul \u00d3 Colm\u00e1in<\/p>\n<p><a href=\"https:\/\/paulocolmain.com\/?page_id=9326\" target=\"_blank\" rel=\"noopener noreferrer\">The Gospel of Gargoyle &nbsp; &nbsp;by James Harpur<\/a><\/p>\n<p><a href=\"https:\/\/paulocolmain.com\/?page_id=5423\">T\u00edrdhreach&nbsp; &nbsp; &nbsp;le Colm Breathnach (fil\u00edocht)<\/a><\/p>\n<p><a href=\"https:\/\/paulocolmain.com\/?page_id=5429\">The Oratory of Light&nbsp; &nbsp; &nbsp;by James Harpur (poetry)<\/a><\/p>\n","protected":false},"excerpt":{"rendered":"<p>A Place Where Ireland Is Invisible &nbsp; &nbsp; &nbsp;by James Harpur and Paul \u00d3 Colm\u00e1in The Gospel of Gargoyle &nbsp; &nbsp;by James Harpur T\u00edrdhreach&nbsp; &nbsp; &nbsp;le Colm Breathnach (fil\u00edocht) The Oratory of Light&nbsp; &nbsp; &nbsp;by James Harpur (poetry)<\/p>\n","protected":false},"author":1,"featured_media":0,"parent":237,"menu_order":2,"comment_status":"closed","ping_status":"open","template":"","meta":{"ngg_post_thumbnail":0,"spay_email":""},"jetpack_shortlink":"https:\/\/wp.me\/P36zMW-Bj","jetpack_sharing_enabled":true,"_links":{"self":[{"href":"https:\/\/paulocolmain.com\/index.php?rest_route=\/wp\/v2\/pages\/2313"}],"collection":[{"href":"https:\/\/paulocolmain.com\/index.php?rest_route=\/wp\/v2\/pages"}],"about":[{"href":"https:\/\/paulocolmain.com\/index.php?rest_route=\/wp\/v2\/types\/page"}],"author":[{"embeddable":true,"href":"https:\/\/paulocolmain.com\/index.php?rest_route=\/wp\/v2\/users\/1"}],"replies":[{"embeddable":true,"href":"https:\/\/paulocolmain.com\/index.php?rest_route=%2Fwp%2Fv2%2Fcomments&post=2313"}],"version-history":[{"count":11,"href":"https:\/\/paulocolmain.com\/index.php?rest_route=\/wp\/v2\/pages\/2313\/revisions"}],"predecessor-version":[{"id":11416,"href":"https:\/\/paulocolmain.com\/index.php?rest_route=\/wp\/v2\/pages\/2313\/revisions\/11416"}],"up":[{"embeddable":true,"href":"https:\/\/paulocolmain.com\/index.php?rest_route=\/wp\/v2\/pages\/237"}],"wp:attachment":[{"href":"https:\/\/paulocolmain.com\/index.php?rest_route=%2Fwp%2Fv2%2Fmedia&parent=2313"}],"curies":[{"name":"wp","href":"https:\/\/api.w.org\/{rel}","templated":true}]}}