{"id":2147,"date":"2015-04-09T11:01:49","date_gmt":"2015-04-09T11:01:49","guid":{"rendered":"https:\/\/paulocolmain.com\/?page_id=2147"},"modified":"2015-04-09T11:01:49","modified_gmt":"2015-04-09T11:01:49","slug":"na-labhrofa-liom","status":"publish","type":"page","link":"https:\/\/paulocolmain.com\/?page_id=2147","title":{"rendered":"N\u00e1 labhr\u00f3f\u00e1 liom?"},"content":{"rendered":"<p><strong>Won\u2019t you talk to me?\u00a0\u00a0\u00a0\u00a0\u00a0\u00a0\u00a0\u00a0 (N\u00e1 labhr\u00f3f\u00e1 liom?)<\/strong><\/p>\n<p>Well now, well now my baby,<br \/>\nWell now, won\u2019t you talk to me?<br \/>\nC\u2019mon now, come on now, my baby,<br \/>\nWon\u2019t you sit down here and talk to me?<\/p>\n<p>Hey now, I\u2019ve been watching you, baby,<br \/>\nOoh, now, I know something is wrong,<br \/>\nC\u2019mon now and tell me all about it<br \/>\nAnd we\u2019ll work it out before too long.<\/p>\n<p>Oh-ooh-ee, won\u2019t you talk to me?<\/p>\n<p>Hey now, I know you don\u2019t know me,<br \/>\nOoh, yeah, but I know you.<br \/>\nI promise, I promise I never would hurt you,<br \/>\nI\u2019d never be the one who make you so blue.<\/p>\n<p>Come on now, let\u2019s work on it, baby,<br \/>\nCome on now, let\u2019s see what can be done,<br \/>\nCome on now, let\u2019s get our minds together,<br \/>\nYou know that two heads are always better than one.<\/p>\n<p>Oh-ooh-ee, won\u2019 t you talk to me?<\/p>\n<p>So hush now, tell me all about it, baby,<br \/>\nHush now, don\u2019t just endure,<br \/>\nC\u2019mon now, confide in me, darling,<br \/>\nYou know a problem shared is a problem cured.<\/p>\n<p>Oh-ooh-ee, won\u2019t you talk to me?<\/p>\n<p>Well now, well now my baby,<br \/>\nWell now, won\u2019t you talk to me?<br \/>\nC\u2019mon now, come on now, my baby,<br \/>\nWon\u2019t you sit down here and talk to me?<br \/>\nWon\u2019t you sit down here and talk to me?<\/p>\n","protected":false},"excerpt":{"rendered":"<p>Won\u2019t you talk to me?\u00a0\u00a0\u00a0\u00a0\u00a0\u00a0\u00a0\u00a0 (N\u00e1 labhr\u00f3f\u00e1 liom?) Well now, well now my baby, Well now, won\u2019t you talk to me? C\u2019mon now, come on now, my baby, Won\u2019t you sit down here and talk to me? Hey now, I\u2019ve &hellip; <a href=\"https:\/\/paulocolmain.com\/?page_id=2147\">Continue reading <span class=\"meta-nav\">&rarr;<\/span><\/a><\/p>\n","protected":false},"author":1,"featured_media":0,"parent":903,"menu_order":0,"comment_status":"closed","ping_status":"open","template":"","meta":{"ngg_post_thumbnail":0,"spay_email":""},"jetpack_shortlink":"https:\/\/wp.me\/P36zMW-yD","jetpack_sharing_enabled":true,"_links":{"self":[{"href":"https:\/\/paulocolmain.com\/index.php?rest_route=\/wp\/v2\/pages\/2147"}],"collection":[{"href":"https:\/\/paulocolmain.com\/index.php?rest_route=\/wp\/v2\/pages"}],"about":[{"href":"https:\/\/paulocolmain.com\/index.php?rest_route=\/wp\/v2\/types\/page"}],"author":[{"embeddable":true,"href":"https:\/\/paulocolmain.com\/index.php?rest_route=\/wp\/v2\/users\/1"}],"replies":[{"embeddable":true,"href":"https:\/\/paulocolmain.com\/index.php?rest_route=%2Fwp%2Fv2%2Fcomments&post=2147"}],"version-history":[{"count":1,"href":"https:\/\/paulocolmain.com\/index.php?rest_route=\/wp\/v2\/pages\/2147\/revisions"}],"predecessor-version":[{"id":2148,"href":"https:\/\/paulocolmain.com\/index.php?rest_route=\/wp\/v2\/pages\/2147\/revisions\/2148"}],"up":[{"embeddable":true,"href":"https:\/\/paulocolmain.com\/index.php?rest_route=\/wp\/v2\/pages\/903"}],"wp:attachment":[{"href":"https:\/\/paulocolmain.com\/index.php?rest_route=%2Fwp%2Fv2%2Fmedia&parent=2147"}],"curies":[{"name":"wp","href":"https:\/\/api.w.org\/{rel}","templated":true}]}}