{"id":2143,"date":"2015-04-08T17:23:32","date_gmt":"2015-04-08T17:23:32","guid":{"rendered":"https:\/\/paulocolmain.com\/?page_id=2143"},"modified":"2015-04-09T11:19:59","modified_gmt":"2015-04-09T11:19:59","slug":"bronagh","status":"publish","type":"page","link":"https:\/\/paulocolmain.com\/?page_id=2143","title":{"rendered":"Br\u00f3nagh"},"content":{"rendered":"<p><strong>Br\u00f3nagh<\/strong><\/p>\n<p>Br\u00f3nagh, why are you crying?<br \/>\nBr\u00f3nagh, why are you sad?<br \/>\nDid he leave you again, like he\u2019s done so often before?<br \/>\nHas he left you again, abandoned, and heart-sore?<\/p>\n<p>Br\u00f3nagh, is that why you\u2019re crying?<br \/>\nBr\u00f3nagh, Is that why you\u2019re sad?<br \/>\nWell, I\u2019ve something to tell you: I know how you feel.<br \/>\nI\u2019ve something to tell you that I\u2019ve been trying to conceal.<\/p>\n<p>I see you in my mind\u2019s eye, sunlight streaming through the silk of your dress,<br \/>\nfeathers woven through your hair, and it shining,<br \/>\nand you laughing, standing the back garden,<br \/>\nin a blizzard of apple blossom.<\/p>\n<p>Br\u00f3nagh, don\u2019t be crying.<br \/>\nBr\u00f3nagh, don\u2019t be sad.<br \/>\nI\u2019m waiting for you. Waiting forever for your sign,<br \/>\nI\u2019m waiting for you, and Br\u00f3nagh,<br \/>\nI\u2019m crying, I&#8217;m crying\u00a0 too.<\/p>\n<p>Br\u00f3nagh, Br\u00f3nagh,<br \/>\ndon\u2019t you understand, don\u2019t you see?<br \/>\nBr\u00f3nagh, Br\u00f3nagh,<br \/>\nHow much you mean to me?<\/p>\n","protected":false},"excerpt":{"rendered":"<p>Br\u00f3nagh Br\u00f3nagh, why are you crying? Br\u00f3nagh, why are you sad? Did he leave you again, like he\u2019s done so often before? Has he left you again, abandoned, and heart-sore? Br\u00f3nagh, is that why you\u2019re crying? Br\u00f3nagh, Is that why &hellip; <a href=\"https:\/\/paulocolmain.com\/?page_id=2143\">Continue reading <span class=\"meta-nav\">&rarr;<\/span><\/a><\/p>\n","protected":false},"author":1,"featured_media":0,"parent":903,"menu_order":0,"comment_status":"closed","ping_status":"open","template":"","meta":{"ngg_post_thumbnail":0,"spay_email":""},"jetpack_shortlink":"https:\/\/wp.me\/P36zMW-yz","jetpack_sharing_enabled":true,"_links":{"self":[{"href":"https:\/\/paulocolmain.com\/index.php?rest_route=\/wp\/v2\/pages\/2143"}],"collection":[{"href":"https:\/\/paulocolmain.com\/index.php?rest_route=\/wp\/v2\/pages"}],"about":[{"href":"https:\/\/paulocolmain.com\/index.php?rest_route=\/wp\/v2\/types\/page"}],"author":[{"embeddable":true,"href":"https:\/\/paulocolmain.com\/index.php?rest_route=\/wp\/v2\/users\/1"}],"replies":[{"embeddable":true,"href":"https:\/\/paulocolmain.com\/index.php?rest_route=%2Fwp%2Fv2%2Fcomments&post=2143"}],"version-history":[{"count":2,"href":"https:\/\/paulocolmain.com\/index.php?rest_route=\/wp\/v2\/pages\/2143\/revisions"}],"predecessor-version":[{"id":2165,"href":"https:\/\/paulocolmain.com\/index.php?rest_route=\/wp\/v2\/pages\/2143\/revisions\/2165"}],"up":[{"embeddable":true,"href":"https:\/\/paulocolmain.com\/index.php?rest_route=\/wp\/v2\/pages\/903"}],"wp:attachment":[{"href":"https:\/\/paulocolmain.com\/index.php?rest_route=%2Fwp%2Fv2%2Fmedia&parent=2143"}],"curies":[{"name":"wp","href":"https:\/\/api.w.org\/{rel}","templated":true}]}}