{"id":2134,"date":"2015-04-08T12:57:10","date_gmt":"2015-04-08T12:57:10","guid":{"rendered":"https:\/\/paulocolmain.com\/?page_id=2134"},"modified":"2015-04-09T11:17:37","modified_gmt":"2015-04-09T11:17:37","slug":"nil-einne-mar-mhaire","status":"publish","type":"page","link":"https:\/\/paulocolmain.com\/?page_id=2134","title":{"rendered":"N\u00edl \u00e9inne mar Mh\u00e1ire"},"content":{"rendered":"<p>N\u00edl \u00e9inne mar Mh\u00e1ire\u00a0\u00a0\u00a0\u00a0\u00a0\u00a0\u00a0\u00a0\u00a0\u00a0\u00a0\u00a0\u00a0\u00a0\u00a0\u00a0\u00a0\u00a0\u00a0\u00a0\u00a0\u00a0\u00a0\u00a0\u00a0\u00a0\u00a0\u00a0\u00a0\u00a0\u00a0\u00a0\u00a0\u00a0\u00a0\u00a0\u00a0\u00a0\u00a0\u00a0\u00a0\u00a0\u00a0\u00a0\u00a0\u00a0\u00a0 <a title=\"N\u00edl \u00e9inne mar Mh\u00e1ire\" href=\"https:\/\/paulocolmain.com\/?page_id=2151\">Translation<\/a><br \/>\n\u2018is \u00ed l\u00e1n de ghl\u00f3ire,<br \/>\nIs m\u00f3r \u00ed mo n\u00e1ire<br \/>\nNach ise mo st\u00f3r.<\/p>\n<p>A folt geal le h-\u00f3r<br \/>\na buanna go leor<br \/>\n\u2018s\u00e9 mo chusp\u00f3ir<br \/>\n\u00ed a bheith de mo ch\u00f3ir.<\/p>\n<p><em>curf\u00e1<\/em><br \/>\nGeallaim i dt\u00fas b\u00e1ire<br \/>\ncluain a chur uirthi,<br \/>\nn\u00ed bheimid ar\u00eds scartha,<br \/>\nnach m\u00e9 \u2018bheith ag g\u00e1ire?<\/p>\n<p>Ar mo ghr\u00e1 di n\u00edl teorainn,<br \/>\nraghadsa ar a t\u00f3ir<br \/>\n\u2018is m\u00e1 t\u00e1\u00edm as an \u00e1ireamh<br \/>\nansin silfear na deora.<\/p>\n<p>Thiteas ar an m\u00f3rch\u00f3ir<br \/>\ni ngr\u00e1 lena cuma ghleoir<br \/>\n\u2018s le gleoiteacht a miongh\u00e1ire<br \/>\n\u2018is a h\u00e1illeacht ghl\u00f3rmhar.<\/p>\n<p>T\u00e1\u00a0mo chro\u00ed l\u00e1n de Mh\u00e1ire,<br \/>\nag \u00fascadh as mo ph\u00f3ire,<br \/>\ndeirimse n\u00e1r fol\u00e1ir di<br \/>\nbheith \u2018mo leath-bh\u00e1d\u00f3ir.<br \/>\n..Ba mh\u00f3r \u00ed mo n\u00e1ire<br \/>\nMuna mbeadh ise mo st\u00f3r.<\/p>\n","protected":false},"excerpt":{"rendered":"<p>N\u00edl \u00e9inne mar Mh\u00e1ire\u00a0\u00a0\u00a0\u00a0\u00a0\u00a0\u00a0\u00a0\u00a0\u00a0\u00a0\u00a0\u00a0\u00a0\u00a0\u00a0\u00a0\u00a0\u00a0\u00a0\u00a0\u00a0\u00a0\u00a0\u00a0\u00a0\u00a0\u00a0\u00a0\u00a0\u00a0\u00a0\u00a0\u00a0\u00a0\u00a0\u00a0\u00a0\u00a0\u00a0\u00a0\u00a0\u00a0\u00a0\u00a0\u00a0\u00a0 Translation \u2018is \u00ed l\u00e1n de ghl\u00f3ire, Is m\u00f3r \u00ed mo n\u00e1ire Nach ise mo st\u00f3r. A folt geal le h-\u00f3r a buanna go leor \u2018s\u00e9 mo chusp\u00f3ir \u00ed a bheith de mo ch\u00f3ir. curf\u00e1 Geallaim i &hellip; <a href=\"https:\/\/paulocolmain.com\/?page_id=2134\">Continue reading <span class=\"meta-nav\">&rarr;<\/span><\/a><\/p>\n","protected":false},"author":1,"featured_media":0,"parent":2115,"menu_order":6,"comment_status":"closed","ping_status":"open","template":"","meta":{"ngg_post_thumbnail":0,"spay_email":""},"jetpack_shortlink":"https:\/\/wp.me\/P36zMW-yq","jetpack_sharing_enabled":true,"_links":{"self":[{"href":"https:\/\/paulocolmain.com\/index.php?rest_route=\/wp\/v2\/pages\/2134"}],"collection":[{"href":"https:\/\/paulocolmain.com\/index.php?rest_route=\/wp\/v2\/pages"}],"about":[{"href":"https:\/\/paulocolmain.com\/index.php?rest_route=\/wp\/v2\/types\/page"}],"author":[{"embeddable":true,"href":"https:\/\/paulocolmain.com\/index.php?rest_route=\/wp\/v2\/users\/1"}],"replies":[{"embeddable":true,"href":"https:\/\/paulocolmain.com\/index.php?rest_route=%2Fwp%2Fv2%2Fcomments&post=2134"}],"version-history":[{"count":2,"href":"https:\/\/paulocolmain.com\/index.php?rest_route=\/wp\/v2\/pages\/2134\/revisions"}],"predecessor-version":[{"id":2163,"href":"https:\/\/paulocolmain.com\/index.php?rest_route=\/wp\/v2\/pages\/2134\/revisions\/2163"}],"up":[{"embeddable":true,"href":"https:\/\/paulocolmain.com\/index.php?rest_route=\/wp\/v2\/pages\/2115"}],"wp:attachment":[{"href":"https:\/\/paulocolmain.com\/index.php?rest_route=%2Fwp%2Fv2%2Fmedia&parent=2134"}],"curies":[{"name":"wp","href":"https:\/\/api.w.org\/{rel}","templated":true}]}}