{"id":1843,"date":"2014-03-26T11:50:23","date_gmt":"2014-03-26T11:50:23","guid":{"rendered":"https:\/\/paulocolmain.com\/?page_id=1843"},"modified":"2021-06-30T17:34:58","modified_gmt":"2021-06-30T17:34:58","slug":"geantrai-goltrai","status":"publish","type":"page","link":"https:\/\/paulocolmain.com\/?page_id=1843","title":{"rendered":"Geantra\u00ed, Goltra\u00ed"},"content":{"rendered":"<p><div id=\"metaslider-id-3855\" style=\"max-width: 800px;\" class=\"ml-slider-3-17-1 metaslider metaslider-flex metaslider-3855 ml-slider nav-hidden\">\n    <div id=\"metaslider_container_3855\">\n        <div id=\"metaslider_3855\">\n            <ul aria-live=\"polite\" class=\"slides\">\n                <li style=\"display: block; width: 100%;\" class=\"slide-3869 ms-image\"><img width=\"550\" height=\"551\" src=\"https:\/\/paulocolmain.com\/wp-content\/uploads\/2014\/03\/GG_Cover_front_opt.jpg\" class=\"slider-3855 slide-3869\" alt=\"\" loading=\"lazy\" rel=\"\" title=\"Cl\u00fadach \/ Cover\" srcset=\"https:\/\/paulocolmain.com\/wp-content\/uploads\/2014\/03\/GG_Cover_front_opt.jpg 550w, https:\/\/paulocolmain.com\/wp-content\/uploads\/2014\/03\/GG_Cover_front_opt-150x150.jpg 150w, https:\/\/paulocolmain.com\/wp-content\/uploads\/2014\/03\/GG_Cover_front_opt-300x300.jpg 300w\" sizes=\"(max-width: 550px) 100vw, 550px\" \/><div class=\"caption-wrap\"><div class=\"caption\">Cl\u00fadach\/Front cover<\/div><\/div><\/li>\n                <li style=\"display: none; width: 100%;\" class=\"slide-3858 ms-image\"><img width=\"700\" height=\"325\" src=\"https:\/\/paulocolmain.com\/wp-content\/uploads\/2015\/05\/Sean-Gn\u00f3stics1_opt.jpg\" class=\"slider-3855 slide-3858\" alt=\"\" loading=\"lazy\" rel=\"\" title=\"Lainse\u00e1il\/ The Launch, Riverside Caf\u00e9\" srcset=\"https:\/\/paulocolmain.com\/wp-content\/uploads\/2015\/05\/Sean-Gn\u00f3stics1_opt.jpg 700w, https:\/\/paulocolmain.com\/wp-content\/uploads\/2015\/05\/Sean-Gn\u00f3stics1_opt-300x139.jpg 300w\" sizes=\"(max-width: 700px) 100vw, 700px\" \/><div class=\"caption-wrap\"><div class=\"caption\">The Launch, Riverside Caf\u00e9<\/div><\/div><\/li>\n                <li style=\"display: none; width: 100%;\" class=\"slide-3866 ms-image\"><img width=\"499\" height=\"500\" src=\"https:\/\/paulocolmain.com\/wp-content\/uploads\/2014\/03\/Geantra\u00edGoltra\u00ed_backcover_opt.jpg\" class=\"slider-3855 slide-3866\" alt=\"\" loading=\"lazy\" rel=\"\" title=\"Geantra\u00ed,Goltra\u00ed c\u00falchl\u00fadach\/backcover\" srcset=\"https:\/\/paulocolmain.com\/wp-content\/uploads\/2014\/03\/Geantra\u00edGoltra\u00ed_backcover_opt.jpg 499w, https:\/\/paulocolmain.com\/wp-content\/uploads\/2014\/03\/Geantra\u00edGoltra\u00ed_backcover_opt-150x150.jpg 150w, https:\/\/paulocolmain.com\/wp-content\/uploads\/2014\/03\/Geantra\u00edGoltra\u00ed_backcover_opt-300x300.jpg 300w\" sizes=\"(max-width: 499px) 100vw, 499px\" \/><div class=\"caption-wrap\"><div class=\"caption\">Song list<\/div><\/div><\/li>\n                <li style=\"display: none; width: 100%;\" class=\"slide-3859 ms-image\"><img width=\"700\" height=\"437\" src=\"https:\/\/paulocolmain.com\/wp-content\/uploads\/2014\/03\/sean-Gnostics_opt1.jpg\" class=\"slider-3855 slide-3859\" alt=\"\" loading=\"lazy\" rel=\"\" title=\"Na Sean Gn\u00f3stics\" srcset=\"https:\/\/paulocolmain.com\/wp-content\/uploads\/2014\/03\/sean-Gnostics_opt1.jpg 700w, https:\/\/paulocolmain.com\/wp-content\/uploads\/2014\/03\/sean-Gnostics_opt1-300x187.jpg 300w\" sizes=\"(max-width: 700px) 100vw, 700px\" \/><div class=\"caption-wrap\"><div class=\"caption\">Photo by Ger Murphy, Mexicanger@googlemail.com<\/div><\/div><\/li>\n                <li style=\"display: none; width: 100%;\" class=\"slide-3860 ms-image\"><img width=\"323\" height=\"484\" src=\"https:\/\/paulocolmain.com\/wp-content\/uploads\/2014\/03\/PaulBreda1_opt.jpg\" class=\"slider-3855 slide-3860\" alt=\"\" loading=\"lazy\" rel=\"\" title=\"Paul &amp; Breeda\" srcset=\"https:\/\/paulocolmain.com\/wp-content\/uploads\/2014\/03\/PaulBreda1_opt.jpg 323w, https:\/\/paulocolmain.com\/wp-content\/uploads\/2014\/03\/PaulBreda1_opt-200x300.jpg 200w\" sizes=\"(max-width: 323px) 100vw, 323px\" \/><div class=\"caption-wrap\"><div class=\"caption\">Photo by Ger Murphy, Mexicanger@googlemail.com<\/div><\/div><\/li>\n                <li style=\"display: none; width: 100%;\" class=\"slide-3862 ms-image\"><img width=\"726\" height=\"484\" src=\"https:\/\/paulocolmain.com\/wp-content\/uploads\/2014\/03\/Paul-Na-SG_opt.jpg\" class=\"slider-3855 slide-3862\" alt=\"\" loading=\"lazy\" rel=\"\" title=\"Na Sean Gn\u00f3stics\" srcset=\"https:\/\/paulocolmain.com\/wp-content\/uploads\/2014\/03\/Paul-Na-SG_opt.jpg 726w, https:\/\/paulocolmain.com\/wp-content\/uploads\/2014\/03\/Paul-Na-SG_opt-300x200.jpg 300w\" sizes=\"(max-width: 726px) 100vw, 726px\" \/><div class=\"caption-wrap\"><div class=\"caption\">Photo by Ger Murphy, Mexicanger@googlemail.com<\/div><\/div><\/li>\n                <li style=\"display: none; width: 100%;\" class=\"slide-3867 ms-image\"><img width=\"700\" height=\"495\" src=\"https:\/\/paulocolmain.com\/wp-content\/uploads\/2014\/03\/cds_2_opt.jpg\" class=\"slider-3855 slide-3867\" alt=\"\" loading=\"lazy\" rel=\"\" title=\"\" srcset=\"https:\/\/paulocolmain.com\/wp-content\/uploads\/2014\/03\/cds_2_opt.jpg 700w, https:\/\/paulocolmain.com\/wp-content\/uploads\/2014\/03\/cds_2_opt-300x212.jpg 300w\" sizes=\"(max-width: 700px) 100vw, 700px\" \/><div class=\"caption-wrap\"><div class=\"caption\">Geantra\u00ed, Goltra\u00ed...<\/div><\/div><\/li>\n                <li style=\"display: none; width: 100%;\" class=\"slide-3861 ms-image\"><img width=\"726\" height=\"484\" src=\"https:\/\/paulocolmain.com\/wp-content\/uploads\/2014\/03\/PaulBreda_opt.jpg\" class=\"slider-3855 slide-3861\" alt=\"\" loading=\"lazy\" rel=\"\" title=\"Paul &amp; Breeda\" srcset=\"https:\/\/paulocolmain.com\/wp-content\/uploads\/2014\/03\/PaulBreda_opt.jpg 726w, https:\/\/paulocolmain.com\/wp-content\/uploads\/2014\/03\/PaulBreda_opt-300x200.jpg 300w\" sizes=\"(max-width: 726px) 100vw, 726px\" \/><div class=\"caption-wrap\"><div class=\"caption\">Photo by Ger Murphy, Mexicanger@googlemail.com<\/div><\/div><\/li>\n                <li style=\"display: none; width: 100%;\" class=\"slide-3868 ms-image\"><img width=\"700\" height=\"525\" src=\"https:\/\/paulocolmain.com\/wp-content\/uploads\/2014\/03\/cds_1_opt.jpg\" class=\"slider-3855 slide-3868\" alt=\"\" loading=\"lazy\" rel=\"\" title=\"\" srcset=\"https:\/\/paulocolmain.com\/wp-content\/uploads\/2014\/03\/cds_1_opt.jpg 700w, https:\/\/paulocolmain.com\/wp-content\/uploads\/2014\/03\/cds_1_opt-300x225.jpg 300w\" sizes=\"(max-width: 700px) 100vw, 700px\" \/><div class=\"caption-wrap\"><div class=\"caption\">seo leat!<\/div><\/div><\/li>\n                <li style=\"display: none; width: 100%;\" class=\"slide-3865 ms-image\"><img width=\"700\" height=\"437\" src=\"https:\/\/paulocolmain.com\/wp-content\/uploads\/2014\/03\/sean-Gnostics_opt.jpg\" class=\"slider-3855 slide-3865\" alt=\"\" loading=\"lazy\" rel=\"\" title=\"sean Gnostics_opt\" srcset=\"https:\/\/paulocolmain.com\/wp-content\/uploads\/2014\/03\/sean-Gnostics_opt.jpg 700w, https:\/\/paulocolmain.com\/wp-content\/uploads\/2014\/03\/sean-Gnostics_opt-300x187.jpg 300w\" sizes=\"(max-width: 700px) 100vw, 700px\" \/><div class=\"caption-wrap\"><div class=\"caption\">A serious bunch of musicians...<\/div><\/div><\/li>\n                <li style=\"display: none; width: 100%;\" class=\"slide-3863 ms-image\"><img width=\"726\" height=\"484\" src=\"https:\/\/paulocolmain.com\/wp-content\/uploads\/2014\/03\/Sean-Gnostics3_opt.jpg\" class=\"slider-3855 slide-3863\" alt=\"\" loading=\"lazy\" rel=\"\" title=\"Na Sean Gn\u00f3stics\" srcset=\"https:\/\/paulocolmain.com\/wp-content\/uploads\/2014\/03\/Sean-Gnostics3_opt.jpg 726w, https:\/\/paulocolmain.com\/wp-content\/uploads\/2014\/03\/Sean-Gnostics3_opt-300x200.jpg 300w\" sizes=\"(max-width: 726px) 100vw, 726px\" \/><div class=\"caption-wrap\"><div class=\"caption\">Photo by Ger Murphy, Mexicanger@googlemail.com<\/div><\/div><\/li>\n                <li style=\"display: none; width: 100%;\" class=\"slide-3864 ms-image\"><img width=\"727\" height=\"484\" src=\"https:\/\/paulocolmain.com\/wp-content\/uploads\/2014\/03\/Sean-Gnostics2_opt.jpg\" class=\"slider-3855 slide-3864\" alt=\"\" loading=\"lazy\" rel=\"\" title=\"Na Sean Gn\u00f3stics\" srcset=\"https:\/\/paulocolmain.com\/wp-content\/uploads\/2014\/03\/Sean-Gnostics2_opt.jpg 727w, https:\/\/paulocolmain.com\/wp-content\/uploads\/2014\/03\/Sean-Gnostics2_opt-300x200.jpg 300w\" sizes=\"(max-width: 727px) 100vw, 727px\" \/><div class=\"caption-wrap\"><div class=\"caption\">Photo by Ger Murphy, Mexicanger@googlemail.com<\/div><\/div><\/li>\n            <\/ul>\n        <\/div>\n        \n    <\/div>\n<\/div><iframe src=\"https:\/\/embed.spotify.com\/?uri=spotify:album:5ETKPtAosMFz8UhgwxZnr2\" width=\"600\" height=\"380\" frameborder=\"0\"><\/iframe><\/p>\n<p>Cuid 1 d\u2019albaim d\u00fabailte is ea \u00e9. Mar is eol daoibh, bh\u00ed tr\u00ed fhoirm cheoil fad\u00f3 a chuireadh gliondar ar chro\u00edthe an lucht \u00e9isteachta, a chuireadh br\u00f3n orthu agus a chuireadh faoi shuan iad: <strong>Geantra\u00ed, Goltra\u00ed agus Suantra\u00ed<\/strong>. Sin coincheap an albaim. <em>Geantra\u00ed agus Goltra\u00ed<\/em> a bheidh ar Chuid 1 agus &#8230;agus <em>Suantra\u00ed<\/em> ar Chuid 2 agus is iad ainmneacha an d\u00e1 chuid. Seoladh <strong>Geantra\u00ed, Goltra\u00ed<\/strong> ar an Aoine 10\u00fa d&#8217;Aibre\u00e1in san riverside Caf\u00e9, An Sciobair\u00edn! T\u00e1im an-bhu\u00edoch do Breeda Murphy, Tim Abbott, Liam Kenneally &amp; Murchadh \u00d3 Colm\u00e1in as ucht p\u00e1irt a bh\u00ed acu ann. T\u00e1 Cuid 2, <strong>&#8230;agus Suantra\u00ed<\/strong> ar f\u00e1il <a href=\"https:\/\/paulocolmain.com\/?page_id=3873\">anois<\/a>.<\/p>\n<p><code><\/code><\/p>\n<p style=\"text-align: center;\"><strong>Paypal:<\/strong><\/p>\n<p><a href=\" https:\/\/www.paypal.com\/cgi-bin\/webscr?cmd=_s-xclick&amp;hosted_button_id=GUA4TRBJDY7LJ \"><br \/>\n<img loading=\"lazy\" class=\" aligncenter\" src=\"https:\/\/www.paypalobjects.com\/en_US\/i\/btn\/btn_buynow_LG.gif\" alt=\"Buy Now Button\" width=\"202\" height=\"49\"><br \/>\n<\/a><strong>&nbsp;&nbsp;&nbsp;&nbsp;&nbsp;&nbsp;&nbsp;&nbsp;&nbsp;&nbsp;&nbsp;&nbsp;&nbsp;&nbsp;&nbsp;&nbsp;&nbsp;&nbsp; or&#8230;.<\/strong><\/p>\n<div style=\"width: 100%; clear: both;\"><a style=\"background: url('https:\/\/paulocolmain.com\/wp-content\/uploads\/2015\/07\/iTunes-Logo.png') no-repeat top left; width: 100%; height: 60px; display: block; padding: 38px 0 0 210px; font-size: 22px; text-decoration: none; color: black;\" href=\"https:\/\/geo.itunes.apple.com\/us\/album\/geantrai-goltrai...\/id994181066?&amp;app=itunes\" target=\"_blank\" rel=\"noopener noreferrer\">Download Album From iTunes<\/a><\/div>\n<p>This album consists of new songs in the Irish language and conceptually, it follows the Three Forms of Music in Ancient Ireland: <strong>Geantra\u00ed, Goltra\u00ed agus Suantra\u00ed<\/strong>, i.e.music that would first make the audience laugh and dance, then sad music that would bring tears and reminiscence and, finally, soothing lullabyes to calm them. It will be a double album, the first part, <strong>Geantra\u00ed, Goltra\u00ed<\/strong> had its official launch on Friday 10th April in The Riverside Caf\u00e9, Skibbereen. Part 2, <strong>&#8230;agus Suantra\u00ed<\/strong> is <a href=\"https:\/\/paulocolmain.com\/?page_id=3873\">now available<\/a>.<\/p>\n<p>Featuring the musical talents of Breeda Murphy, Tim Abbott, Liam Kenneally &amp; Murchadh \u00d3 Colm\u00e1in.<\/p>\n","protected":false},"excerpt":{"rendered":"<p>Cuid 1 d\u2019albaim d\u00fabailte is ea \u00e9. Mar is eol daoibh, bh\u00ed tr\u00ed fhoirm cheoil fad\u00f3 a chuireadh gliondar ar chro\u00edthe an lucht \u00e9isteachta, a chuireadh br\u00f3n orthu agus a chuireadh faoi shuan iad: Geantra\u00ed, Goltra\u00ed agus Suantra\u00ed. Sin coincheap &hellip; <a href=\"https:\/\/paulocolmain.com\/?page_id=1843\">Continue reading <span class=\"meta-nav\">&rarr;<\/span><\/a><\/p>\n","protected":false},"author":1,"featured_media":0,"parent":721,"menu_order":2,"comment_status":"closed","ping_status":"open","template":"","meta":{"ngg_post_thumbnail":0,"spay_email":""},"jetpack_shortlink":"https:\/\/wp.me\/P36zMW-tJ","jetpack_sharing_enabled":true,"_links":{"self":[{"href":"https:\/\/paulocolmain.com\/index.php?rest_route=\/wp\/v2\/pages\/1843"}],"collection":[{"href":"https:\/\/paulocolmain.com\/index.php?rest_route=\/wp\/v2\/pages"}],"about":[{"href":"https:\/\/paulocolmain.com\/index.php?rest_route=\/wp\/v2\/types\/page"}],"author":[{"embeddable":true,"href":"https:\/\/paulocolmain.com\/index.php?rest_route=\/wp\/v2\/users\/1"}],"replies":[{"embeddable":true,"href":"https:\/\/paulocolmain.com\/index.php?rest_route=%2Fwp%2Fv2%2Fcomments&post=1843"}],"version-history":[{"count":60,"href":"https:\/\/paulocolmain.com\/index.php?rest_route=\/wp\/v2\/pages\/1843\/revisions"}],"predecessor-version":[{"id":4719,"href":"https:\/\/paulocolmain.com\/index.php?rest_route=\/wp\/v2\/pages\/1843\/revisions\/4719"}],"up":[{"embeddable":true,"href":"https:\/\/paulocolmain.com\/index.php?rest_route=\/wp\/v2\/pages\/721"}],"wp:attachment":[{"href":"https:\/\/paulocolmain.com\/index.php?rest_route=%2Fwp%2Fv2%2Fmedia&parent=1843"}],"curies":[{"name":"wp","href":"https:\/\/api.w.org\/{rel}","templated":true}]}}