{"id":1806,"date":"2014-02-04T13:44:40","date_gmt":"2014-02-04T13:44:40","guid":{"rendered":"https:\/\/paulocolmain.com\/?page_id=1806"},"modified":"2014-02-11T12:28:57","modified_gmt":"2014-02-11T12:28:57","slug":"january-2014","status":"publish","type":"page","link":"https:\/\/paulocolmain.com\/?page_id=1806","title":{"rendered":"January 2014"},"content":{"rendered":"<p><em>Sealanna geala, ci\u00faine idir eachtra\u00ed fhi\u00e1ine, uaf\u00e1sacha&#8230;.<\/em><\/p>\n<p>Lios ar an ngealach,<br \/>\nLinnte airgead\u00fala,<br \/>\nCaidhp ceo ar an gcnoc.\/Sc\u00e1thanna dubha.<\/p>\n<p>(31\/01\/14)<\/p>\n<p>***************************<\/p>\n<p><em>The crows seem to love this wild weather, they&#8217;re out there, apparently exulting in it, showing off&#8230;<\/em><\/p>\n<p>Raven wind-riders<br \/>\nPristine choreography<br \/>\nTwo shapes become one<\/p>\n<p>(24\/01\/14)<\/p>\n<p>*****************************<\/p>\n<p><em>January in Cill Rialaig&#8230;.<\/em><\/p>\n<p>Bare, rocky mountain;<br \/>\nempty sky: needs something else.<br \/>\nPeregrine appears.<\/p>\n<p>(17\/01\/14)<\/p>\n<p><em>*****************************<\/em><\/p>\n<p><em>Whew, these storms are massive, so gloriously dramatic&#8230;<\/em><\/p>\n<p>Pine woods: just jack straws;<br \/>\nSea walls are mere sand castles.<br \/>\nIt&#8217;s almost anger.<\/p>\n<p>(10\/01\/14)<\/p>\n<p>*****************************<\/p>\n<p><em>Wild weather continues, huge storms, floods, dramatic skies&#8230;<\/em><\/p>\n<p>Dirty mauve billows<br \/>\non a sepia backdrop.<br \/>\nNot a single crow.<\/p>\n<p>(03\/01\/14)<\/p>\n","protected":false},"excerpt":{"rendered":"<p>Sealanna geala, ci\u00faine idir eachtra\u00ed fhi\u00e1ine, uaf\u00e1sacha&#8230;. Lios ar an ngealach, Linnte airgead\u00fala, Caidhp ceo ar an gcnoc.\/Sc\u00e1thanna dubha. (31\/01\/14) *************************** The crows seem to love this wild weather, they&#8217;re out there, apparently exulting in it, showing off&#8230; Raven wind-riders &hellip; <a href=\"https:\/\/paulocolmain.com\/?page_id=1806\">Continue reading <span class=\"meta-nav\">&rarr;<\/span><\/a><\/p>\n","protected":false},"author":1,"featured_media":0,"parent":1809,"menu_order":1,"comment_status":"closed","ping_status":"open","template":"","meta":{"ngg_post_thumbnail":0,"spay_email":""},"jetpack_shortlink":"https:\/\/wp.me\/P36zMW-t8","jetpack_sharing_enabled":true,"_links":{"self":[{"href":"https:\/\/paulocolmain.com\/index.php?rest_route=\/wp\/v2\/pages\/1806"}],"collection":[{"href":"https:\/\/paulocolmain.com\/index.php?rest_route=\/wp\/v2\/pages"}],"about":[{"href":"https:\/\/paulocolmain.com\/index.php?rest_route=\/wp\/v2\/types\/page"}],"author":[{"embeddable":true,"href":"https:\/\/paulocolmain.com\/index.php?rest_route=\/wp\/v2\/users\/1"}],"replies":[{"embeddable":true,"href":"https:\/\/paulocolmain.com\/index.php?rest_route=%2Fwp%2Fv2%2Fcomments&post=1806"}],"version-history":[{"count":4,"href":"https:\/\/paulocolmain.com\/index.php?rest_route=\/wp\/v2\/pages\/1806\/revisions"}],"predecessor-version":[{"id":1816,"href":"https:\/\/paulocolmain.com\/index.php?rest_route=\/wp\/v2\/pages\/1806\/revisions\/1816"}],"up":[{"embeddable":true,"href":"https:\/\/paulocolmain.com\/index.php?rest_route=\/wp\/v2\/pages\/1809"}],"wp:attachment":[{"href":"https:\/\/paulocolmain.com\/index.php?rest_route=%2Fwp%2Fv2%2Fmedia&parent=1806"}],"curies":[{"name":"wp","href":"https:\/\/api.w.org\/{rel}","templated":true}]}}