{"id":1161,"date":"2012-04-11T11:26:21","date_gmt":"2012-04-11T11:26:21","guid":{"rendered":"https:\/\/paulocolmain.com\/?page_id=1161"},"modified":"2012-04-11T11:26:21","modified_gmt":"2012-04-11T11:26:21","slug":"october-2011","status":"publish","type":"page","link":"https:\/\/paulocolmain.com\/?page_id=1161","title":{"rendered":"October 2011"},"content":{"rendered":"<p><em>Quiet on the mountain, these days, but every now and again&#8230;.<\/em><\/p>\n<p>Silence torn apart.<br \/>\nSudden hoarse screech of a chough.<br \/>\nShocked hill settles back.<\/p>\n<p>(29\/10\/11)<\/p>\n<p>************<br \/>\n<em>Ag \u00e9irigh feals\u00fanach!<\/em><\/p>\n<p>An seal neamhbhuan:<br \/>\ndo-fheicthe mar phias\u00fan<br \/>\nar chnoc fh\u00f3mhair.<\/p>\n<p>(22\/10\/11)<\/p>\n<p>************<\/p>\n<p><em>The fog is so beautiful, although it kills the view it brings everything into a close, magical perspective<\/em>&#8230;<\/p>\n<p>Diamond-spangled gorse,<br \/>\nDew-embroidered gossamer,<br \/>\nWest Cork jewellery.<\/p>\n<p>(15\/10\/11)<\/p>\n<p>************<\/p>\n<p><em>Fogged in again &#8211; still, birdsong is all around too.<\/em><\/p>\n<p>Whispering linnets,<br \/>\nlike purposeful butterflies,<br \/>\nflit across fogged gaps.<\/p>\n<p>(08\/10\/11)<\/p>\n<p>************<\/p>\n<p><em>Gale. Wild October bursts upon us. The woods are in turmoil.<\/em><\/p>\n<p>Trees strain at their roots,<br \/>\nmaking a space for Winter,<br \/>\nleaves stream giddily.<\/p>\n<p>(01\/10\/11)<\/p>\n","protected":false},"excerpt":{"rendered":"<p>Quiet on the mountain, these days, but every now and again&#8230;. Silence torn apart. Sudden hoarse screech of a chough. Shocked hill settles back. (29\/10\/11) ************ Ag \u00e9irigh feals\u00fanach! An seal neamhbhuan: do-fheicthe mar phias\u00fan ar chnoc fh\u00f3mhair. (22\/10\/11) ************ &hellip; <a href=\"https:\/\/paulocolmain.com\/?page_id=1161\">Continue reading <span class=\"meta-nav\">&rarr;<\/span><\/a><\/p>\n","protected":false},"author":1,"featured_media":0,"parent":489,"menu_order":10,"comment_status":"closed","ping_status":"open","template":"","meta":{"ngg_post_thumbnail":0,"spay_email":""},"jetpack_shortlink":"https:\/\/wp.me\/P36zMW-iJ","jetpack_sharing_enabled":true,"_links":{"self":[{"href":"https:\/\/paulocolmain.com\/index.php?rest_route=\/wp\/v2\/pages\/1161"}],"collection":[{"href":"https:\/\/paulocolmain.com\/index.php?rest_route=\/wp\/v2\/pages"}],"about":[{"href":"https:\/\/paulocolmain.com\/index.php?rest_route=\/wp\/v2\/types\/page"}],"author":[{"embeddable":true,"href":"https:\/\/paulocolmain.com\/index.php?rest_route=\/wp\/v2\/users\/1"}],"replies":[{"embeddable":true,"href":"https:\/\/paulocolmain.com\/index.php?rest_route=%2Fwp%2Fv2%2Fcomments&post=1161"}],"version-history":[{"count":1,"href":"https:\/\/paulocolmain.com\/index.php?rest_route=\/wp\/v2\/pages\/1161\/revisions"}],"predecessor-version":[{"id":1162,"href":"https:\/\/paulocolmain.com\/index.php?rest_route=\/wp\/v2\/pages\/1161\/revisions\/1162"}],"up":[{"embeddable":true,"href":"https:\/\/paulocolmain.com\/index.php?rest_route=\/wp\/v2\/pages\/489"}],"wp:attachment":[{"href":"https:\/\/paulocolmain.com\/index.php?rest_route=%2Fwp%2Fv2%2Fmedia&parent=1161"}],"curies":[{"name":"wp","href":"https:\/\/api.w.org\/{rel}","templated":true}]}}