{"id":1150,"date":"2012-04-11T11:20:40","date_gmt":"2012-04-11T11:20:40","guid":{"rendered":"https:\/\/paulocolmain.com\/?page_id=1150"},"modified":"2012-04-11T11:20:40","modified_gmt":"2012-04-11T11:20:40","slug":"may-2011","status":"publish","type":"page","link":"https:\/\/paulocolmain.com\/?page_id=1150","title":{"rendered":"May 2011"},"content":{"rendered":"<p><em>The whitethorn is incredibly profuse this year, gloriously shrouding whole hedegrows, weighting branches down with the abundance.<\/em><\/p>\n<p>Snowy blossom drifts<br \/>\nsweet almond scent hangs heavy<br \/>\nas the laden lmbs.<\/p>\n<p>(30\/05\/11)<\/p>\n<p>************<\/p>\n<p><em>The foreign fields of rapeseed, incongruous here, in this land of greens.<\/em><\/p>\n<p>Rape fields shock the eye<br \/>\nStartling vivid patches<br \/>\nin the hills\u2019 green quilt.<\/p>\n<p>(23\/05\/11)<\/p>\n<p>************<\/p>\n<p><em>The sky emptied on us, turning streams into torrents, bringing out the flies, making, at least, the swallows happy.<\/em><\/p>\n<p>River brown in flood.<br \/>\nSwallows mob the yellow weir.<br \/>\nHeron stalks the pools.<\/p>\n<p>(16\/05\/11)<\/p>\n<p>************<\/p>\n<p><em>N\u00edl s\u00e9 ina Shamhradh f\u00f3s, \u00e1fach, t\u00e1 gaoth fhuar ag s\u00e9ideadh inniu.<\/em><\/p>\n<p>Loinnir glas na mbeith.<br \/>\nT\u00e1 faobhar an fheothain fuar f\u00f3s.<br \/>\nCritheann spr\u00fais gorma.<\/p>\n<p>[Green shimmer on the birches.<br \/>\nThere\u2019s still an edge to that wind.<br \/>\nThe blues spruce shivers.]<\/p>\n<p>(09\/05\/11)<\/p>\n<p>************<\/p>\n<p><em>Samhradh, Samhradh, bainne na ngamhna, th\u00f3gamar f\u00e9in an samhradh linn&#8230;.<\/em><\/p>\n<p>Ivy-leaved toadflax<\/p>\n<p>Incongruously,<br \/>\nunder the red, rusty gate,<br \/>\ntiny blooms basking.<\/p>\n<p>(02\/05\/11)<\/p>\n","protected":false},"excerpt":{"rendered":"<p>The whitethorn is incredibly profuse this year, gloriously shrouding whole hedegrows, weighting branches down with the abundance. Snowy blossom drifts sweet almond scent hangs heavy as the laden lmbs. (30\/05\/11) ************ The foreign fields of rapeseed, incongruous here, in this &hellip; <a href=\"https:\/\/paulocolmain.com\/?page_id=1150\">Continue reading <span class=\"meta-nav\">&rarr;<\/span><\/a><\/p>\n","protected":false},"author":1,"featured_media":0,"parent":489,"menu_order":5,"comment_status":"closed","ping_status":"open","template":"","meta":{"ngg_post_thumbnail":0,"spay_email":""},"jetpack_shortlink":"https:\/\/wp.me\/P36zMW-iy","jetpack_sharing_enabled":true,"_links":{"self":[{"href":"https:\/\/paulocolmain.com\/index.php?rest_route=\/wp\/v2\/pages\/1150"}],"collection":[{"href":"https:\/\/paulocolmain.com\/index.php?rest_route=\/wp\/v2\/pages"}],"about":[{"href":"https:\/\/paulocolmain.com\/index.php?rest_route=\/wp\/v2\/types\/page"}],"author":[{"embeddable":true,"href":"https:\/\/paulocolmain.com\/index.php?rest_route=\/wp\/v2\/users\/1"}],"replies":[{"embeddable":true,"href":"https:\/\/paulocolmain.com\/index.php?rest_route=%2Fwp%2Fv2%2Fcomments&post=1150"}],"version-history":[{"count":1,"href":"https:\/\/paulocolmain.com\/index.php?rest_route=\/wp\/v2\/pages\/1150\/revisions"}],"predecessor-version":[{"id":1151,"href":"https:\/\/paulocolmain.com\/index.php?rest_route=\/wp\/v2\/pages\/1150\/revisions\/1151"}],"up":[{"embeddable":true,"href":"https:\/\/paulocolmain.com\/index.php?rest_route=\/wp\/v2\/pages\/489"}],"wp:attachment":[{"href":"https:\/\/paulocolmain.com\/index.php?rest_route=%2Fwp%2Fv2%2Fmedia&parent=1150"}],"curies":[{"name":"wp","href":"https:\/\/api.w.org\/{rel}","templated":true}]}}