{"id":1122,"date":"2012-04-06T12:51:28","date_gmt":"2012-04-06T12:51:28","guid":{"rendered":"https:\/\/paulocolmain.com\/?page_id=1122"},"modified":"2012-04-06T12:51:28","modified_gmt":"2012-04-06T12:51:28","slug":"november-2010","status":"publish","type":"page","link":"https:\/\/paulocolmain.com\/?page_id=1122","title":{"rendered":"November 2010"},"content":{"rendered":"<p><em>Brrr! T\u00e1 an sneachta thar nais ar\u00eds &#8211; chomh luath leis. C\u00e9 go bhfuil s\u00e9 chomh fuar sin, chaithfe\u00e1 a adhmh\u00e1il go ngl\u00e9asann s\u00e9 acha&#8217;n rud in \u00e1illeacht.<\/em><\/p>\n<p>Cl\u00fadach<\/p>\n<p>Talamh b\u00e1naithe<br \/>\nA&#8217;s gr\u00edosghrua ar sp\u00e9ire.<br \/>\nTine &#8216;g brioscarnach.<\/p>\n<p>(29\/11\/10)<\/p>\n<p>************<\/p>\n<p><em>Some of these evenings are so cold the colour seems leached away<\/em><\/p>\n<p>Baby-boy-blue sky<br \/>\nblushes shyly to the West.<br \/>\nCoy moon hides its face.<\/p>\n<p>(22\/11\/10)<\/p>\n<p>************<\/p>\n<p><em>Bright, crisp days, recently, cold, sharp nights. The huge berry crop this year will be of major importance to the freezing birds.<\/em><\/p>\n<p>Winter Blackbird<\/p>\n<p>Stark &#8216;gainst oyster sky,<br \/>\nhe slips through thorny branches.<br \/>\nPlucking wine-dark haws.<\/p>\n<p>(15\/11\/10)<\/p>\n<p>************<\/p>\n<p><em>November is continuing to present us with generally awful weather but every now and then, when least expected and all-too briefly, it relents, as if to show us what it could be like&#8230;<\/em><\/p>\n<p>Brief Bask<\/p>\n<p>Drinking-in the sun.<br \/>\nStoring up bright reservoirs<br \/>\nfor dark days ahead.<\/p>\n<p>(08\/11\/10)<\/p>\n<p>************<\/p>\n<p><em>Ooh, the month has started as October finished, wet, wild and dark. This low-level light produces striking and dramatic colour effects on the Autumnal hills&#8230;<\/em><\/p>\n<p>Nacreous Autumn light.<br \/>\nWarm, tawny grass-radiance<br \/>\nfloats above the hill.<\/p>\n<p>(01\/11\/10)<\/p>\n","protected":false},"excerpt":{"rendered":"<p>Brrr! T\u00e1 an sneachta thar nais ar\u00eds &#8211; chomh luath leis. C\u00e9 go bhfuil s\u00e9 chomh fuar sin, chaithfe\u00e1 a adhmh\u00e1il go ngl\u00e9asann s\u00e9 acha&#8217;n rud in \u00e1illeacht. Cl\u00fadach Talamh b\u00e1naithe A&#8217;s gr\u00edosghrua ar sp\u00e9ire. Tine &#8216;g brioscarnach. (29\/11\/10) ************ &hellip; <a href=\"https:\/\/paulocolmain.com\/?page_id=1122\">Continue reading <span class=\"meta-nav\">&rarr;<\/span><\/a><\/p>\n","protected":false},"author":1,"featured_media":0,"parent":485,"menu_order":11,"comment_status":"closed","ping_status":"open","template":"","meta":{"ngg_post_thumbnail":0,"spay_email":""},"jetpack_shortlink":"https:\/\/wp.me\/P36zMW-i6","jetpack_sharing_enabled":true,"_links":{"self":[{"href":"https:\/\/paulocolmain.com\/index.php?rest_route=\/wp\/v2\/pages\/1122"}],"collection":[{"href":"https:\/\/paulocolmain.com\/index.php?rest_route=\/wp\/v2\/pages"}],"about":[{"href":"https:\/\/paulocolmain.com\/index.php?rest_route=\/wp\/v2\/types\/page"}],"author":[{"embeddable":true,"href":"https:\/\/paulocolmain.com\/index.php?rest_route=\/wp\/v2\/users\/1"}],"replies":[{"embeddable":true,"href":"https:\/\/paulocolmain.com\/index.php?rest_route=%2Fwp%2Fv2%2Fcomments&post=1122"}],"version-history":[{"count":2,"href":"https:\/\/paulocolmain.com\/index.php?rest_route=\/wp\/v2\/pages\/1122\/revisions"}],"predecessor-version":[{"id":1124,"href":"https:\/\/paulocolmain.com\/index.php?rest_route=\/wp\/v2\/pages\/1122\/revisions\/1124"}],"up":[{"embeddable":true,"href":"https:\/\/paulocolmain.com\/index.php?rest_route=\/wp\/v2\/pages\/485"}],"wp:attachment":[{"href":"https:\/\/paulocolmain.com\/index.php?rest_route=%2Fwp%2Fv2%2Fmedia&parent=1122"}],"curies":[{"name":"wp","href":"https:\/\/api.w.org\/{rel}","templated":true}]}}