{"id":1107,"date":"2012-04-06T12:17:27","date_gmt":"2012-04-06T12:17:27","guid":{"rendered":"https:\/\/paulocolmain.com\/?page_id=1107"},"modified":"2012-04-06T12:35:05","modified_gmt":"2012-04-06T12:35:05","slug":"august-2010","status":"publish","type":"page","link":"https:\/\/paulocolmain.com\/?page_id=1107","title":{"rendered":"August 2010"},"content":{"rendered":"<p><em>One of the most beautiful things about Summer are the roadside verges, bursting, overflowing with growth and texture and colour: the light greens and bright oranges of the mont bretia, the dark greens and carmine and scarlet of the fucshia, yellow flowers of buttercups, lotus and gorse, honey-white clouds of meadow-sweet, rambling roses, all purple and pink, so many more&#8230;<\/em><\/p>\n<p>Colour verge<\/p>\n<p>Roadside colour-haze:<br \/>\nswathes of rosy willowbay<br \/>\nsway, shimmeringly.<\/p>\n<p>(30\/08\/10)<\/p>\n<p>************<\/p>\n<p><em>Is there anything better (as Ratty used to say!) than simply messing about in boats? In this case, kayaks. The world floating by, serene and calm, your own world reduced (expanded?) to the space between the river banks, dragonflies filckering past, swallows swooping around you, a kingfisher darting off in a dead straight line somehwere fast, leaving only a memory of iridescence and a mental echo of his metallic &#8220;tnnnk&#8221;&#8230;&#8230;&#8230;.<\/em><\/p>\n<p>Quoile River<\/p>\n<p>Cupped lily flowers<br \/>\noverflow with golden light.<br \/>\nHerons stalk the banks.<\/p>\n<p>*****<\/p>\n<p>Grey abbey ruins<br \/>\nexude peace and ageless calm.<br \/>\nFork-tailed kite soars high.<\/p>\n<p>(23\/08\/10)<\/p>\n<p>************<\/p>\n<p><a href=\"https:\/\/paulocolmain.com\/wp-content\/uploads\/2012\/04\/Causeway-Coast1_journal.jpg\"><img loading=\"lazy\" class=\"aligncenter size-full wp-image-1110\" title=\"Causeway Coast sketch\/poem\" src=\"https:\/\/paulocolmain.com\/wp-content\/uploads\/2012\/04\/Causeway-Coast1_journal.jpg\" alt=\"Page from ireland journal, Paul P\u00f3l \u00f3 Colm\u00e1in, Giant's Causeway, Co.Antrim, drawing and haiku poem, d\u00e1n as Gaeilge, Cloch\u00e1n an Aiffir\" width=\"500\" height=\"344\" srcset=\"https:\/\/paulocolmain.com\/wp-content\/uploads\/2012\/04\/Causeway-Coast1_journal.jpg 500w, https:\/\/paulocolmain.com\/wp-content\/uploads\/2012\/04\/Causeway-Coast1_journal-300x206.jpg 300w\" sizes=\"(max-width: 500px) 100vw, 500px\" \/><\/a><\/p>\n<p><em>A page from my notebook, walking along the magnificent Giant&#8217;s Causeway Coastal Cliffs in Co.Antrim in glorious weather: the Mull of Kintyre and Islay so close you could almost reach out and touch them; the Paps of Jura, the mountains of Arran visible behind them; Ailsa Craig, with its gannet-whitened tops glistening in the sun, blending with the turbulent blue of the Sea of Moyle where the children of Lir spent three hundred tough years&#8230;.<\/em><\/p>\n<p>Cloch\u00e1n an Aifir<\/p>\n<p>I bhfiacla an ghaoth<br \/>\ngiort\u00e1ileann na failleanna<br \/>\nchol\u00fana\u2019 iad f\u00e9in.<\/p>\n<p><em>[In the gale\u2019s white teeth,<\/em><br \/>\n<em>the columned cliffs gird themselves,<\/em><br \/>\n<em>tightening tendons.]<\/em><\/p>\n<p>(16\/08\/10)<\/p>\n<p>************<\/p>\n<p><em>Ahh, at last, Summer reappears (however briefly!) the heat quite intense, evenings to sit, watch the birds swoop and nibble grass seeds and sip wine (that is, I&#8217;m sipping the wine, not the birds!!)<\/em><\/p>\n<p>Heat<\/p>\n<p>Swallows buzz the ash.<br \/>\nThe dense green, fly-buzzing shade<br \/>\nattracts panting sheep.<\/p>\n<p>(09\/08\/10)<\/p>\n<p>************<\/p>\n<p><em>August, gloriously bursting with fecundity! Everything lush and full, hidden, filled with birdsong and unknown rustlings, roads overshadowed, verges and hedges overgrown, flower-filled, seedpod-bursting; Reclaiming Nature.<\/em><\/p>\n<p>Backyard<\/p>\n<p>Riot of brambles<br \/>\nclimbs low-tide-rippled tin-roof.<br \/>\nA cat tiptoes by.<\/p>\n<p>(02\/08\/10)<\/p>\n<p>&nbsp;<\/p>\n","protected":false},"excerpt":{"rendered":"<p>One of the most beautiful things about Summer are the roadside verges, bursting, overflowing with growth and texture and colour: the light greens and bright oranges of the mont bretia, the dark greens and carmine and scarlet of the fucshia, &hellip; <a href=\"https:\/\/paulocolmain.com\/?page_id=1107\">Continue reading <span class=\"meta-nav\">&rarr;<\/span><\/a><\/p>\n","protected":false},"author":1,"featured_media":0,"parent":485,"menu_order":8,"comment_status":"closed","ping_status":"open","template":"","meta":{"ngg_post_thumbnail":0,"spay_email":""},"jetpack_shortlink":"https:\/\/wp.me\/P36zMW-hR","jetpack_sharing_enabled":true,"_links":{"self":[{"href":"https:\/\/paulocolmain.com\/index.php?rest_route=\/wp\/v2\/pages\/1107"}],"collection":[{"href":"https:\/\/paulocolmain.com\/index.php?rest_route=\/wp\/v2\/pages"}],"about":[{"href":"https:\/\/paulocolmain.com\/index.php?rest_route=\/wp\/v2\/types\/page"}],"author":[{"embeddable":true,"href":"https:\/\/paulocolmain.com\/index.php?rest_route=\/wp\/v2\/users\/1"}],"replies":[{"embeddable":true,"href":"https:\/\/paulocolmain.com\/index.php?rest_route=%2Fwp%2Fv2%2Fcomments&post=1107"}],"version-history":[{"count":5,"href":"https:\/\/paulocolmain.com\/index.php?rest_route=\/wp\/v2\/pages\/1107\/revisions"}],"predecessor-version":[{"id":1109,"href":"https:\/\/paulocolmain.com\/index.php?rest_route=\/wp\/v2\/pages\/1107\/revisions\/1109"}],"up":[{"embeddable":true,"href":"https:\/\/paulocolmain.com\/index.php?rest_route=\/wp\/v2\/pages\/485"}],"wp:attachment":[{"href":"https:\/\/paulocolmain.com\/index.php?rest_route=%2Fwp%2Fv2%2Fmedia&parent=1107"}],"curies":[{"name":"wp","href":"https:\/\/api.w.org\/{rel}","templated":true}]}}