{"id":1103,"date":"2012-04-06T11:48:00","date_gmt":"2012-04-06T11:48:00","guid":{"rendered":"https:\/\/paulocolmain.com\/?page_id=1103"},"modified":"2012-04-06T11:49:18","modified_gmt":"2012-04-06T11:49:18","slug":"july-2010","status":"publish","type":"page","link":"https:\/\/paulocolmain.com\/?page_id=1103","title":{"rendered":"July 2010"},"content":{"rendered":"<p><em>Tar \u00e9is na seachtain\u00ed \u00e1ille, ghrianmhara san, is deacair a mhalairt a ghlacadh go r\u00e9idh. <\/em><br \/>\n<em>After all those weeks of sun and warm breezes, it&#8217;s hard to take the return to &#8220;normal&#8221;&#8230;<\/em><\/p>\n<p>Im\u00edonn an Gleann<br \/>\ntaobh thiar cuirt\u00edn coirn\u00edn\u00ed.<br \/>\nDruideann an bh\u00e1isteach.<\/p>\n<p><em>[The Gleann disappears<\/em><br \/>\n<em>behind this beaded curtain.<\/em><br \/>\n<em>The rain closes in.]<\/em><\/p>\n<p>(26\/07\/10)<\/p>\n<p>************<br \/>\n<em>Summer of Discontent! The world is liquefied&#8230;and as usual, we\u2019re in denial!<\/em><\/p>\n<p>Rain-dripping window:<br \/>\n&#8220;For Sale. Large Gas Barbeque.<br \/>\nAs new. Never Used.&#8221;<\/p>\n<p>(19\/07\/10)<\/p>\n<p>************<\/p>\n<p><em>Tollymore, Connemara, still raining.<\/em><\/p>\n<p>Tea-brown river sings.<br \/>\nCream-foaming weir-harmonies<br \/>\nmurmur through the mist.<\/p>\n<p>(12\/07\/10)<\/p>\n<p>************<\/p>\n<p><em>Iomaidh Fheich\u00edn, Omey Island, Connemara, again, a gentle, warm breeze caresses the island.<\/em><\/p>\n<p>Omey&#8217;s soft, low slopes<br \/>\ndon&#8217;t hunch against the wind but<br \/>\nwelcome its embrace.<\/p>\n<p>(05\/07\/10)<\/p>\n","protected":false},"excerpt":{"rendered":"<p>Tar \u00e9is na seachtain\u00ed \u00e1ille, ghrianmhara san, is deacair a mhalairt a ghlacadh go r\u00e9idh. After all those weeks of sun and warm breezes, it&#8217;s hard to take the return to &#8220;normal&#8221;&#8230; Im\u00edonn an Gleann taobh thiar cuirt\u00edn coirn\u00edn\u00ed. Druideann &hellip; <a href=\"https:\/\/paulocolmain.com\/?page_id=1103\">Continue reading <span class=\"meta-nav\">&rarr;<\/span><\/a><\/p>\n","protected":false},"author":1,"featured_media":0,"parent":485,"menu_order":7,"comment_status":"closed","ping_status":"open","template":"","meta":{"ngg_post_thumbnail":0,"spay_email":""},"jetpack_shortlink":"https:\/\/wp.me\/P36zMW-hN","jetpack_sharing_enabled":true,"_links":{"self":[{"href":"https:\/\/paulocolmain.com\/index.php?rest_route=\/wp\/v2\/pages\/1103"}],"collection":[{"href":"https:\/\/paulocolmain.com\/index.php?rest_route=\/wp\/v2\/pages"}],"about":[{"href":"https:\/\/paulocolmain.com\/index.php?rest_route=\/wp\/v2\/types\/page"}],"author":[{"embeddable":true,"href":"https:\/\/paulocolmain.com\/index.php?rest_route=\/wp\/v2\/users\/1"}],"replies":[{"embeddable":true,"href":"https:\/\/paulocolmain.com\/index.php?rest_route=%2Fwp%2Fv2%2Fcomments&post=1103"}],"version-history":[{"count":3,"href":"https:\/\/paulocolmain.com\/index.php?rest_route=\/wp\/v2\/pages\/1103\/revisions"}],"predecessor-version":[{"id":1105,"href":"https:\/\/paulocolmain.com\/index.php?rest_route=\/wp\/v2\/pages\/1103\/revisions\/1105"}],"up":[{"embeddable":true,"href":"https:\/\/paulocolmain.com\/index.php?rest_route=\/wp\/v2\/pages\/485"}],"wp:attachment":[{"href":"https:\/\/paulocolmain.com\/index.php?rest_route=%2Fwp%2Fv2%2Fmedia&parent=1103"}],"curies":[{"name":"wp","href":"https:\/\/api.w.org\/{rel}","templated":true}]}}