{"id":1099,"date":"2012-04-06T11:01:12","date_gmt":"2012-04-06T11:01:12","guid":{"rendered":"https:\/\/paulocolmain.com\/?page_id=1099"},"modified":"2012-04-06T12:58:57","modified_gmt":"2012-04-06T12:58:57","slug":"june-2011","status":"publish","type":"page","link":"https:\/\/paulocolmain.com\/?page_id=1099","title":{"rendered":"June 2010"},"content":{"rendered":"<p><em>Iomaidh Fheich\u00edn, Omey Island, Connemara, and the sun is shining&#8230;what more could you want?<\/em><\/p>\n<p>These morning zephers<br \/>\nwaft notes of wild thyme sweetness.<br \/>\nPink granite basking.<\/p>\n<p>(28\/06\/10)<\/p>\n<p>***********<\/p>\n<p><em>Loch Eidhneach, ar \u00e1iteanna \u00e1ille an Domhain. Agus nuair a thaitn\u00edonn an ghrian&#8230;<\/em><\/p>\n<p>Pl\u00e9ascann an ghrian:<br \/>\n\u2018s n\u00ed \u201cBinn Dubh\u201d a thuilleadh<br \/>\nach \u201cBinn na Soilse\u201d.<\/p>\n<p>[ Honey light breaks through,<br \/>\nthe hill\u2019s \u201cBinn Dubh\u201d (the Black Mt.) no longer<br \/>\nbut \u201cMountain of Light\u201d.]<\/p>\n<p>(21\/06\/10)<\/p>\n<p>***********<\/p>\n<p><em>A visit to the d\u00edseart of Colm\u00e1n CillMacDuagh on the edge of the Burren, one of the special places.<\/em><\/p>\n<p>By the lichened well.<br \/>\ntway-blade hangs prayer-rag blossoms.<br \/>\nShy invocation.<\/p>\n<p>(14\/06\/10)<\/p>\n<p>***********<\/p>\n<p><em>Perfect Summer, glorious weather, beautiful time of year, love s in the air&#8230;<\/em><\/p>\n<p>Brush of fingertips<br \/>\nButterfly shower explodes<br \/>\nin velvet silence.<\/p>\n<p>(07\/06\/10)<\/p>\n","protected":false},"excerpt":{"rendered":"<p>Iomaidh Fheich\u00edn, Omey Island, Connemara, and the sun is shining&#8230;what more could you want? These morning zephers waft notes of wild thyme sweetness. Pink granite basking. (28\/06\/10) *********** Loch Eidhneach, ar \u00e1iteanna \u00e1ille an Domhain. Agus nuair a thaitn\u00edonn an &hellip; <a href=\"https:\/\/paulocolmain.com\/?page_id=1099\">Continue reading <span class=\"meta-nav\">&rarr;<\/span><\/a><\/p>\n","protected":false},"author":1,"featured_media":0,"parent":485,"menu_order":6,"comment_status":"closed","ping_status":"open","template":"","meta":{"ngg_post_thumbnail":0,"spay_email":""},"jetpack_shortlink":"https:\/\/wp.me\/P36zMW-hJ","jetpack_sharing_enabled":true,"_links":{"self":[{"href":"https:\/\/paulocolmain.com\/index.php?rest_route=\/wp\/v2\/pages\/1099"}],"collection":[{"href":"https:\/\/paulocolmain.com\/index.php?rest_route=\/wp\/v2\/pages"}],"about":[{"href":"https:\/\/paulocolmain.com\/index.php?rest_route=\/wp\/v2\/types\/page"}],"author":[{"embeddable":true,"href":"https:\/\/paulocolmain.com\/index.php?rest_route=\/wp\/v2\/users\/1"}],"replies":[{"embeddable":true,"href":"https:\/\/paulocolmain.com\/index.php?rest_route=%2Fwp%2Fv2%2Fcomments&post=1099"}],"version-history":[{"count":4,"href":"https:\/\/paulocolmain.com\/index.php?rest_route=\/wp\/v2\/pages\/1099\/revisions"}],"predecessor-version":[{"id":1127,"href":"https:\/\/paulocolmain.com\/index.php?rest_route=\/wp\/v2\/pages\/1099\/revisions\/1127"}],"up":[{"embeddable":true,"href":"https:\/\/paulocolmain.com\/index.php?rest_route=\/wp\/v2\/pages\/485"}],"wp:attachment":[{"href":"https:\/\/paulocolmain.com\/index.php?rest_route=%2Fwp%2Fv2%2Fmedia&parent=1099"}],"curies":[{"name":"wp","href":"https:\/\/api.w.org\/{rel}","templated":true}]}}