{"id":10754,"date":"2025-05-31T10:32:18","date_gmt":"2025-05-31T10:32:18","guid":{"rendered":"https:\/\/paulocolmain.com\/?page_id=10754"},"modified":"2025-05-31T10:32:33","modified_gmt":"2025-05-31T10:32:33","slug":"haiku-of-the-week-archives-may-2025","status":"publish","type":"page","link":"https:\/\/paulocolmain.com\/?page_id=10754","title":{"rendered":"Haiku of the Week Archives: May 2025"},"content":{"rendered":"<h3><em>An Garbsh\u00edon&#8230;?<\/em><\/h3>\n<h3 style=\"text-align: left;\">L\u00e1&nbsp; glas &#8211; gormliath.<br \/>\nB\u00e1isteach ag s\u00e9ideadh, liath.<br \/>\nGarbsh\u00edon d\u00e9anach.<\/h3>\n<h3 style=\"text-align: left;\">(30\/05\/25)<\/h3>\n<h3>*********************<\/h3>\n<h3><em>The hawthorn blossom peaks&#8230;<\/em><\/h3>\n<h3 style=\"text-align: left;\">Drifting like snowfall.<br \/>\nThe hawthorn shed their white weight.<br \/>\nTime for reds and pinks.<\/h3>\n<h3 style=\"text-align: left;\">(23\/05\/25)<\/h3>\n<h3>*********************<\/h3>\n<h3><em>Cannot get over the hawthorn&#8230;<\/em><\/h3>\n<h3 style=\"text-align: left;\">Fountains of blossom.<br \/>\nStill, like a time-stop film,<br \/>\nor animation.<\/h3>\n<h3 style=\"text-align: left;\">(16\/05\/25)<\/h3>\n<h3>*********************<\/h3>\n<h3><em>Hawthorn is stupendous this year&#8230;<\/em><\/h3>\n<h3 style=\"text-align: left;\">Hawthorn time again.<br \/>\ncreamy, white mantle rolled out,<br \/>\nover the country.<\/h3>\n<h3 style=\"text-align: left;\">(09\/05\/25)<\/h3>\n<h3>*********************<\/h3>\n<h3><em>T\u00e1 an samradh anseo&#8230;<\/em><\/h3>\n<h3 style=\"text-align: left;\">Gan aon ghleadhradh,<br \/>\nach i ndiaidh a ch\u00e9ile,<br \/>\nTarla\u00edonn samhradh.<\/h3>\n<h3 style=\"text-align: left;\">(02\/05\/25)<\/h3>\n","protected":false},"excerpt":{"rendered":"<p>An Garbsh\u00edon&#8230;? L\u00e1&nbsp; glas &#8211; gormliath. B\u00e1isteach ag s\u00e9ideadh, liath. Garbsh\u00edon d\u00e9anach. (30\/05\/25) ********************* The hawthorn blossom peaks&#8230; Drifting like snowfall. The hawthorn shed their white weight. Time for reds and pinks. (23\/05\/25) ********************* Cannot get over the hawthorn&#8230; Fountains &hellip; <a href=\"https:\/\/paulocolmain.com\/?page_id=10754\">Continue reading <span class=\"meta-nav\">&rarr;<\/span><\/a><\/p>\n","protected":false},"author":1,"featured_media":0,"parent":10083,"menu_order":5,"comment_status":"closed","ping_status":"closed","template":"","meta":{"ngg_post_thumbnail":0,"spay_email":""},"jetpack_shortlink":"https:\/\/wp.me\/P36zMW-2Ns","jetpack_sharing_enabled":true,"_links":{"self":[{"href":"https:\/\/paulocolmain.com\/index.php?rest_route=\/wp\/v2\/pages\/10754"}],"collection":[{"href":"https:\/\/paulocolmain.com\/index.php?rest_route=\/wp\/v2\/pages"}],"about":[{"href":"https:\/\/paulocolmain.com\/index.php?rest_route=\/wp\/v2\/types\/page"}],"author":[{"embeddable":true,"href":"https:\/\/paulocolmain.com\/index.php?rest_route=\/wp\/v2\/users\/1"}],"replies":[{"embeddable":true,"href":"https:\/\/paulocolmain.com\/index.php?rest_route=%2Fwp%2Fv2%2Fcomments&post=10754"}],"version-history":[{"count":1,"href":"https:\/\/paulocolmain.com\/index.php?rest_route=\/wp\/v2\/pages\/10754\/revisions"}],"predecessor-version":[{"id":10755,"href":"https:\/\/paulocolmain.com\/index.php?rest_route=\/wp\/v2\/pages\/10754\/revisions\/10755"}],"up":[{"embeddable":true,"href":"https:\/\/paulocolmain.com\/index.php?rest_route=\/wp\/v2\/pages\/10083"}],"wp:attachment":[{"href":"https:\/\/paulocolmain.com\/index.php?rest_route=%2Fwp%2Fv2%2Fmedia&parent=10754"}],"curies":[{"name":"wp","href":"https:\/\/api.w.org\/{rel}","templated":true}]}}