{"id":1002,"date":"2012-04-04T11:37:53","date_gmt":"2012-04-04T11:37:53","guid":{"rendered":"https:\/\/paulocolmain.com\/?page_id=1002"},"modified":"2019-01-28T18:11:52","modified_gmt":"2019-01-28T18:11:52","slug":"france","status":"publish","type":"page","link":"https:\/\/paulocolmain.com\/?page_id=1002","title":{"rendered":"Anseo is ans\u00faid: Here and there"},"content":{"rendered":"<p>Sceits\u00ed \u00e9ags\u00fala \u00f3 mo leabhair n\u00f3ta\u00ed&#8230;some sketches from various journals&#8230;.Charleston, France, the Wee North, etc&#8230;.<\/p>\n<p class=\"jetpack-slideshow-noscript robots-nocontent\">This slideshow requires JavaScript.<\/p><div id=\"gallery-1002-1-slideshow\" class=\"slideshow-window jetpack-slideshow slideshow-black\" data-trans=\"fade\" data-autostart=\"1\" data-gallery=\"[{&quot;src&quot;:&quot;https:\\\/\\\/paulocolmain.com\\\/wp-content\\\/uploads\\\/2018\\\/12\\\/Windy-Mt-Pleasant-marsh_opt.jpg&quot;,&quot;id&quot;:&quot;3263&quot;,&quot;title&quot;:&quot;Windy Mt Pleasant marsh_opt&quot;,&quot;alt&quot;:&quot;&quot;,&quot;caption&quot;:&quot;Windy day, Mt Pleasant, Charleston SC&quot;,&quot;itemprop&quot;:&quot;image&quot;},{&quot;src&quot;:&quot;https:\\\/\\\/paulocolmain.com\\\/wp-content\\\/uploads\\\/2018\\\/12\\\/un-panier-fenetre_opt.jpg&quot;,&quot;id&quot;:&quot;3262&quot;,&quot;title&quot;:&quot;un panier, fenetre_opt&quot;,&quot;alt&quot;:&quot;&quot;,&quot;caption&quot;:&quot;du panier dans la fen\\u00eatre&quot;,&quot;itemprop&quot;:&quot;image&quot;},{&quot;src&quot;:&quot;https:\\\/\\\/paulocolmain.com\\\/wp-content\\\/uploads\\\/2018\\\/12\\\/Carnlough-chimneys_opt.jpg&quot;,&quot;id&quot;:&quot;3251&quot;,&quot;title&quot;:&quot;Carnlough chimneys_opt&quot;,&quot;alt&quot;:&quot;&quot;,&quot;caption&quot;:&quot;Carnlough chimney pots&quot;,&quot;itemprop&quot;:&quot;image&quot;},{&quot;src&quot;:&quot;https:\\\/\\\/paulocolmain.com\\\/wp-content\\\/uploads\\\/2018\\\/12\\\/Rosslare_opt.jpg&quot;,&quot;id&quot;:&quot;3261&quot;,&quot;title&quot;:&quot;Rosslare_opt&quot;,&quot;alt&quot;:&quot;&quot;,&quot;caption&quot;:&quot;lighthouse, Rosslare&quot;,&quot;itemprop&quot;:&quot;image&quot;},{&quot;src&quot;:&quot;https:\\\/\\\/paulocolmain.com\\\/wp-content\\\/uploads\\\/2018\\\/12\\\/on-board_opt.jpg&quot;,&quot;id&quot;:&quot;3260&quot;,&quot;title&quot;:&quot;on board_opt&quot;,&quot;alt&quot;:&quot;&quot;,&quot;caption&quot;:&quot;\\u00e0 bord, en arrivant \\u00e0 Cherbourg&quot;,&quot;itemprop&quot;:&quot;image&quot;},{&quot;src&quot;:&quot;https:\\\/\\\/paulocolmain.com\\\/wp-content\\\/uploads\\\/2018\\\/12\\\/Margarets-marsh_opt.jpg&quot;,&quot;id&quot;:&quot;3259&quot;,&quot;title&quot;:&quot;\\u0026#8216;s marsh_opt&quot;,&quot;alt&quot;:&quot;&quot;,&quot;caption&quot;:&quot;Maggie\\u0026#8217;s marsh&quot;,&quot;itemprop&quot;:&quot;image&quot;},{&quot;src&quot;:&quot;https:\\\/\\\/paulocolmain.com\\\/wp-content\\\/uploads\\\/2018\\\/12\\\/leaving-Rosslare_opt.jpg&quot;,&quot;id&quot;:&quot;3257&quot;,&quot;title&quot;:&quot;leaving Rosslare_opt&quot;,&quot;alt&quot;:&quot;&quot;,&quot;caption&quot;:&quot;leaving Rosslare&quot;,&quot;itemprop&quot;:&quot;image&quot;},{&quot;src&quot;:&quot;https:\\\/\\\/paulocolmain.com\\\/wp-content\\\/uploads\\\/2018\\\/12\\\/Land-ho-France_opt.jpg&quot;,&quot;id&quot;:&quot;3256&quot;,&quot;title&quot;:&quot;Land ho! France_opt&quot;,&quot;alt&quot;:&quot;&quot;,&quot;caption&quot;:&quot;Land ho! France&quot;,&quot;itemprop&quot;:&quot;image&quot;},{&quot;src&quot;:&quot;https:\\\/\\\/paulocolmain.com\\\/wp-content\\\/uploads\\\/2018\\\/12\\\/mail-box_opt.jpg&quot;,&quot;id&quot;:&quot;3258&quot;,&quot;title&quot;:&quot;mail box_opt&quot;,&quot;alt&quot;:&quot;&quot;,&quot;caption&quot;:&quot;&quot;,&quot;itemprop&quot;:&quot;image&quot;},{&quot;src&quot;:&quot;https:\\\/\\\/paulocolmain.com\\\/wp-content\\\/uploads\\\/2018\\\/12\\\/house_opt.jpg&quot;,&quot;id&quot;:&quot;3255&quot;,&quot;title&quot;:&quot;house_opt&quot;,&quot;alt&quot;:&quot;&quot;,&quot;caption&quot;:&quot;maison ancienne&quot;,&quot;itemprop&quot;:&quot;image&quot;},{&quot;src&quot;:&quot;https:\\\/\\\/paulocolmain.com\\\/wp-content\\\/uploads\\\/2019\\\/01\\\/Blue-ink-Scan_opt.jpg&quot;,&quot;id&quot;:&quot;3284&quot;,&quot;title&quot;:&quot;Blue ink Scan_opt&quot;,&quot;alt&quot;:&quot;&quot;,&quot;caption&quot;:&quot;Tragarriff, blue ink&quot;,&quot;itemprop&quot;:&quot;image&quot;},{&quot;src&quot;:&quot;https:\\\/\\\/paulocolmain.com\\\/wp-content\\\/uploads\\\/2018\\\/12\\\/Fair-Head_opt.jpg&quot;,&quot;id&quot;:&quot;3254&quot;,&quot;title&quot;:&quot;Fair Head_opt&quot;,&quot;alt&quot;:&quot;&quot;,&quot;caption&quot;:&quot;Fair Head&quot;,&quot;itemprop&quot;:&quot;image&quot;},{&quot;src&quot;:&quot;https:\\\/\\\/paulocolmain.com\\\/wp-content\\\/uploads\\\/2018\\\/12\\\/Dunmore-East-lighthouse_opt.jpg&quot;,&quot;id&quot;:&quot;3253&quot;,&quot;title&quot;:&quot;Dunmore East lighthouse_opt&quot;,&quot;alt&quot;:&quot;&quot;,&quot;caption&quot;:&quot;Dunmore East light&quot;,&quot;itemprop&quot;:&quot;image&quot;},{&quot;src&quot;:&quot;https:\\\/\\\/paulocolmain.com\\\/wp-content\\\/uploads\\\/2018\\\/12\\\/Copper-still-Bushmills_opt.jpg&quot;,&quot;id&quot;:&quot;3252&quot;,&quot;title&quot;:&quot;Copper still, Bushmills_opt&quot;,&quot;alt&quot;:&quot;&quot;,&quot;caption&quot;:&quot;&quot;,&quot;itemprop&quot;:&quot;image&quot;},{&quot;src&quot;:&quot;https:\\\/\\\/paulocolmain.com\\\/wp-content\\\/uploads\\\/2018\\\/12\\\/arriving-at-Cherbourg_opt.jpg&quot;,&quot;id&quot;:&quot;3250&quot;,&quot;title&quot;:&quot;arriving at Cherbourg_opt&quot;,&quot;alt&quot;:&quot;&quot;,&quot;caption&quot;:&quot;Arriving in Cherbourg, France&quot;,&quot;itemprop&quot;:&quot;image&quot;},{&quot;src&quot;:&quot;https:\\\/\\\/paulocolmain.com\\\/wp-content\\\/uploads\\\/2019\\\/01\\\/Cat-Scan_opt.jpg&quot;,&quot;id&quot;:&quot;3285&quot;,&quot;title&quot;:&quot;Cat Scan_opt&quot;,&quot;alt&quot;:&quot;&quot;,&quot;caption&quot;:&quot;Cat scan!&quot;,&quot;itemprop&quot;:&quot;image&quot;},{&quot;src&quot;:&quot;https:\\\/\\\/paulocolmain.com\\\/wp-content\\\/uploads\\\/2019\\\/01\\\/Clare-Clew_opt.jpg&quot;,&quot;id&quot;:&quot;3286&quot;,&quot;title&quot;:&quot;Clare Clew_opt&quot;,&quot;alt&quot;:&quot;&quot;,&quot;caption&quot;:&quot;Clare Island \\u0026#038; Clew Bay&quot;,&quot;itemprop&quot;:&quot;image&quot;}]\" itemscope itemtype=\"https:\/\/schema.org\/ImageGallery\"><\/div>\n\n\n<p><\/p>\n","protected":false},"excerpt":{"rendered":"<p>Sceits\u00ed \u00e9ags\u00fala \u00f3 mo leabhair n\u00f3ta\u00ed&#8230;some sketches from various journals&#8230;.Charleston, France, the Wee North, etc&#8230;.<\/p>\n","protected":false},"author":1,"featured_media":0,"parent":1215,"menu_order":5,"comment_status":"closed","ping_status":"open","template":"","meta":{"ngg_post_thumbnail":0,"spay_email":""},"jetpack_shortlink":"https:\/\/wp.me\/P36zMW-ga","jetpack_sharing_enabled":true,"_links":{"self":[{"href":"https:\/\/paulocolmain.com\/index.php?rest_route=\/wp\/v2\/pages\/1002"}],"collection":[{"href":"https:\/\/paulocolmain.com\/index.php?rest_route=\/wp\/v2\/pages"}],"about":[{"href":"https:\/\/paulocolmain.com\/index.php?rest_route=\/wp\/v2\/types\/page"}],"author":[{"embeddable":true,"href":"https:\/\/paulocolmain.com\/index.php?rest_route=\/wp\/v2\/users\/1"}],"replies":[{"embeddable":true,"href":"https:\/\/paulocolmain.com\/index.php?rest_route=%2Fwp%2Fv2%2Fcomments&post=1002"}],"version-history":[{"count":7,"href":"https:\/\/paulocolmain.com\/index.php?rest_route=\/wp\/v2\/pages\/1002\/revisions"}],"predecessor-version":[{"id":3392,"href":"https:\/\/paulocolmain.com\/index.php?rest_route=\/wp\/v2\/pages\/1002\/revisions\/3392"}],"up":[{"embeddable":true,"href":"https:\/\/paulocolmain.com\/index.php?rest_route=\/wp\/v2\/pages\/1215"}],"wp:attachment":[{"href":"https:\/\/paulocolmain.com\/index.php?rest_route=%2Fwp%2Fv2%2Fmedia&parent=1002"}],"curies":[{"name":"wp","href":"https:\/\/api.w.org\/{rel}","templated":true}]}}